{"id":737233,"date":"2025-08-27T23:24:11","date_gmt":"2025-08-27T20:24:11","guid":{"rendered":"https:\/\/roveyayinevi.com.tr\/index.php\/urun\/hayati-sessize-alma-vakti\/"},"modified":"2026-04-08T02:55:13","modified_gmt":"2026-04-07T23:55:13","slug":"hayati-sessize-alma-vakti","status":"publish","type":"product","link":"https:\/\/roveyayinevi.com.tr\/index.php\/urun\/hayati-sessize-alma-vakti\/","title":{"rendered":"Hayat\u0131 Sessize Alma Vakti"},"content":{"rendered":"<p>HER YERE YET\u0130\u015eMEYE \u00c7ALI\u015eIRKEN H\u0130\u00c7B\u0130R YERE ZAMANINDA VARAMADIK. EN K\u00d6T\u00dcS\u00dc DE KEND\u0130M\u0130ZE GE\u00c7 KALDIK.   Bazen k\u0131sa bir mola, \u00e7ok daha uzun yollar y\u00fcr\u00fcmeye haz\u0131rlar insan\u0131&#8230; Durmamak, ara vermemek ve hi\u00e7 h\u0131z kesmemek daha \u00e7ok \u015fey kaybettirir. Sadece birka\u00e7 dakika bile olsa hayat\u0131 sessize almay\u0131 ba\u015farabilirsen, \u015fik\u00e2yet etti\u011fin her \u015fey de\u011fi\u015fecek. \u00c7\u00f6z\u00fcms\u00fcz g\u00fcr\u00fclt\u00fcler sustu\u011funda ilham dolu f\u0131s\u0131lt\u0131lar ba\u015flayacak. Ya\u015famak ba\u015fl\u0131 ba\u015f\u0131na bir gizemdir, sessizli\u011fin de arkas\u0131nda b\u00fcy\u00fck bir gizem sakl\u0131&#8230; Kendine rehberlik et ve biraz inzivaya \u00e7ekilip sessizlikten g\u00fc\u00e7 al. S\u0131rt\u0131ndaki y\u00fcklerden, zihnini buland\u0131ran d\u00fc\u015f\u00fcncelerden, seni sana gurbette b\u0131rakan her \u015feyden uzakla\u015f. Her \u015feye format atma \u015fans\u0131 ver. Kendinle ba\u015f ba\u015fa kalmak korkutucu oldu\u011fu kadar heyecan vericidir de&#8230; Belki hi\u00e7 ho\u015funa gitmeyecek \u015feyler de \u00e7\u0131kacak kar\u015f\u0131na ama emin ol seni sana hayran b\u0131rakacak \u015feyler de bulacaks\u0131n. HAYATI SESS\u0130ZE ALMANIN TAM VAKT\u0130. Yol Senin \u0130\u00e7inde ve Pes Etme Mucizeler Yolda adl\u0131 \u00e7ok satan ki\u015fisel geli\u015fim kitaplar\u0131n\u0131n yazar\u0131 Kinsun, bu kez sessizli\u011fin yarat\u0131c\u0131 g\u00fcc\u00fcyle bulu\u015fturuyor okurunu. <\/p>\n","protected":false},"excerpt":{"rendered":"<p>HER YERE YET\u0130\u015eMEYE \u00c7ALI\u015eIRKEN H\u0130\u00c7B\u0130R YERE ZAMANINDA VARAMADIK. EN K\u00d6T\u00dcS\u00dc DE KEND\u0130M\u0130ZE GE\u00c7 KALDIK. Bazen k\u0131sa bir mola, \u00e7ok daha uzun yollar y\u00fcr\u00fcmeye haz\u0131rlar insan\u0131&#8230; Durmamak,<span class=\"excerpt-hellip\"> [\u2026]<\/span><\/p>\n","protected":false},"featured_media":0,"template":"","meta":{"_monsterinsights_skip_tracking":false,"_monsterinsights_sitenote_active":false,"_monsterinsights_sitenote_note":"","_monsterinsights_sitenote_category":0},"product_brand":[],"product_cat":[12364,12376],"product_tag":[],"class_list":{"0":"post-737233","1":"product","2":"type-product","3":"status-publish","5":"product_cat-genel-konular","6":"product_cat-kisisel-gelisim","7":"pa_cilt-ciltsiz","8":"pa_tur-kitap","9":"pa_yayinevi-destek-yayinlari","10":"pa_yazar-kinsun","12":"first","13":"instock","14":"sale","15":"shipping-taxable","16":"purchasable","17":"product-type-simple"},"_links":{"self":[{"href":"https:\/\/roveyayinevi.com.tr\/index.php\/wp-json\/wp\/v2\/product\/737233","targetHints":{"allow":["GET"]}}],"collection":[{"href":"https:\/\/roveyayinevi.com.tr\/index.php\/wp-json\/wp\/v2\/product"}],"about":[{"href":"https:\/\/roveyayinevi.com.tr\/index.php\/wp-json\/wp\/v2\/types\/product"}],"wp:attachment":[{"href":"https:\/\/roveyayinevi.com.tr\/index.php\/wp-json\/wp\/v2\/media?parent=737233"}],"wp:term":[{"taxonomy":"product_brand","embeddable":true,"href":"https:\/\/roveyayinevi.com.tr\/index.php\/wp-json\/wp\/v2\/product_brand?post=737233"},{"taxonomy":"product_cat","embeddable":true,"href":"https:\/\/roveyayinevi.com.tr\/index.php\/wp-json\/wp\/v2\/product_cat?post=737233"},{"taxonomy":"product_tag","embeddable":true,"href":"https:\/\/roveyayinevi.com.tr\/index.php\/wp-json\/wp\/v2\/product_tag?post=737233"}],"curies":[{"name":"wp","href":"https:\/\/api.w.org\/{rel}","templated":true}]}}