{"id":737230,"date":"2025-08-27T23:24:08","date_gmt":"2025-08-27T20:24:08","guid":{"rendered":"https:\/\/roveyayinevi.com.tr\/index.php\/urun\/ankara-arastirmalari-dergisi-c9-s2\/"},"modified":"2026-04-16T02:46:42","modified_gmt":"2026-04-15T23:46:42","slug":"ankara-arastirmalari-dergisi-c9-s2","status":"publish","type":"product","link":"https:\/\/roveyayinevi.com.tr\/index.php\/urun\/ankara-arastirmalari-dergisi-c9-s2\/","title":{"rendered":"Ankara Ara\u015ft\u0131rmalar\u0131 Dergisi C9.S2"},"content":{"rendered":"<p>\u0130lk makale, Ankara\u2019n\u0131n Ulus ve K\u0131z\u0131lay kent merkezleri ve yak\u0131n \u00e7evresinde meydana gelen d\u00f6n\u00fc\u015f\u00fcm\u00fcn,  sokak ve cadde g\u00f6r\u00fcn\u00fcmlerinin g\u00f6rsel estetik kalitesine etkisini ele almaktad\u0131r. Derginin ikinci makalesi,  Ankara\u2019n\u0131n tarih\u00ee semtlerinden Ankara Kalesi ve \u00e7evresini hedonik fiyat modeliyle incelemekte; bu semte yak\u0131nl\u0131\u011f\u0131n konut fiyatlar\u0131na etkisini \u00f6l\u00e7erek kentsel tasar\u0131m ve planlama \u00e7al\u0131\u015fmalar\u0131na farkl\u0131 bir bak\u0131\u015f a\u00e7\u0131s\u0131yla katk\u0131da bulunmaktad\u0131r.   Say\u0131da yer alan di\u011fer bir makalede at\u0131k emek\u00e7ilerinin g\u00fcndelik ya\u015famda kar\u015f\u0131la\u015ft\u0131klar\u0131 zorluklar\u0131n neler oldu\u011fu, kente dair deneyim ve aidiyetlerine ili\u015fkin ne t\u00fcr yans\u0131malar ve psikososyal etkilerin geli\u015fti\u011fi;   Alt\u0131nda\u011f, \u00c7ankaya ve Ke\u00e7i\u00f6ren gibi 3 metropol il\u00e7e \u00f6rne\u011finde incelemektedir.    Alt\u0131nda\u011f il\u00e7esinde ya\u015fayan Suriyelilerle yap\u0131lan m\u00fclakatlar arac\u0131l\u0131\u011f\u0131yla, m\u00fcltecilerin kar\u015f\u0131la\u015ft\u0131klar\u0131 sosyal d\u0131\u015flanma mekanizmalar\u0131n\u0131n neler oldu\u011funu ara\u015ft\u0131ran ve bunlara y\u00f6nelik geli\u015ftirdikleri direnme bi\u00e7imi olan \u201ctaktikler\u201d analiz eden makalenin ard\u0131ndan derginin bir di\u011fer makalesi ise Romanlar ve Irakl\u0131lar\u0131n yan\u0131 s\u0131ra yerel halk\u0131n da yo\u011funlukla bulundu\u011fu Demirlibah\u00e7e Mahallesi\u2019ndeki d\u00f6rt farkl\u0131 soka\u011fa odaklanmakta. \u00c7al\u0131\u015fma ilk olarak bu sokaklarda ger\u00e7ekle\u015fen mek\u00e2n \u00fcretimi pratiklerinin sosyal uyumu yerel \u00f6l\u00e7ekte nas\u0131l sekteye u\u011fratt\u0131\u011f\u0131n\u0131; ikinci olarak g\u00f6\u00e7menlerin mek\u00e2nsal pratiklerinin, aidiyet olu\u015fumuna etkisini ve g\u00f6\u00e7menlerle yerel halk aras\u0131ndaki sosyal uyuma katk\u0131s\u0131n\u0131 tart\u0131\u015fmaktad\u0131r.   Akyurt Kalaba T\u00fcm\u00fcl\u00fcs\u00fc&#8217;nde ger\u00e7ekle\u015ftirilen kaz\u0131larda ortaya \u00e7\u0131kar\u0131lan insan kal\u0131nt\u0131lar\u0131n\u0131 inceleyen ve arkeolojik unsurlar ile birlikte t\u00fcm bulgular\u0131n \u00f6l\u00fcm uygulamalar\u0131 ba\u011flam\u0131nda de\u011ferlendirmesini yapan bir di\u011fer ara\u015ft\u0131rma ise biyoarkeolojik ve arkeolojik bulgular\u0131n birlikte ele alarak bu alandaki \u00e7al\u0131\u015fmalara \u00f6nc\u00fc olmaktad\u0131r.   K\u0131z\u0131lay b\u00f6lgesinde konumlanm\u0131\u015f 1960 \u00f6ncesi \u00fc\u00e7 konut yap\u0131s\u0131n\u0131n, ge\u00e7mi\u015fteki ve g\u00fcn\u00fcm\u00fczdeki hallerine y\u00f6nelik de\u011fi\u015fimlerin neler oldu\u011funu ortaya koyan ve bu yap\u0131lar\u0131n mimari de\u011ferlerinin s\u00fcrd\u00fcr\u00fclebilmesi i\u00e7in \u00f6neriler getiren di\u011fer bir \u00e7al\u0131\u015fman\u0131n da kent y\u00f6netimi ba\u011flam\u0131nda al\u0131nabilecek kararlara referans olaca\u011f\u0131 \u00fcmit edilmektedir.     Mek\u00e2nsal ba\u011flant\u0131sall\u0131k, \u00e7e\u015fitli kentsel \u00e7evresel zorluklar ve kentsel yay\u0131lma ba\u011flamlar\u0131nda 19. y\u00fczy\u0131lda Ankara\u2019n\u0131n kapsaml\u0131 bir kentsel \u00e7evre tarihini ortaya koyan bir \u00e7al\u0131\u015fman\u0131n ard\u0131ndan dergide yer alan son makalede kentin otob\u00fcs sisteminin hizmet kalitesi ele al\u0131nmakta ve bu kalitenin art\u0131r\u0131lmas\u0131 i\u00e7in \u00f6neriler getirilmektedir.     G\u00f6r\u00fc\u015f yaz\u0131lar\u0131 b\u00f6l\u00fcm\u00fcnde yer verilen yaz\u0131da ise varl\u0131\u011f\u0131n\u0131 \u00e7ok az ki\u015finin bildi\u011fi K\u0131rkg\u00f6z Kaptaj\u0131\u2019na ili\u015fkin bulunabilen tarih\u00ee belgeler ile kaptaj sahas\u0131nda yap\u0131lan g\u00fcncel g\u00f6zlemler sunulmakta; Ankara tarihinde \u00f6nemli bir yeri oldu\u011fu d\u00fc\u015f\u00fcn\u00fclen bu yeralt\u0131 suyunun yeniden \u015fehre kazand\u0131r\u0131lmas\u0131 g\u00fcndeme getirilmektedir.  <\/p>\n","protected":false},"excerpt":{"rendered":"<p>\u0130lk makale, Ankara\u2019n\u0131n Ulus ve K\u0131z\u0131lay kent merkezleri ve yak\u0131n \u00e7evresinde meydana gelen d\u00f6n\u00fc\u015f\u00fcm\u00fcn, sokak ve cadde g\u00f6r\u00fcn\u00fcmlerinin g\u00f6rsel estetik kalitesine etkisini ele almaktad\u0131r. Derginin ikinci<span class=\"excerpt-hellip\"> [\u2026]<\/span><\/p>\n","protected":false},"featured_media":0,"template":"","meta":{"_monsterinsights_skip_tracking":false,"_monsterinsights_sitenote_active":false,"_monsterinsights_sitenote_note":"","_monsterinsights_sitenote_category":0},"product_brand":[],"product_cat":[13527],"product_tag":[],"class_list":{"0":"post-737230","1":"product","2":"type-product","3":"status-publish","5":"product_cat-sureli-yayinlar","6":"pa_cilt-ciltsiz","7":"pa_tur-dergi","8":"pa_yayinevi-vekam-koc-universitesi-vehbi-koc-ankara-arastirmalari-uygulama-ve-arastirma-merkezi","9":"pa_yazar-vekam-kolektif","11":"first","12":"instock","13":"sale","14":"shipping-taxable","15":"purchasable","16":"product-type-simple"},"_links":{"self":[{"href":"https:\/\/roveyayinevi.com.tr\/index.php\/wp-json\/wp\/v2\/product\/737230","targetHints":{"allow":["GET"]}}],"collection":[{"href":"https:\/\/roveyayinevi.com.tr\/index.php\/wp-json\/wp\/v2\/product"}],"about":[{"href":"https:\/\/roveyayinevi.com.tr\/index.php\/wp-json\/wp\/v2\/types\/product"}],"wp:attachment":[{"href":"https:\/\/roveyayinevi.com.tr\/index.php\/wp-json\/wp\/v2\/media?parent=737230"}],"wp:term":[{"taxonomy":"product_brand","embeddable":true,"href":"https:\/\/roveyayinevi.com.tr\/index.php\/wp-json\/wp\/v2\/product_brand?post=737230"},{"taxonomy":"product_cat","embeddable":true,"href":"https:\/\/roveyayinevi.com.tr\/index.php\/wp-json\/wp\/v2\/product_cat?post=737230"},{"taxonomy":"product_tag","embeddable":true,"href":"https:\/\/roveyayinevi.com.tr\/index.php\/wp-json\/wp\/v2\/product_tag?post=737230"}],"curies":[{"name":"wp","href":"https:\/\/api.w.org\/{rel}","templated":true}]}}