{"id":737226,"date":"2025-08-27T23:23:29","date_gmt":"2025-08-27T20:23:29","guid":{"rendered":"https:\/\/roveyayinevi.com.tr\/index.php\/urun\/buyuyunce-ne-olacagim\/"},"modified":"2025-09-29T03:10:00","modified_gmt":"2025-09-29T00:10:00","slug":"buyuyunce-ne-olacagim","status":"publish","type":"product","link":"https:\/\/roveyayinevi.com.tr\/index.php\/urun\/buyuyunce-ne-olacagim\/","title":{"rendered":"B\u00fcy\u00fcy\u00fcnce Ne Olaca\u011f\u0131m?"},"content":{"rendered":"<p>Benim teyzem arkeolog. Topra\u011f\u0131n alt\u0131nda g\u00f6m\u00fcl\u00fc uygarl\u0131klar\u0131 ara\u015ft\u0131r\u0131r. Kaz\u0131lara kat\u0131l\u0131r.  Elinde f\u0131r\u00e7as\u0131yla bulduklar\u0131n\u0131 dikkatlice temizler. K\u0131r\u0131k par\u00e7alar\u0131 toplar, bir araya getirir. Onun i\u015fi zor, \u00e7ok sab\u0131r ister. Bense hi\u00e7 yerimde duramam, i\u00e7im hep k\u0131p\u0131r k\u0131p\u0131r.   B\u00fcy\u00fcy\u00fcnce ne olaca\u011f\u0131m\u0131z\u0131 d\u00fc\u015f\u00fcnmek, nas\u0131l bir hayat\u0131m\u0131z olaca\u011f\u0131n\u0131 da merak etmek de\u011fil mi? Peki siz nelere ilgi duyuyorsunuz? Nelerin sizi mutlu edece\u011fini d\u00fc\u015f\u00fcn\u00fcyorsunuz? Hadi, gelece\u011fimizi birlikte d\u00fc\u015fleyelim! \u00c7ocuk yaz\u0131n\u0131m\u0131z\u0131n sevilen kalemlerinden Filiz \u00d6zdem b\u00fcy\u00fcme ser\u00fcveninde kar\u015f\u0131la\u015ft\u0131\u011f\u0131m\u0131z en d\u00fc\u015f\u00fcnd\u00fcr\u00fcc\u00fc sorular\u0131ndan birine yan\u0131t ararken, binlerce kitaba resimleriyle hayat veren Mustafa Delio\u011flu bu sevimli hik\u00e2yeye e\u015flik ediyor. <\/p>\n","protected":false},"excerpt":{"rendered":"<p>Benim teyzem arkeolog. Topra\u011f\u0131n alt\u0131nda g\u00f6m\u00fcl\u00fc uygarl\u0131klar\u0131 ara\u015ft\u0131r\u0131r. Kaz\u0131lara kat\u0131l\u0131r. Elinde f\u0131r\u00e7as\u0131yla bulduklar\u0131n\u0131 dikkatlice temizler. K\u0131r\u0131k par\u00e7alar\u0131 toplar, bir araya getirir. Onun i\u015fi zor, \u00e7ok sab\u0131r<span class=\"excerpt-hellip\"> [\u2026]<\/span><\/p>\n","protected":false},"featured_media":0,"template":"","meta":{"_monsterinsights_skip_tracking":false,"_monsterinsights_sitenote_active":false,"_monsterinsights_sitenote_note":"","_monsterinsights_sitenote_category":0},"product_brand":[],"product_cat":[12274,12284],"product_tag":[],"class_list":{"0":"post-737226","1":"product","2":"type-product","3":"status-publish","5":"product_cat-cocuk-ve-genclik-kitaplari","6":"product_cat-hikayeler","7":"pa_cilt-ciltsiz","8":"pa_tur-kitap","9":"pa_yayinevi-yapi-kredi-yayinlari","10":"pa_yazar-filiz-ozdem","12":"first","13":"instock","14":"sale","15":"shipping-taxable","16":"purchasable","17":"product-type-simple"},"_links":{"self":[{"href":"https:\/\/roveyayinevi.com.tr\/index.php\/wp-json\/wp\/v2\/product\/737226","targetHints":{"allow":["GET"]}}],"collection":[{"href":"https:\/\/roveyayinevi.com.tr\/index.php\/wp-json\/wp\/v2\/product"}],"about":[{"href":"https:\/\/roveyayinevi.com.tr\/index.php\/wp-json\/wp\/v2\/types\/product"}],"wp:attachment":[{"href":"https:\/\/roveyayinevi.com.tr\/index.php\/wp-json\/wp\/v2\/media?parent=737226"}],"wp:term":[{"taxonomy":"product_brand","embeddable":true,"href":"https:\/\/roveyayinevi.com.tr\/index.php\/wp-json\/wp\/v2\/product_brand?post=737226"},{"taxonomy":"product_cat","embeddable":true,"href":"https:\/\/roveyayinevi.com.tr\/index.php\/wp-json\/wp\/v2\/product_cat?post=737226"},{"taxonomy":"product_tag","embeddable":true,"href":"https:\/\/roveyayinevi.com.tr\/index.php\/wp-json\/wp\/v2\/product_tag?post=737226"}],"curies":[{"name":"wp","href":"https:\/\/api.w.org\/{rel}","templated":true}]}}