{"id":737225,"date":"2025-08-27T23:23:28","date_gmt":"2025-08-27T20:23:28","guid":{"rendered":"https:\/\/roveyayinevi.com.tr\/index.php\/urun\/dahiler-sinifi-william-shakespeare\/"},"modified":"2026-04-16T02:46:41","modified_gmt":"2026-04-15T23:46:41","slug":"dahiler-sinifi-william-shakespeare","status":"publish","type":"product","link":"https:\/\/roveyayinevi.com.tr\/index.php\/urun\/dahiler-sinifi-william-shakespeare\/","title":{"rendered":"Dahiler S\u0131n\u0131f\u0131 &#8211; William Shakespeare"},"content":{"rendered":"<p>E\u015fsiz kalemi ve g\u00f6zlem yetene\u011fi sayesinde h\u00fck\u00fcmdarlar\u0131n, sevgililerin, sava\u015f\u00e7\u0131lar\u0131n ve s\u0131radan insanlar\u0131n ya\u015fant\u0131lar\u0131na sahnede hayat vermi\u015f bir d\u00e2hi. O, William Shakespeare; \u00f6l\u00fcms\u00fcz eserleriyle h\u00e2l\u00e2 tiyatronun efendisi. B\u00fcy\u00fck ilgi g\u00f6ren D\u00e2hiler S\u0131n\u0131f\u0131 serisi William Shakespeare &#8211; Tiyatronun Efendisi ile devam ediyor. <\/p>\n","protected":false},"excerpt":{"rendered":"<p>E\u015fsiz kalemi ve g\u00f6zlem yetene\u011fi sayesinde h\u00fck\u00fcmdarlar\u0131n, sevgililerin, sava\u015f\u00e7\u0131lar\u0131n ve s\u0131radan insanlar\u0131n ya\u015fant\u0131lar\u0131na sahnede hayat vermi\u015f bir d\u00e2hi. O, William Shakespeare; \u00f6l\u00fcms\u00fcz eserleriyle h\u00e2l\u00e2 tiyatronun efendisi.<span class=\"excerpt-hellip\"> [\u2026]<\/span><\/p>\n","protected":false},"featured_media":0,"template":"","meta":{"_monsterinsights_skip_tracking":false,"_monsterinsights_sitenote_active":false,"_monsterinsights_sitenote_note":"","_monsterinsights_sitenote_category":0},"product_brand":[],"product_cat":[12275,12274],"product_tag":[],"class_list":{"0":"post-737225","1":"product","2":"type-product","3":"status-publish","5":"product_cat-6-12-yas-kitaplari","6":"product_cat-cocuk-ve-genclik-kitaplari","7":"pa_cilt-ciltsiz","8":"pa_tur-kitap","9":"pa_yayinevi-domingo-yayinevi","10":"pa_yazar-elisa-puricelli-guerra","12":"first","13":"instock","14":"sale","15":"shipping-taxable","16":"purchasable","17":"product-type-simple"},"_links":{"self":[{"href":"https:\/\/roveyayinevi.com.tr\/index.php\/wp-json\/wp\/v2\/product\/737225","targetHints":{"allow":["GET"]}}],"collection":[{"href":"https:\/\/roveyayinevi.com.tr\/index.php\/wp-json\/wp\/v2\/product"}],"about":[{"href":"https:\/\/roveyayinevi.com.tr\/index.php\/wp-json\/wp\/v2\/types\/product"}],"wp:attachment":[{"href":"https:\/\/roveyayinevi.com.tr\/index.php\/wp-json\/wp\/v2\/media?parent=737225"}],"wp:term":[{"taxonomy":"product_brand","embeddable":true,"href":"https:\/\/roveyayinevi.com.tr\/index.php\/wp-json\/wp\/v2\/product_brand?post=737225"},{"taxonomy":"product_cat","embeddable":true,"href":"https:\/\/roveyayinevi.com.tr\/index.php\/wp-json\/wp\/v2\/product_cat?post=737225"},{"taxonomy":"product_tag","embeddable":true,"href":"https:\/\/roveyayinevi.com.tr\/index.php\/wp-json\/wp\/v2\/product_tag?post=737225"}],"curies":[{"name":"wp","href":"https:\/\/api.w.org\/{rel}","templated":true}]}}