{"id":737224,"date":"2025-08-27T23:23:27","date_gmt":"2025-08-27T20:23:27","guid":{"rendered":"https:\/\/roveyayinevi.com.tr\/index.php\/urun\/blacksad-3-cilt-kizil-ruh\/"},"modified":"2026-04-16T02:46:41","modified_gmt":"2026-04-15T23:46:41","slug":"blacksad-3-cilt-kizil-ruh","status":"publish","type":"product","link":"https:\/\/roveyayinevi.com.tr\/index.php\/urun\/blacksad-3-cilt-kizil-ruh\/","title":{"rendered":"Blacksad 3.Cilt &#8211; K\u0131z\u0131l Ruh"},"content":{"rendered":"<p>Blacksad d\u00fcnyada ilk kez yay\u0131mland\u0131\u011f\u0131 2000 y\u0131l\u0131ndan beri pek \u00e7ok dilde yay\u0131mland\u0131 ve \u00fclkemizde de ilgi g\u00f6rd\u00fc. YKY taraf\u0131ndan ciltli bask\u0131lar\u0131 ilk kez 2011 y\u0131l\u0131nda yay\u0131mlanan bu k\u00fclt polisiye dizi karton kapakl\u0131 yeni bask\u0131lar\u0131yla yeniden raflarda yerini al\u0131yor.   John Blacksad sonradan g\u00f6rme bir adam\u0131n \u00f6zel korumas\u0131 olmaktan s\u0131k\u0131lm\u0131\u015ft\u0131. Neyse ki kader Blacksad\u2019i eski tan\u0131d\u0131klar\u0131yla bir araya getirdi ve s\u0131k\u0131c\u0131 g\u00fcnl\u00fck hayat\u0131 \u00e7ok ge\u00e7meden hareketlendi. Bu tats\u0131z so\u011fuk sava\u015f d\u00f6neminde baz\u0131lar\u0131n\u0131n g\u00f6z\u00fcn\u00fc kan b\u00fcr\u00fcm\u00fc\u015ft\u00fc ve ortal\u0131\u011f\u0131 k\u00f6t\u00fc kokular sarmaya ba\u015flam\u0131\u015ft\u0131.   Juan D\u00edaz Canales ve Juanjo Guarnido\u2019nun yaratt\u0131\u011f\u0131 bu m\u00fcthi\u015f \u00e7izgi roman serisi 2013\u2019te iki dalda Eisner \u00d6d\u00fcl\u00fc kazand\u0131 ve Angoul\u00eame En \u0130yi \u0130ll\u00fcstrasyon \u00d6d\u00fcl\u00fc de dahil olmak \u00fczere pek \u00e7ok \u00f6d\u00fcl ald\u0131. <\/p>\n","protected":false},"excerpt":{"rendered":"<p>Blacksad d\u00fcnyada ilk kez yay\u0131mland\u0131\u011f\u0131 2000 y\u0131l\u0131ndan beri pek \u00e7ok dilde yay\u0131mland\u0131 ve \u00fclkemizde de ilgi g\u00f6rd\u00fc. YKY taraf\u0131ndan ciltli bask\u0131lar\u0131 ilk kez 2011 y\u0131l\u0131nda yay\u0131mlanan<span class=\"excerpt-hellip\"> [\u2026]<\/span><\/p>\n","protected":false},"featured_media":0,"template":"","meta":{"_monsterinsights_skip_tracking":false,"_monsterinsights_sitenote_active":false,"_monsterinsights_sitenote_note":"","_monsterinsights_sitenote_category":0},"product_brand":[],"product_cat":[12416,12291],"product_tag":[],"class_list":{"0":"post-737224","1":"product","2":"type-product","3":"status-publish","5":"product_cat-cizgi-roman","6":"product_cat-edebiyat","7":"pa_cilt-ciltsiz","8":"pa_tur-kitap","9":"pa_yayinevi-yapi-kredi-yayinlari","10":"pa_yazar-juan-diaz-canales","12":"first","13":"instock","14":"sale","15":"shipping-taxable","16":"purchasable","17":"product-type-simple"},"_links":{"self":[{"href":"https:\/\/roveyayinevi.com.tr\/index.php\/wp-json\/wp\/v2\/product\/737224","targetHints":{"allow":["GET"]}}],"collection":[{"href":"https:\/\/roveyayinevi.com.tr\/index.php\/wp-json\/wp\/v2\/product"}],"about":[{"href":"https:\/\/roveyayinevi.com.tr\/index.php\/wp-json\/wp\/v2\/types\/product"}],"wp:attachment":[{"href":"https:\/\/roveyayinevi.com.tr\/index.php\/wp-json\/wp\/v2\/media?parent=737224"}],"wp:term":[{"taxonomy":"product_brand","embeddable":true,"href":"https:\/\/roveyayinevi.com.tr\/index.php\/wp-json\/wp\/v2\/product_brand?post=737224"},{"taxonomy":"product_cat","embeddable":true,"href":"https:\/\/roveyayinevi.com.tr\/index.php\/wp-json\/wp\/v2\/product_cat?post=737224"},{"taxonomy":"product_tag","embeddable":true,"href":"https:\/\/roveyayinevi.com.tr\/index.php\/wp-json\/wp\/v2\/product_tag?post=737224"}],"curies":[{"name":"wp","href":"https:\/\/api.w.org\/{rel}","templated":true}]}}