{"id":737222,"date":"2025-08-27T23:23:25","date_gmt":"2025-08-27T20:23:25","guid":{"rendered":"https:\/\/roveyayinevi.com.tr\/index.php\/urun\/gecenin-gozleri\/"},"modified":"2026-04-16T02:46:41","modified_gmt":"2026-04-15T23:46:41","slug":"gecenin-gozleri","status":"publish","type":"product","link":"https:\/\/roveyayinevi.com.tr\/index.php\/urun\/gecenin-gozleri\/","title":{"rendered":"Gecenin G\u00f6zleri"},"content":{"rendered":"<p>Bir kad\u0131n Somerset k\u0131y\u0131s\u0131nda bulunan g\u00f6zlerden uzak bir sahil kasabas\u0131na gider. Kamera kay\u0131t sisteminde kad\u0131n\u0131n arac\u0131yla park alan\u0131na girdi\u011fi ancak oradan hi\u00e7 ayr\u0131lmad\u0131\u011f\u0131 tespit edilir. LyndaKorin bir anda ortadan kaybolmu\u015f g\u00f6r\u00fcnmektedir.   K\u0131z karde\u015fi, kay\u0131p insanlar\u0131 bulma konusunda uzman olan Dedektif David Raker\u2019dan yard\u0131m ister. Raker ise kad\u0131n\u0131n nereye gitti\u011fini, t\u00fcm hayat\u0131n\u0131 ard\u0131nda b\u0131rakmay\u0131 tercih edecek kadar ne ya\u015fam\u0131\u015f olabilece\u011finin gizemini \u00e7\u00f6zmeye \u00e7al\u0131\u015f\u0131r. Ancak \u015foke edici ger\u00e7ekleri bilen tek ki\u015fi LyndaKorin\u2019in kendisidir. <\/p>\n","protected":false},"excerpt":{"rendered":"<p>Bir kad\u0131n Somerset k\u0131y\u0131s\u0131nda bulunan g\u00f6zlerden uzak bir sahil kasabas\u0131na gider. Kamera kay\u0131t sisteminde kad\u0131n\u0131n arac\u0131yla park alan\u0131na girdi\u011fi ancak oradan hi\u00e7 ayr\u0131lmad\u0131\u011f\u0131 tespit edilir. LyndaKorin<span class=\"excerpt-hellip\"> [\u2026]<\/span><\/p>\n","protected":false},"featured_media":0,"template":"","meta":{"_monsterinsights_skip_tracking":false,"_monsterinsights_sitenote_active":false,"_monsterinsights_sitenote_note":"","_monsterinsights_sitenote_category":0},"product_brand":[],"product_cat":[12291,12711],"product_tag":[],"class_list":{"0":"post-737222","1":"product","2":"type-product","3":"status-publish","5":"product_cat-edebiyat","6":"product_cat-roman-oyku","7":"pa_cilt-ciltsiz","8":"pa_tur-kitap","9":"pa_yayinevi-ephesus-yayinlari","10":"pa_yazar-tim-weaver","12":"first","13":"instock","14":"sale","15":"shipping-taxable","16":"purchasable","17":"product-type-simple"},"_links":{"self":[{"href":"https:\/\/roveyayinevi.com.tr\/index.php\/wp-json\/wp\/v2\/product\/737222","targetHints":{"allow":["GET"]}}],"collection":[{"href":"https:\/\/roveyayinevi.com.tr\/index.php\/wp-json\/wp\/v2\/product"}],"about":[{"href":"https:\/\/roveyayinevi.com.tr\/index.php\/wp-json\/wp\/v2\/types\/product"}],"wp:attachment":[{"href":"https:\/\/roveyayinevi.com.tr\/index.php\/wp-json\/wp\/v2\/media?parent=737222"}],"wp:term":[{"taxonomy":"product_brand","embeddable":true,"href":"https:\/\/roveyayinevi.com.tr\/index.php\/wp-json\/wp\/v2\/product_brand?post=737222"},{"taxonomy":"product_cat","embeddable":true,"href":"https:\/\/roveyayinevi.com.tr\/index.php\/wp-json\/wp\/v2\/product_cat?post=737222"},{"taxonomy":"product_tag","embeddable":true,"href":"https:\/\/roveyayinevi.com.tr\/index.php\/wp-json\/wp\/v2\/product_tag?post=737222"}],"curies":[{"name":"wp","href":"https:\/\/api.w.org\/{rel}","templated":true}]}}