{"id":737221,"date":"2025-08-27T23:23:23","date_gmt":"2025-08-27T20:23:23","guid":{"rendered":"https:\/\/roveyayinevi.com.tr\/index.php\/urun\/kalbimden-akan-damlalar\/"},"modified":"2026-04-02T02:59:12","modified_gmt":"2026-04-01T23:59:12","slug":"kalbimden-akan-damlalar","status":"publish","type":"product","link":"https:\/\/roveyayinevi.com.tr\/index.php\/urun\/kalbimden-akan-damlalar\/","title":{"rendered":"Kalbimden Akan Damlalar"},"content":{"rendered":"<p>Sabretmek \u00f6ylece durup beklemek de\u011fil, \u0130leri g\u00f6r\u00fc\u015fl\u00fc olmak demektir. Sab\u0131r nedir? Dikene bak\u0131p g\u00fcl\u00fc, geceye bak\u0131p g\u00fcnd\u00fcz\u00fc tahayy\u00fcl edebilmektir. Allah \u00e2\u015f\u0131klar\u0131, sabr\u0131 g\u00fclbe\u015feker gibi tatl\u0131 tatl\u0131 emer, hazmeder. Ve bilirler ki g\u00f6kteki ay\u0131n hilalden dolunaya varmas\u0131 i\u00e7in zaman gerekir. \u015eemsi Tebrizi<\/p>\n","protected":false},"excerpt":{"rendered":"<p>Sabretmek \u00f6ylece durup beklemek de\u011fil, \u0130leri g\u00f6r\u00fc\u015fl\u00fc olmak demektir. Sab\u0131r nedir? Dikene bak\u0131p g\u00fcl\u00fc, geceye bak\u0131p g\u00fcnd\u00fcz\u00fc tahayy\u00fcl edebilmektir. Allah \u00e2\u015f\u0131klar\u0131, sabr\u0131 g\u00fclbe\u015feker gibi tatl\u0131 tatl\u0131<span class=\"excerpt-hellip\"> [\u2026]<\/span><\/p>\n","protected":false},"featured_media":0,"template":"","meta":{"_monsterinsights_skip_tracking":false,"_monsterinsights_sitenote_active":false,"_monsterinsights_sitenote_note":"","_monsterinsights_sitenote_category":0},"product_brand":[],"product_cat":[12777,12291],"product_tag":[],"class_list":{"0":"post-737221","1":"product","2":"type-product","3":"status-publish","5":"product_cat-deneme","6":"product_cat-edebiyat","7":"pa_cilt-ciltsiz","8":"pa_tur-kitap","9":"pa_yayinevi-kuytu-yayinlari","10":"pa_yazar-nur-kabadayi-demir","12":"first","13":"instock","14":"sale","15":"shipping-taxable","16":"purchasable","17":"product-type-simple"},"_links":{"self":[{"href":"https:\/\/roveyayinevi.com.tr\/index.php\/wp-json\/wp\/v2\/product\/737221","targetHints":{"allow":["GET"]}}],"collection":[{"href":"https:\/\/roveyayinevi.com.tr\/index.php\/wp-json\/wp\/v2\/product"}],"about":[{"href":"https:\/\/roveyayinevi.com.tr\/index.php\/wp-json\/wp\/v2\/types\/product"}],"wp:attachment":[{"href":"https:\/\/roveyayinevi.com.tr\/index.php\/wp-json\/wp\/v2\/media?parent=737221"}],"wp:term":[{"taxonomy":"product_brand","embeddable":true,"href":"https:\/\/roveyayinevi.com.tr\/index.php\/wp-json\/wp\/v2\/product_brand?post=737221"},{"taxonomy":"product_cat","embeddable":true,"href":"https:\/\/roveyayinevi.com.tr\/index.php\/wp-json\/wp\/v2\/product_cat?post=737221"},{"taxonomy":"product_tag","embeddable":true,"href":"https:\/\/roveyayinevi.com.tr\/index.php\/wp-json\/wp\/v2\/product_tag?post=737221"}],"curies":[{"name":"wp","href":"https:\/\/api.w.org\/{rel}","templated":true}]}}