{"id":737219,"date":"2025-08-27T23:23:21","date_gmt":"2025-08-27T20:23:21","guid":{"rendered":"https:\/\/roveyayinevi.com.tr\/index.php\/urun\/hangi-diyet\/"},"modified":"2026-04-16T02:46:41","modified_gmt":"2026-04-15T23:46:41","slug":"hangi-diyet","status":"publish","type":"product","link":"https:\/\/roveyayinevi.com.tr\/index.php\/urun\/hangi-diyet\/","title":{"rendered":"Hangi Diyet"},"content":{"rendered":"<p>Fatma Yavuz\u2019u esas olarak \u201cinsanl\u0131\u011f\u0131\u201d ile tan\u0131d\u0131k asl\u0131nda. Daha \u00f6nce \u201cuzak\u201d oldu\u011fu hayatlar ile tan\u0131\u015f\u0131yor; onlar\u0131n ac\u0131lar\u0131na, yas\u0131na, ya\u015fad\u0131klar\u0131na ortak olmaya \u00e7al\u0131\u015f\u0131yor; \u00f6teki seslere ses verirken gelece\u011fe de umut ta\u015f\u0131yordu. K\u0131smaya \u00e7al\u0131\u015ft\u0131lar o sesi&#8230; \u00d6nce \u00e7al\u0131\u015ft\u0131\u011f\u0131 kurumdan ihra\u00e7 ettiler, sonra lin\u00e7 korosu ile sindirmek istediler. Elbet susmad\u0131 Yavuz, susmayacak da&#8230; Bu kitap o sesin derli toplu bir hik\u00e2yesi ve direngen duru\u015fudur. Ayn\u0131 zamanda tarihe d\u00fc\u015f\u00fclen ibretlik bir not, gelece\u011fe b\u0131rak\u0131lan anlaml\u0131 bir mirast\u0131r. Bu yan\u0131yla \u201cHangi Diyanet? \/ Bir Aforozun \u00d6yk\u00fcs\u00fc\u201d bir kitaptan \u00e7ok daha fazla bir anlam ta\u015f\u0131yor. Tarih ve ya\u015fananlar \u015fahit buna. Ayd\u0131n Tonga   Fatma Yavuz b\u00fcy\u00fck, \u00e7ok b\u00fcy\u00fck cesaretle sorguluyor y\u00fczlerce y\u0131ll\u0131k \u00f6\u011fretiyi. Bir insan, bir kad\u0131n olarak adaleti, e\u015fitli\u011fi savunmak \u00fczere yorucu, h\u0131rpalay\u0131c\u0131 bir yolculu\u011fa \u00e7\u0131k\u0131yor. Bu yolculukta, ak\u0131l ve d\u00fc\u015f\u00fcnceyi kal\u0131n duvarlar\u0131n\u0131n aras\u0131nda tutmaya \u00e7al\u0131\u015fan kurumsal ve bireysel iktidarlar\u0131n, topyek\u00fbn ayn\u0131 dili konu\u015farak nas\u0131l da kar\u015f\u0131s\u0131na dikildiklerini anlat\u0131yor. Fatma Yavuz\u2019un cesur hik\u00e2yesi ak\u0131l, vicdan ve dogmay\u0131 yeniden sorgulayaca\u011f\u0131m\u0131z bir ibret vesikas\u0131d\u0131r. Sab\u00e2 Alt\u0131nsay   Bu kitap sadece bir kuruma de\u011fil, resm\u00ee ideoloji taraf\u0131ndan tanzim edilmi\u015f bir \u0130slam&#8217;a da kar\u015f\u0131, bir M\u00fcsl\u00fcman&#8217;\u0131n inanc\u0131n \u00f6z\u00fcn\u00fc aray\u0131\u015f hik\u00e2yesi. Okurken hayalimde ara ara, bir yandan engizisyon mahkemeleri, bir yandan Sokrates\u2019in savunmas\u0131 canlan\u0131yordu. Fakat Fatma Yavuz\u2019un Diyanet\u2019teki i\u015fini kaybetmesiyle sonu\u00e7lanan trajikomik yarg\u0131lan\u0131\u015f\u0131n\u0131 izlerken beni as\u0131l b\u00fcy\u00fcleyen, \u00f6rtmezse \u201cg\u00f6r\u00fcnen her sa\u00e7 teli i\u00e7in seksen bin sene yanaca\u011f\u0131na\u201d inanarak b\u00fcy\u00fcm\u00fc\u015f bu merak dolu, p\u0131r\u0131l p\u0131r\u0131l zek\u00e2l\u0131 k\u0131z\u0131n, sorgulayarak kazand\u0131\u011f\u0131 \u00e7e\u015fitli i\u00e7 g\u00f6r\u00fcler ve fark\u0131ndal\u0131klar \u00fczerinden, hak ve adalet savunuculu\u011funa ge\u00e7i\u015f yolculu\u011fu idi. Bu yolculu\u011fu olanca \u015feffafl\u0131\u011f\u0131yla samimi, do\u011frudan ve d\u00fcr\u00fcst bir sohbet diliyle anlat\u0131yor \u201cFatma Hoca\u201d; olaylar g\u00f6z\u00fcn\u00fcz\u00fcn \u00f6n\u00fcnde akarken bask\u0131lar kar\u015f\u0131s\u0131ndaki cesaretine, inan\u00e7 ve kararl\u0131l\u0131\u011f\u0131na hayran kal\u0131yorsunuz. G\u00fclay\u015fe Ko\u00e7ak <\/p>\n","protected":false},"excerpt":{"rendered":"<p>Fatma Yavuz\u2019u esas olarak \u201cinsanl\u0131\u011f\u0131\u201d ile tan\u0131d\u0131k asl\u0131nda. Daha \u00f6nce \u201cuzak\u201d oldu\u011fu hayatlar ile tan\u0131\u015f\u0131yor; onlar\u0131n ac\u0131lar\u0131na, yas\u0131na, ya\u015fad\u0131klar\u0131na ortak olmaya \u00e7al\u0131\u015f\u0131yor; \u00f6teki seslere ses verirken<span class=\"excerpt-hellip\"> [\u2026]<\/span><\/p>\n","protected":false},"featured_media":0,"template":"","meta":{"_monsterinsights_skip_tracking":false,"_monsterinsights_sitenote_active":false,"_monsterinsights_sitenote_note":"","_monsterinsights_sitenote_category":0},"product_brand":[],"product_cat":[13402,13365],"product_tag":[],"class_list":{"0":"post-737219","1":"product","2":"type-product","3":"status-publish","5":"product_cat-beslenme-ve-diyet","6":"product_cat-saglik","7":"pa_cilt-ciltsiz","8":"pa_tur-kitap","9":"pa_yayinevi-pozitif-yayinlari","10":"pa_yazar-fatma-yavuz","12":"first","13":"instock","14":"sale","15":"shipping-taxable","16":"purchasable","17":"product-type-simple"},"_links":{"self":[{"href":"https:\/\/roveyayinevi.com.tr\/index.php\/wp-json\/wp\/v2\/product\/737219","targetHints":{"allow":["GET"]}}],"collection":[{"href":"https:\/\/roveyayinevi.com.tr\/index.php\/wp-json\/wp\/v2\/product"}],"about":[{"href":"https:\/\/roveyayinevi.com.tr\/index.php\/wp-json\/wp\/v2\/types\/product"}],"wp:attachment":[{"href":"https:\/\/roveyayinevi.com.tr\/index.php\/wp-json\/wp\/v2\/media?parent=737219"}],"wp:term":[{"taxonomy":"product_brand","embeddable":true,"href":"https:\/\/roveyayinevi.com.tr\/index.php\/wp-json\/wp\/v2\/product_brand?post=737219"},{"taxonomy":"product_cat","embeddable":true,"href":"https:\/\/roveyayinevi.com.tr\/index.php\/wp-json\/wp\/v2\/product_cat?post=737219"},{"taxonomy":"product_tag","embeddable":true,"href":"https:\/\/roveyayinevi.com.tr\/index.php\/wp-json\/wp\/v2\/product_tag?post=737219"}],"curies":[{"name":"wp","href":"https:\/\/api.w.org\/{rel}","templated":true}]}}