{"id":737216,"date":"2025-08-27T23:23:17","date_gmt":"2025-08-27T20:23:17","guid":{"rendered":"https:\/\/roveyayinevi.com.tr\/index.php\/urun\/sanat-etkinlik-kitabi-2\/"},"modified":"2026-04-16T02:46:41","modified_gmt":"2026-04-15T23:46:41","slug":"sanat-etkinlik-kitabi-2","status":"publish","type":"product","link":"https:\/\/roveyayinevi.com.tr\/index.php\/urun\/sanat-etkinlik-kitabi-2\/","title":{"rendered":"Sanat Etkinlik Kitab\u0131"},"content":{"rendered":"<p>Sanat nedir?  \u00c7izgilerin duygular\u0131 var m\u0131d\u0131r? Renkler birbirine kar\u0131\u015f\u0131nca neler olur? M\u00fczi\u011fin resmi yap\u0131labilir mi? Sanat Etkinlik Kitab\u0131, \u00e7ocuklar\u0131n sanat konusunda merak etti\u011fi konular\u0131 e\u011flenceli etkinliklerle okura sunuyor. \u00c7ocuklar, sanat\u00e7\u0131lar\u0131n ba\u015fl\u0131ca eserlerini, sanat d\u00fcnyas\u0131ndaki yerlerini, kulland\u0131klar\u0131 y\u00f6ntemleri \u00f6\u011frenirken kesme-yap\u0131\u015ft\u0131rma ve boyama gibi etkinliklerle sanat d\u00fcnyas\u0131na ilk ad\u0131mlar\u0131n\u0131 Sanat Etkinlik Kitab\u0131 ile atabilir.   <\/p>\n","protected":false},"excerpt":{"rendered":"<p>Sanat nedir? \u00c7izgilerin duygular\u0131 var m\u0131d\u0131r? Renkler birbirine kar\u0131\u015f\u0131nca neler olur? M\u00fczi\u011fin resmi yap\u0131labilir mi? Sanat Etkinlik Kitab\u0131, \u00e7ocuklar\u0131n sanat konusunda merak etti\u011fi konular\u0131 e\u011flenceli etkinliklerle<span class=\"excerpt-hellip\"> [\u2026]<\/span><\/p>\n","protected":false},"featured_media":0,"template":"","meta":{"_monsterinsights_skip_tracking":false,"_monsterinsights_sitenote_active":false,"_monsterinsights_sitenote_note":"","_monsterinsights_sitenote_category":0},"product_brand":[],"product_cat":[12274,12518],"product_tag":[],"class_list":{"0":"post-737216","1":"product","2":"type-product","3":"status-publish","5":"product_cat-cocuk-ve-genclik-kitaplari","6":"product_cat-okul-oncesi-kitaplar","7":"pa_cilt-ciltsiz","8":"pa_tur-kitap","9":"pa_yayinevi-abm-yayinevi","10":"pa_yazar-emine-corduk-feyzioglu","12":"first","13":"instock","14":"sale","15":"shipping-taxable","16":"purchasable","17":"product-type-simple"},"_links":{"self":[{"href":"https:\/\/roveyayinevi.com.tr\/index.php\/wp-json\/wp\/v2\/product\/737216","targetHints":{"allow":["GET"]}}],"collection":[{"href":"https:\/\/roveyayinevi.com.tr\/index.php\/wp-json\/wp\/v2\/product"}],"about":[{"href":"https:\/\/roveyayinevi.com.tr\/index.php\/wp-json\/wp\/v2\/types\/product"}],"wp:attachment":[{"href":"https:\/\/roveyayinevi.com.tr\/index.php\/wp-json\/wp\/v2\/media?parent=737216"}],"wp:term":[{"taxonomy":"product_brand","embeddable":true,"href":"https:\/\/roveyayinevi.com.tr\/index.php\/wp-json\/wp\/v2\/product_brand?post=737216"},{"taxonomy":"product_cat","embeddable":true,"href":"https:\/\/roveyayinevi.com.tr\/index.php\/wp-json\/wp\/v2\/product_cat?post=737216"},{"taxonomy":"product_tag","embeddable":true,"href":"https:\/\/roveyayinevi.com.tr\/index.php\/wp-json\/wp\/v2\/product_tag?post=737216"}],"curies":[{"name":"wp","href":"https:\/\/api.w.org\/{rel}","templated":true}]}}