{"id":737212,"date":"2025-08-27T23:23:13","date_gmt":"2025-08-27T20:23:13","guid":{"rendered":"https:\/\/roveyayinevi.com.tr\/index.php\/urun\/dusunme-becerilerini-gelistirme-etkinlikleri-4-mantik-ve-akil-yurutme\/"},"modified":"2026-04-16T02:46:41","modified_gmt":"2026-04-15T23:46:41","slug":"dusunme-becerilerini-gelistirme-etkinlikleri-4-mantik-ve-akil-yurutme","status":"publish","type":"product","link":"https:\/\/roveyayinevi.com.tr\/index.php\/urun\/dusunme-becerilerini-gelistirme-etkinlikleri-4-mantik-ve-akil-yurutme\/","title":{"rendered":"D\u00fc\u015f\u00fcnme Becerilerini Geli\u015ftirme Etkinlikleri 4- Mant\u0131k ve Ak\u0131l Y\u00fcr\u00fctme"},"content":{"rendered":"<p>1. S\u0131n\u0131f \u00f6\u011frencileri i\u00e7in haz\u0131rlanan D\u00fc\u015f\u00fcnme Becerilerini Geli\u015ftirme Etkinlikleri serisinin d\u00f6rd\u00fcnc\u00fc kitab\u0131 Mant\u0131k ve Ak\u0131l Y\u00fcr\u00fctme, \u00f6\u011frencilerin temel bili\u015fsel becerilerinin geli\u015fimini e\u011flenceli ve renkli etkinliklerle destekliyor, mant\u0131k ve ak\u0131l y\u00fcr\u00fctme geli\u015fimine katk\u0131da bulunuyor.   Mant\u0131k ve Ak\u0131l Y\u00fcr\u00fctme kitab\u0131n\u0131n dahil oldu\u011fu kitap serisi, 1.s\u0131n\u0131f\u0131n geli\u015fim a\u015famalar\u0131n\u0131 d\u00f6rt d\u00f6neme ay\u0131r\u0131p her bir d\u00f6nemin gerekliliklerine uygun etkinliklerle haz\u0131rlanm\u0131\u015ft\u0131r. Planlama ve Stratejik D\u00fc\u015f\u00fcnme kitab\u0131ndaki \u00e7al\u0131\u015fmalar, serinin di\u011fer kitaplar\u0131 olan G\u00f6rsel ve \u0130\u015fitsel Alg\u0131, Dikkat ve Odaklanma, Planlama ve Stratejik D\u00fc\u015f\u00fcnme i\u00e7erikleriyle peki\u015ftirilerek \u00f6\u011frencinin bili\u015fsel geli\u015fimi desteklenebilir. <\/p>\n","protected":false},"excerpt":{"rendered":"<p>1. S\u0131n\u0131f \u00f6\u011frencileri i\u00e7in haz\u0131rlanan D\u00fc\u015f\u00fcnme Becerilerini Geli\u015ftirme Etkinlikleri serisinin d\u00f6rd\u00fcnc\u00fc kitab\u0131 Mant\u0131k ve Ak\u0131l Y\u00fcr\u00fctme, \u00f6\u011frencilerin temel bili\u015fsel becerilerinin geli\u015fimini e\u011flenceli ve renkli etkinliklerle destekliyor,<span class=\"excerpt-hellip\"> [\u2026]<\/span><\/p>\n","protected":false},"featured_media":0,"template":"","meta":{"_monsterinsights_skip_tracking":false,"_monsterinsights_sitenote_active":false,"_monsterinsights_sitenote_note":"","_monsterinsights_sitenote_category":0},"product_brand":[],"product_cat":[12275,12274],"product_tag":[],"class_list":{"0":"post-737212","1":"product","2":"type-product","3":"status-publish","5":"product_cat-6-12-yas-kitaplari","6":"product_cat-cocuk-ve-genclik-kitaplari","7":"pa_cilt-ciltsiz","8":"pa_tur-kitap","9":"pa_yayinevi-abm-yayinevi","10":"pa_yazar-sukran-angay","12":"first","13":"instock","14":"sale","15":"shipping-taxable","16":"purchasable","17":"product-type-simple"},"_links":{"self":[{"href":"https:\/\/roveyayinevi.com.tr\/index.php\/wp-json\/wp\/v2\/product\/737212","targetHints":{"allow":["GET"]}}],"collection":[{"href":"https:\/\/roveyayinevi.com.tr\/index.php\/wp-json\/wp\/v2\/product"}],"about":[{"href":"https:\/\/roveyayinevi.com.tr\/index.php\/wp-json\/wp\/v2\/types\/product"}],"wp:attachment":[{"href":"https:\/\/roveyayinevi.com.tr\/index.php\/wp-json\/wp\/v2\/media?parent=737212"}],"wp:term":[{"taxonomy":"product_brand","embeddable":true,"href":"https:\/\/roveyayinevi.com.tr\/index.php\/wp-json\/wp\/v2\/product_brand?post=737212"},{"taxonomy":"product_cat","embeddable":true,"href":"https:\/\/roveyayinevi.com.tr\/index.php\/wp-json\/wp\/v2\/product_cat?post=737212"},{"taxonomy":"product_tag","embeddable":true,"href":"https:\/\/roveyayinevi.com.tr\/index.php\/wp-json\/wp\/v2\/product_tag?post=737212"}],"curies":[{"name":"wp","href":"https:\/\/api.w.org\/{rel}","templated":true}]}}