{"id":737209,"date":"2025-08-27T23:23:09","date_gmt":"2025-08-27T20:23:09","guid":{"rendered":"https:\/\/roveyayinevi.com.tr\/index.php\/urun\/ay-tavsani-dedem-ve-ben\/"},"modified":"2026-04-16T02:46:41","modified_gmt":"2026-04-15T23:46:41","slug":"ay-tavsani-dedem-ve-ben","status":"publish","type":"product","link":"https:\/\/roveyayinevi.com.tr\/index.php\/urun\/ay-tavsani-dedem-ve-ben\/","title":{"rendered":"Ay Tav\u015fan\u0131, Dedem ve Ben"},"content":{"rendered":"<p>Dedem yaln\u0131zca boyumu \u00f6l\u00e7meyi, s\u00fct\u00fc ve Ay Tav\u015fan\u0131\u2019n\u0131 de\u011fil, oyun oynamay\u0131 da \u00e7ok severdi. Bilmedi\u011fim pek \u00e7ok oyunu bilirdi. \u0130sim-\u015fehir, \u00fc\u00e7ta\u015f oyunlar\u0131n\u0131 hep ondan \u00f6\u011frendim ben. Bir g\u00fcn dedem yepyeni bir oyuna ba\u015flad\u0131. \u201cKimsin sen?\u201d diye sordu bana. Nas\u0131l oynan\u0131rd\u0131 ki bu oyun? \u201cBen peri padi\u015fah\u0131n\u0131n o\u011fluyum,\u201d dedim. Kaf Da\u011f\u0131\u2019n\u0131n ard\u0131nda ya\u015f\u0131yorum\u2026\u201d Koray Avc\u0131 \u00c7akman bu \u00f6yk\u00fclerinde hayat\u0131 \u00e7ocuklarla alg\u0131l\u0131yor, onlar\u0131n deneyimleriyle g\u00f6zlemliyor, heyecanlar\u0131 ve beklentileriyle hissedip anlamland\u0131r\u0131yor. An geliyor, K\u0131z Kulesi&#8217;nin gizemine Pi&#8217;nin m\u00fczi\u011fi e\u015flik ediyor. Hindistancevizinin sabr\u0131 denizleri a\u015farken, K\u00fc\u00e7\u00fck Prens \u00e7at kap\u0131 beliriveriyor. Okurlar, \u00c7a\u011fla Yi\u011fit&#8217;in desenleri e\u015fli\u011finde \u00f6yk\u00fclerin kahramanlar\u0131yla birlikte \u00e7abal\u0131yor, merak ediyor, seviniyor, bazen yitirilenlere \u00fcz\u00fcl\u00fcyor, ama daima sahip olunan zenginliklerin, bellekte biriken hazinelerin fark\u0131na var\u0131yor.<\/p>\n","protected":false},"excerpt":{"rendered":"<p>Dedem yaln\u0131zca boyumu \u00f6l\u00e7meyi, s\u00fct\u00fc ve Ay Tav\u015fan\u0131\u2019n\u0131 de\u011fil, oyun oynamay\u0131 da \u00e7ok severdi. Bilmedi\u011fim pek \u00e7ok oyunu bilirdi. \u0130sim-\u015fehir, \u00fc\u00e7ta\u015f oyunlar\u0131n\u0131 hep ondan \u00f6\u011frendim ben.<span class=\"excerpt-hellip\"> [\u2026]<\/span><\/p>\n","protected":false},"featured_media":0,"template":"","meta":{"_monsterinsights_skip_tracking":false,"_monsterinsights_sitenote_active":false,"_monsterinsights_sitenote_note":"","_monsterinsights_sitenote_category":0},"product_brand":[],"product_cat":[12291,12711],"product_tag":[],"class_list":{"0":"post-737209","1":"product","2":"type-product","3":"status-publish","5":"product_cat-edebiyat","6":"product_cat-roman-oyku","7":"pa_cilt-ciltsiz","8":"pa_tur-kitap","9":"pa_yayinevi-can-cocuk-yayinlari","10":"pa_yazar-koray-avci-cakman","12":"first","13":"instock","14":"sale","15":"shipping-taxable","16":"purchasable","17":"product-type-simple"},"_links":{"self":[{"href":"https:\/\/roveyayinevi.com.tr\/index.php\/wp-json\/wp\/v2\/product\/737209","targetHints":{"allow":["GET"]}}],"collection":[{"href":"https:\/\/roveyayinevi.com.tr\/index.php\/wp-json\/wp\/v2\/product"}],"about":[{"href":"https:\/\/roveyayinevi.com.tr\/index.php\/wp-json\/wp\/v2\/types\/product"}],"wp:attachment":[{"href":"https:\/\/roveyayinevi.com.tr\/index.php\/wp-json\/wp\/v2\/media?parent=737209"}],"wp:term":[{"taxonomy":"product_brand","embeddable":true,"href":"https:\/\/roveyayinevi.com.tr\/index.php\/wp-json\/wp\/v2\/product_brand?post=737209"},{"taxonomy":"product_cat","embeddable":true,"href":"https:\/\/roveyayinevi.com.tr\/index.php\/wp-json\/wp\/v2\/product_cat?post=737209"},{"taxonomy":"product_tag","embeddable":true,"href":"https:\/\/roveyayinevi.com.tr\/index.php\/wp-json\/wp\/v2\/product_tag?post=737209"}],"curies":[{"name":"wp","href":"https:\/\/api.w.org\/{rel}","templated":true}]}}