{"id":737207,"date":"2025-08-27T23:23:07","date_gmt":"2025-08-27T20:23:07","guid":{"rendered":"https:\/\/roveyayinevi.com.tr\/index.php\/urun\/sinir-4\/"},"modified":"2026-04-16T02:46:41","modified_gmt":"2026-04-15T23:46:41","slug":"sinir-4","status":"publish","type":"product","link":"https:\/\/roveyayinevi.com.tr\/index.php\/urun\/sinir-4\/","title":{"rendered":"S\u0131n\u0131r"},"content":{"rendered":"<p>Y\u00fczy\u0131llar boyunca Anka Ku\u015fu\u2019nun o\u011fullar\u0131 oldu\u011funa inan\u0131lan \u00f6l\u00fcms\u00fcz ruhlar Anka ve Enka Crictus taht\u0131 i\u00e7in sava\u015fm\u0131\u015ft\u0131r.  Sava\u015f sona yakla\u015f\u0131rken&#8230; Anka Carmen, D\u00fcnya\u2019da kapana k\u0131s\u0131ld\u0131ktan sonra geri d\u00f6nmenin ve Enka Jaryan taraf\u0131ndan zorla ele ge\u00e7irilen Crictus taht\u0131n\u0131 geri alman\u0131n yollar\u0131n\u0131 arar. Cesur ama delice bir plan\u0131 vard\u0131r: Enka\u2019y\u0131 yenmek i\u00e7in s\u0131n\u0131r\u0131 ge\u00e7mek, iki d\u00fcnyan\u0131n \u00f6tesi Se Uirvan\u2019da Anka Ku\u015fu\u2019yla bulu\u015fmak&#8230; Carmen bu sefer geri ad\u0131m atmamaya ve Enka\u2019y\u0131 sonsuza kadar deli\u011fine t\u0131kmaya kararl\u0131d\u0131r. Fakat rakibini yenmek i\u00e7in s\u0131n\u0131r\u0131 ge\u00e7meyi g\u00f6ze alan sadece Carmen de\u011fildir&#8230; <\/p>\n","protected":false},"excerpt":{"rendered":"<p>Y\u00fczy\u0131llar boyunca Anka Ku\u015fu\u2019nun o\u011fullar\u0131 oldu\u011funa inan\u0131lan \u00f6l\u00fcms\u00fcz ruhlar Anka ve Enka Crictus taht\u0131 i\u00e7in sava\u015fm\u0131\u015ft\u0131r. Sava\u015f sona yakla\u015f\u0131rken&#8230; Anka Carmen, D\u00fcnya\u2019da kapana k\u0131s\u0131ld\u0131ktan sonra geri<span class=\"excerpt-hellip\"> [\u2026]<\/span><\/p>\n","protected":false},"featured_media":0,"template":"","meta":{"_monsterinsights_skip_tracking":false,"_monsterinsights_sitenote_active":false,"_monsterinsights_sitenote_note":"","_monsterinsights_sitenote_category":0},"product_brand":[],"product_cat":[12540,12291],"product_tag":[],"class_list":{"0":"post-737207","1":"product","2":"type-product","3":"status-publish","5":"product_cat-bilim-kurgu","6":"product_cat-edebiyat","7":"pa_cilt-ciltsiz","8":"pa_tur-kitap","9":"pa_yayinevi-muptela-yayinevi","10":"pa_yazar-melodi-bac","12":"first","13":"instock","14":"sale","15":"shipping-taxable","16":"purchasable","17":"product-type-simple"},"_links":{"self":[{"href":"https:\/\/roveyayinevi.com.tr\/index.php\/wp-json\/wp\/v2\/product\/737207","targetHints":{"allow":["GET"]}}],"collection":[{"href":"https:\/\/roveyayinevi.com.tr\/index.php\/wp-json\/wp\/v2\/product"}],"about":[{"href":"https:\/\/roveyayinevi.com.tr\/index.php\/wp-json\/wp\/v2\/types\/product"}],"wp:attachment":[{"href":"https:\/\/roveyayinevi.com.tr\/index.php\/wp-json\/wp\/v2\/media?parent=737207"}],"wp:term":[{"taxonomy":"product_brand","embeddable":true,"href":"https:\/\/roveyayinevi.com.tr\/index.php\/wp-json\/wp\/v2\/product_brand?post=737207"},{"taxonomy":"product_cat","embeddable":true,"href":"https:\/\/roveyayinevi.com.tr\/index.php\/wp-json\/wp\/v2\/product_cat?post=737207"},{"taxonomy":"product_tag","embeddable":true,"href":"https:\/\/roveyayinevi.com.tr\/index.php\/wp-json\/wp\/v2\/product_tag?post=737207"}],"curies":[{"name":"wp","href":"https:\/\/api.w.org\/{rel}","templated":true}]}}