{"id":737202,"date":"2025-08-27T23:23:00","date_gmt":"2025-08-27T20:23:00","guid":{"rendered":"https:\/\/roveyayinevi.com.tr\/index.php\/urun\/dokuzuncu-gideon-kilitli-kabir-1\/"},"modified":"2026-04-16T02:46:40","modified_gmt":"2026-04-15T23:46:40","slug":"dokuzuncu-gideon-kilitli-kabir-1","status":"publish","type":"product","link":"https:\/\/roveyayinevi.com.tr\/index.php\/urun\/dokuzuncu-gideon-kilitli-kabir-1\/","title":{"rendered":"Dokuzuncu Gideon \/ Kilitli Kabir 1"},"content":{"rendered":"<p>Locus En \u0130yi \u0130lk Roman \u00d6d\u00fcl\u00fc Kazanan\u0131Nebula En \u0130yi Roman Aday\u0131 , Hugo En \u0130yi Roman Aday\u0131, D\u00fcnya Fantazi En \u0130yi Roman Aday\u0131\u0130mparator\u2019un \u00f6l\u00fcmb\u00fcy\u00fcc\u00fclerine ihtiyac\u0131 var. Dokuzuncu Hane\u2019nin \u00f6l\u00fcmb\u00fcy\u00fcc\u00fcs\u00fc Harrowhark Nonagesimus\u2019un da bir kavalyeye\u2026D\u00fc\u015fmanl\u0131k dolu ve kemik erimesinden mustarip rahibelerin, antika hizmetlilerin ve say\u0131s\u0131z iskeletin yeti\u015ftirdi\u011fi Gideon\u2019\u0131n ise bir k\u0131l\u0131c\u0131 ve a\u00e7\u0131k sa\u00e7\u0131k dergileri d\u0131\u015f\u0131nda hi\u00e7bir \u015feyi yok. Dokuzuncu Hane\u2019deki sa\u00e7mal\u0131klara ay\u0131racak zaman\u0131 da&#8230; K\u00f6lelikten h\u00e2llice hayat\u0131n\u0131 geride b\u0131rakmaya haz\u0131r art\u0131k.Ancak c\u00fcretk\u00e2r ka\u00e7\u0131\u015f plan\u0131n\u0131 uygulamaya koydu\u011funda \u00e7ocukluk d\u00fc\u015fman\u0131 taraf\u0131ndan enselenen Gideon, haneye son bir hizmet kar\u015f\u0131l\u0131\u011f\u0131nda \u00f6zg\u00fcrl\u00fc\u011f\u00fcne kavu\u015fabilece\u011fini \u00f6\u011frenir. Anla\u015f\u0131lan Dokuzuncu Hane\u2019nin Muhterem K\u0131z\u0131 ve ola\u011fan\u00fcst\u00fc kemik cad\u0131s\u0131 Harrowhark Nonagesimus, \u0130mparator\u2019un her sad\u0131k hanesindeki v\u00e2risleri davet etti\u011fi \u00f6l\u00fcmc\u00fcl bir zek\u00e2 ve beceri s\u0131nav\u0131na kat\u0131lacakt\u0131r ve kavalyesi olarak da Gideon\u2019\u0131 yan\u0131na almak zorundad\u0131r. Bu s\u0131navda ba\u015far\u0131s\u0131z oldu\u011fu takdirde ise Dokuzuncu Hane \u00f6lecek ve tarihin tozlu sayfalar\u0131nda kaybolacakt\u0131r.Ger\u00e7i baz\u0131 \u015feylerin \u00f6l\u00fc b\u0131rak\u0131lmas\u0131 iyidir.\u201cOkudu\u011fum hi\u00e7bir \u015feye benzemiyor. Muir\u2019in \u00fcslubu k\u0131r\u0131k bir di\u015f kadar keskin ve bir o kadar da rahats\u0131z edici.\u201d \u2013V.E. Schwab\u201cEn son ne zaman bir kitab\u0131n beni bu kadar \u015fa\u015f\u0131rtt\u0131\u011f\u0131n\u0131 hat\u0131rlam\u0131yorum. Hayret uyand\u0131ran, t\u00fcre meydan okuyan, komik-\u015fiddetli-trajik-korkutucu-heyecan verici bir roman harikas\u0131.\u201d \u2013Kiersten White<\/p>\n","protected":false},"excerpt":{"rendered":"<p>Locus En \u0130yi \u0130lk Roman \u00d6d\u00fcl\u00fc Kazanan\u0131Nebula En \u0130yi Roman Aday\u0131 , Hugo En \u0130yi Roman Aday\u0131, D\u00fcnya Fantazi En \u0130yi Roman Aday\u0131\u0130mparator\u2019un \u00f6l\u00fcmb\u00fcy\u00fcc\u00fclerine ihtiyac\u0131 var.<span class=\"excerpt-hellip\"> [\u2026]<\/span><\/p>\n","protected":false},"featured_media":0,"template":"","meta":{"_monsterinsights_skip_tracking":false,"_monsterinsights_sitenote_active":false,"_monsterinsights_sitenote_note":"","_monsterinsights_sitenote_category":0},"product_brand":[],"product_cat":[12291,14777],"product_tag":[],"class_list":{"0":"post-737202","1":"product","2":"type-product","3":"status-publish","5":"product_cat-edebiyat","6":"product_cat-fantastik","7":"pa_cilt-ciltsiz","8":"pa_tur-kitap","9":"pa_yayinevi-ithaki-yayinlari","10":"pa_yazar-tamsyn-muir","12":"first","13":"instock","14":"sale","15":"shipping-taxable","16":"purchasable","17":"product-type-simple"},"_links":{"self":[{"href":"https:\/\/roveyayinevi.com.tr\/index.php\/wp-json\/wp\/v2\/product\/737202","targetHints":{"allow":["GET"]}}],"collection":[{"href":"https:\/\/roveyayinevi.com.tr\/index.php\/wp-json\/wp\/v2\/product"}],"about":[{"href":"https:\/\/roveyayinevi.com.tr\/index.php\/wp-json\/wp\/v2\/types\/product"}],"wp:attachment":[{"href":"https:\/\/roveyayinevi.com.tr\/index.php\/wp-json\/wp\/v2\/media?parent=737202"}],"wp:term":[{"taxonomy":"product_brand","embeddable":true,"href":"https:\/\/roveyayinevi.com.tr\/index.php\/wp-json\/wp\/v2\/product_brand?post=737202"},{"taxonomy":"product_cat","embeddable":true,"href":"https:\/\/roveyayinevi.com.tr\/index.php\/wp-json\/wp\/v2\/product_cat?post=737202"},{"taxonomy":"product_tag","embeddable":true,"href":"https:\/\/roveyayinevi.com.tr\/index.php\/wp-json\/wp\/v2\/product_tag?post=737202"}],"curies":[{"name":"wp","href":"https:\/\/api.w.org\/{rel}","templated":true}]}}