{"id":737199,"date":"2025-08-27T23:22:56","date_gmt":"2025-08-27T20:22:56","guid":{"rendered":"https:\/\/roveyayinevi.com.tr\/index.php\/urun\/iki-cihanin-bekcisi\/"},"modified":"2026-02-02T02:51:48","modified_gmt":"2026-02-01T23:51:48","slug":"iki-cihanin-bekcisi","status":"publish","type":"product","link":"https:\/\/roveyayinevi.com.tr\/index.php\/urun\/iki-cihanin-bekcisi\/","title":{"rendered":"\u0130ki Cihan\u0131n Bek\u00e7isi"},"content":{"rendered":"<p>&#8220;Benim efendim iki cihan\u0131n bek\u00e7isidir; k\u00e2h o \u00e2lemde k\u00e2h bu \u00e2lemde dolan\u0131r. Diledi\u011fi vakit diledi\u011fi k\u0131l\u0131\u011fa girendir o; k\u00e2h hanc\u0131 k\u00e2h yolcu olarak g\u00f6r\u00fcn\u00fcr.&#8221;Birinci D\u00fcnya Sava\u015f\u0131&#8230; Osmanl\u0131 \u0130mparatorlu\u011fu Yemen cephesinde a\u011f\u0131r bir yenilgi alm\u0131\u015ft\u0131r, Yemen\u2019de a\u00e7l\u0131k, sefalet, zul\u00fcm ve y\u0131k\u0131m vard\u0131r.Sava\u015f\u0131n deh\u015fetiyle cay\u0131r cay\u0131r yanan \u00e7\u00f6llerde yi\u011fitli\u011fi ve boyun e\u011fmezli\u011fiyle nam salm\u0131\u015f olan Osmanl\u0131 subay\u0131 Tevfik, ihanetin en ac\u0131s\u0131n\u0131 tadar ve kay\u0131plar\u0131n en a\u011f\u0131r\u0131n\u0131 ya\u015far. Ancak her \u015feyini kaybeden Tevfik ihanetin ortas\u0131nda ger\u00e7ek a\u015fka kavu\u015fur.&#8221;Dedim, efendim ben \u0131ss\u0131z \u00e7\u00f6llerin ortas\u0131nda bir ba\u015f\u0131ma kald\u0131m. Benim cefamdan kimin haberi vard\u0131r? Dedi, o\u011ful sen garip de\u011filsin, elbet senin de bir sahibin vard\u0131r. Kor gibi yan\u0131nca kavu\u015fursun O\u2019na, O, senin g\u00f6nl\u00fcn\u00fcn taht\u0131nda oturan y\u00e2rdir. Dedim, efendim ben her solukta ayr\u0131 bir gam \u00e7ektim. Benim g\u00f6rd\u00fc\u011f\u00fcm zorluklar\u0131n hesab\u0131n\u0131 kim sorar? Dedi, o\u011ful bu y\u0131k\u0131k d\u00f6k\u00fck yer senin evin de\u011fildir. \u00d6fke ate\u015fini s\u00f6nd\u00fcrd\u00fc\u011f\u00fcn vakit baht\u0131n\u0131n sabah\u0131 ta ak\u015famdan do\u011far. Dedim, efendim ben g\u00fcne\u015fin nuruna hasret kald\u0131m. Benim d\u00fc\u015ft\u00fc\u011f\u00fcm derdin hikmetini kim bilir? Dedi, o\u011ful bu karanl\u0131k yer senin evin de\u011fildir. Akl\u0131 g\u00f6n\u00fclle de\u011fi\u015fti\u011fin vakit hayal bile edemedi\u011fin \u015feylerin hepsi ba\u015f\u0131na gelir.&#8221;<\/p>\n","protected":false},"excerpt":{"rendered":"<p>&#8220;Benim efendim iki cihan\u0131n bek\u00e7isidir; k\u00e2h o \u00e2lemde k\u00e2h bu \u00e2lemde dolan\u0131r. Diledi\u011fi vakit diledi\u011fi k\u0131l\u0131\u011fa girendir o; k\u00e2h hanc\u0131 k\u00e2h yolcu olarak g\u00f6r\u00fcn\u00fcr.&#8221;Birinci D\u00fcnya Sava\u015f\u0131&#8230;<span class=\"excerpt-hellip\"> [\u2026]<\/span><\/p>\n","protected":false},"featured_media":0,"template":"","meta":{"_monsterinsights_skip_tracking":false,"_monsterinsights_sitenote_active":false,"_monsterinsights_sitenote_note":"","_monsterinsights_sitenote_category":0},"product_brand":[],"product_cat":[12291,12711],"product_tag":[],"class_list":{"0":"post-737199","1":"product","2":"type-product","3":"status-publish","5":"product_cat-edebiyat","6":"product_cat-roman-oyku","7":"pa_cilt-ciltsiz","8":"pa_tur-kitap","9":"pa_yayinevi-destek-yayinlari","10":"pa_yazar-berrak-yurdakul","12":"first","13":"instock","14":"sale","15":"shipping-taxable","16":"purchasable","17":"product-type-simple"},"_links":{"self":[{"href":"https:\/\/roveyayinevi.com.tr\/index.php\/wp-json\/wp\/v2\/product\/737199","targetHints":{"allow":["GET"]}}],"collection":[{"href":"https:\/\/roveyayinevi.com.tr\/index.php\/wp-json\/wp\/v2\/product"}],"about":[{"href":"https:\/\/roveyayinevi.com.tr\/index.php\/wp-json\/wp\/v2\/types\/product"}],"wp:attachment":[{"href":"https:\/\/roveyayinevi.com.tr\/index.php\/wp-json\/wp\/v2\/media?parent=737199"}],"wp:term":[{"taxonomy":"product_brand","embeddable":true,"href":"https:\/\/roveyayinevi.com.tr\/index.php\/wp-json\/wp\/v2\/product_brand?post=737199"},{"taxonomy":"product_cat","embeddable":true,"href":"https:\/\/roveyayinevi.com.tr\/index.php\/wp-json\/wp\/v2\/product_cat?post=737199"},{"taxonomy":"product_tag","embeddable":true,"href":"https:\/\/roveyayinevi.com.tr\/index.php\/wp-json\/wp\/v2\/product_tag?post=737199"}],"curies":[{"name":"wp","href":"https:\/\/api.w.org\/{rel}","templated":true}]}}