{"id":737198,"date":"2025-08-27T23:22:54","date_gmt":"2025-08-27T20:22:54","guid":{"rendered":"https:\/\/roveyayinevi.com.tr\/index.php\/urun\/dogada-eglenceli-boyama\/"},"modified":"2025-11-13T07:30:34","modified_gmt":"2025-11-13T04:30:34","slug":"dogada-eglenceli-boyama","status":"publish","type":"product","link":"https:\/\/roveyayinevi.com.tr\/index.php\/urun\/dogada-eglenceli-boyama\/","title":{"rendered":"Do\u011fada \u2013 E\u011flenceli Boyama"},"content":{"rendered":"<p>Boyalar\u0131n\u0131 al ve harika do\u011fa maceralar\u0131na haz\u0131rlan. K\u00fc\u00e7\u00fck ya\u015ftaki \u00e7ocuklar i\u00e7in haz\u0131rlanm\u0131\u015f bu boyama kitab\u0131 \u00e7ocuklar\u0131n renkleri ve bir\u00e7ok hayvan\u0131n ad\u0131n\u0131 \u00f6\u011frenmesine yard\u0131m ederken, odaklanma becerileri ve el g\u00f6z koordinasyonlar\u0131n\u0131 da geli\u015ftirecektir. <\/p>\n","protected":false},"excerpt":{"rendered":"<p>Boyalar\u0131n\u0131 al ve harika do\u011fa maceralar\u0131na haz\u0131rlan. K\u00fc\u00e7\u00fck ya\u015ftaki \u00e7ocuklar i\u00e7in haz\u0131rlanm\u0131\u015f bu boyama kitab\u0131 \u00e7ocuklar\u0131n renkleri ve bir\u00e7ok hayvan\u0131n ad\u0131n\u0131 \u00f6\u011frenmesine yard\u0131m ederken, odaklanma becerileri<span class=\"excerpt-hellip\"> [\u2026]<\/span><\/p>\n","protected":false},"featured_media":0,"template":"","meta":{"_monsterinsights_skip_tracking":false,"_monsterinsights_sitenote_active":false,"_monsterinsights_sitenote_note":"","_monsterinsights_sitenote_category":0},"product_brand":[],"product_cat":[12644,12274],"product_tag":[],"class_list":{"0":"post-737198","1":"product","2":"type-product","3":"status-publish","5":"product_cat-boyama-kitaplari","6":"product_cat-cocuk-ve-genclik-kitaplari","7":"pa_cilt-ciltsiz","8":"pa_tur-kitap","9":"pa_yayinevi-is-bankasi-kultur-yayinlari","10":"pa_yazar-is-bankasi-kollektif","12":"first","13":"instock","14":"sale","15":"shipping-taxable","16":"purchasable","17":"product-type-simple"},"_links":{"self":[{"href":"https:\/\/roveyayinevi.com.tr\/index.php\/wp-json\/wp\/v2\/product\/737198","targetHints":{"allow":["GET"]}}],"collection":[{"href":"https:\/\/roveyayinevi.com.tr\/index.php\/wp-json\/wp\/v2\/product"}],"about":[{"href":"https:\/\/roveyayinevi.com.tr\/index.php\/wp-json\/wp\/v2\/types\/product"}],"wp:attachment":[{"href":"https:\/\/roveyayinevi.com.tr\/index.php\/wp-json\/wp\/v2\/media?parent=737198"}],"wp:term":[{"taxonomy":"product_brand","embeddable":true,"href":"https:\/\/roveyayinevi.com.tr\/index.php\/wp-json\/wp\/v2\/product_brand?post=737198"},{"taxonomy":"product_cat","embeddable":true,"href":"https:\/\/roveyayinevi.com.tr\/index.php\/wp-json\/wp\/v2\/product_cat?post=737198"},{"taxonomy":"product_tag","embeddable":true,"href":"https:\/\/roveyayinevi.com.tr\/index.php\/wp-json\/wp\/v2\/product_tag?post=737198"}],"curies":[{"name":"wp","href":"https:\/\/api.w.org\/{rel}","templated":true}]}}