{"id":737197,"date":"2025-08-27T23:22:53","date_gmt":"2025-08-27T20:22:53","guid":{"rendered":"https:\/\/roveyayinevi.com.tr\/index.php\/urun\/londradan-sevgilerle\/"},"modified":"2026-04-16T02:46:40","modified_gmt":"2026-04-15T23:46:40","slug":"londradan-sevgilerle","status":"publish","type":"product","link":"https:\/\/roveyayinevi.com.tr\/index.php\/urun\/londradan-sevgilerle\/","title":{"rendered":"Londra&#8217;dan Sevgilerle"},"content":{"rendered":"<p>\u201cNas\u0131l ki nergisler her bahar donmu\u015f topraktan kendilerini g\u00f6sterebiliyorsa ben de ac\u0131ma dayanabilirdim.\u201d  Zorlu bir bo\u015fanma s\u00fcrecini atlatmaya \u00e7al\u0131\u015fan Valentina, y\u0131llard\u0131r g\u00f6r\u00fc\u015fmedi\u011fi annesinin \u00f6ld\u00fc\u011f\u00fcn\u00fc ve ona Londra\u2019da Kitap Bah\u00e7esi isimli bir kitabevini miras b\u0131rakt\u0131\u011f\u0131n\u0131 \u00f6\u011frenince Amerika\u2019dan \u0130ngiltere\u2019ye uzanan bir yolculu\u011fa \u00e7\u0131kar. \u00c7ocuklu\u011fundan beri ger\u00e7ek bir kitapsever olan Valentina Londra\u2019n\u0131n en g\u00fczel semtlerinden birindeki kitabevini g\u00f6r\u00fcr g\u00f6rmez bu masals\u0131 yere \u00e2\u015f\u0131k olur. Her girenin ne\u015fe ve huzur buldu\u011fu Kitap Bah\u00e7esi, Valentina hen\u00fcz bilmese de annesinin onun i\u00e7in haz\u0131rlad\u0131\u011f\u0131 s\u00fcrprizlerle doludur. Ne var ki kitabevinin y\u00fckl\u00fc bir vergi borcu vard\u0131r ve Valentina annesinin miras\u0131n\u0131 ya\u015fatmakla onu satmak aras\u0131nda bir karar vermek zorundad\u0131r. Londra\u2019dan Sevgilerle, Londra\u2019n\u0131n pastel renkli sokaklar\u0131nda Valentina\u2019n\u0131n kalbini yepyeni bir \u015fehre a\u00e7\u0131p kay\u0131plar\u0131n\u0131, k\u0131rg\u0131nl\u0131klar\u0131n\u0131 ve bitmi\u015f evlili\u011fini temize \u00e7ekmesinin umut dolu hik\u00e2yesi&#8230;<\/p>\n","protected":false},"excerpt":{"rendered":"<p>\u201cNas\u0131l ki nergisler her bahar donmu\u015f topraktan kendilerini g\u00f6sterebiliyorsa ben de ac\u0131ma dayanabilirdim.\u201d Zorlu bir bo\u015fanma s\u00fcrecini atlatmaya \u00e7al\u0131\u015fan Valentina, y\u0131llard\u0131r g\u00f6r\u00fc\u015fmedi\u011fi annesinin \u00f6ld\u00fc\u011f\u00fcn\u00fc ve ona<span class=\"excerpt-hellip\"> [\u2026]<\/span><\/p>\n","protected":false},"featured_media":0,"template":"","meta":{"_monsterinsights_skip_tracking":false,"_monsterinsights_sitenote_active":false,"_monsterinsights_sitenote_note":"","_monsterinsights_sitenote_category":0},"product_brand":[],"product_cat":[12291,12711],"product_tag":[],"class_list":{"0":"post-737197","1":"product","2":"type-product","3":"status-publish","5":"product_cat-edebiyat","6":"product_cat-roman-oyku","7":"pa_cilt-ciltsiz","8":"pa_tur-kitap","9":"pa_yayinevi-epsilon-yayinlari","10":"pa_yazar-sarah-jio","12":"first","13":"instock","14":"sale","15":"shipping-taxable","16":"purchasable","17":"product-type-simple"},"_links":{"self":[{"href":"https:\/\/roveyayinevi.com.tr\/index.php\/wp-json\/wp\/v2\/product\/737197","targetHints":{"allow":["GET"]}}],"collection":[{"href":"https:\/\/roveyayinevi.com.tr\/index.php\/wp-json\/wp\/v2\/product"}],"about":[{"href":"https:\/\/roveyayinevi.com.tr\/index.php\/wp-json\/wp\/v2\/types\/product"}],"wp:attachment":[{"href":"https:\/\/roveyayinevi.com.tr\/index.php\/wp-json\/wp\/v2\/media?parent=737197"}],"wp:term":[{"taxonomy":"product_brand","embeddable":true,"href":"https:\/\/roveyayinevi.com.tr\/index.php\/wp-json\/wp\/v2\/product_brand?post=737197"},{"taxonomy":"product_cat","embeddable":true,"href":"https:\/\/roveyayinevi.com.tr\/index.php\/wp-json\/wp\/v2\/product_cat?post=737197"},{"taxonomy":"product_tag","embeddable":true,"href":"https:\/\/roveyayinevi.com.tr\/index.php\/wp-json\/wp\/v2\/product_tag?post=737197"}],"curies":[{"name":"wp","href":"https:\/\/api.w.org\/{rel}","templated":true}]}}