{"id":737196,"date":"2025-08-27T23:22:52","date_gmt":"2025-08-27T20:22:52","guid":{"rendered":"https:\/\/roveyayinevi.com.tr\/index.php\/urun\/dinolar-saymayi-ogreniyor\/"},"modified":"2026-04-16T02:46:40","modified_gmt":"2026-04-15T23:46:40","slug":"dinolar-saymayi-ogreniyor","status":"publish","type":"product","link":"https:\/\/roveyayinevi.com.tr\/index.php\/urun\/dinolar-saymayi-ogreniyor\/","title":{"rendered":"Dinolar Saymay\u0131 \u00d6\u011freniyor"},"content":{"rendered":"<p>D\u00fcnyada ya\u015fayan en zeki dinolar Birbirlerini buldular Be\u015fli bir tak\u0131m kurdular. \u201cBiz saymay\u0131 seviyoruz\u201d dediler, \u201cBu do\u011fru! Madem biz sayabiliyoruz, sen de yapabilirsin bunu!\u201d<\/p>\n","protected":false},"excerpt":{"rendered":"<p>D\u00fcnyada ya\u015fayan en zeki dinolar Birbirlerini buldular Be\u015fli bir tak\u0131m kurdular. \u201cBiz saymay\u0131 seviyoruz\u201d dediler, \u201cBu do\u011fru! Madem biz sayabiliyoruz, sen de yapabilirsin bunu!\u201d<\/p>\n","protected":false},"featured_media":0,"template":"","meta":{"_monsterinsights_skip_tracking":false,"_monsterinsights_sitenote_active":false,"_monsterinsights_sitenote_note":"","_monsterinsights_sitenote_category":0},"product_brand":[],"product_cat":[12274,12518],"product_tag":[],"class_list":{"0":"post-737196","1":"product","2":"type-product","3":"status-publish","5":"product_cat-cocuk-ve-genclik-kitaplari","6":"product_cat-okul-oncesi-kitaplar","7":"pa_cilt-ciltsiz","8":"pa_tur-kitap","9":"pa_yayinevi-is-bankasi-kultur-yayinlari","10":"pa_yazar-eric-pinder","12":"first","13":"instock","14":"sale","15":"shipping-taxable","16":"purchasable","17":"product-type-simple"},"_links":{"self":[{"href":"https:\/\/roveyayinevi.com.tr\/index.php\/wp-json\/wp\/v2\/product\/737196","targetHints":{"allow":["GET"]}}],"collection":[{"href":"https:\/\/roveyayinevi.com.tr\/index.php\/wp-json\/wp\/v2\/product"}],"about":[{"href":"https:\/\/roveyayinevi.com.tr\/index.php\/wp-json\/wp\/v2\/types\/product"}],"wp:attachment":[{"href":"https:\/\/roveyayinevi.com.tr\/index.php\/wp-json\/wp\/v2\/media?parent=737196"}],"wp:term":[{"taxonomy":"product_brand","embeddable":true,"href":"https:\/\/roveyayinevi.com.tr\/index.php\/wp-json\/wp\/v2\/product_brand?post=737196"},{"taxonomy":"product_cat","embeddable":true,"href":"https:\/\/roveyayinevi.com.tr\/index.php\/wp-json\/wp\/v2\/product_cat?post=737196"},{"taxonomy":"product_tag","embeddable":true,"href":"https:\/\/roveyayinevi.com.tr\/index.php\/wp-json\/wp\/v2\/product_tag?post=737196"}],"curies":[{"name":"wp","href":"https:\/\/api.w.org\/{rel}","templated":true}]}}