{"id":737195,"date":"2025-08-27T23:22:51","date_gmt":"2025-08-27T20:22:51","guid":{"rendered":"https:\/\/roveyayinevi.com.tr\/index.php\/urun\/sincapin-sirri\/"},"modified":"2026-04-16T02:46:40","modified_gmt":"2026-04-15T23:46:40","slug":"sincapin-sirri","status":"publish","type":"product","link":"https:\/\/roveyayinevi.com.tr\/index.php\/urun\/sincapin-sirri\/","title":{"rendered":"Sincap\u2019\u0131n S\u0131rr\u0131"},"content":{"rendered":"<p>Sincap \u00e7ok ama \u00e7ok heyecanl\u0131. T\u00fcm arkada\u015flar\u0131n\u0131 davet edece\u011fi harika bir parti d\u00fczenliyor. Onlara s\u00fcrpriz yapmak i\u00e7in, partisinin bir s\u0131r olarak kalmas\u0131 laz\u0131m. Ama Sincap dayanam\u0131yor. Arkada\u015f\u0131na s\u0131rr\u0131n\u0131 verse ne olur ki?Minikler bu kitapta do\u011fru ve etkili ileti\u015fim kurman\u0131n \u00f6nemini ke\u015ffedecekler.<\/p>\n","protected":false},"excerpt":{"rendered":"<p>Sincap \u00e7ok ama \u00e7ok heyecanl\u0131. T\u00fcm arkada\u015flar\u0131n\u0131 davet edece\u011fi harika bir parti d\u00fczenliyor. Onlara s\u00fcrpriz yapmak i\u00e7in, partisinin bir s\u0131r olarak kalmas\u0131 laz\u0131m. Ama Sincap dayanam\u0131yor.<span class=\"excerpt-hellip\"> [\u2026]<\/span><\/p>\n","protected":false},"featured_media":0,"template":"","meta":{"_monsterinsights_skip_tracking":false,"_monsterinsights_sitenote_active":false,"_monsterinsights_sitenote_note":"","_monsterinsights_sitenote_category":0},"product_brand":[],"product_cat":[12274,12518],"product_tag":[],"class_list":{"0":"post-737195","1":"product","2":"type-product","3":"status-publish","5":"product_cat-cocuk-ve-genclik-kitaplari","6":"product_cat-okul-oncesi-kitaplar","7":"pa_cilt-ciltsiz","8":"pa_tur-kitap","9":"pa_yayinevi-is-bankasi-kultur-yayinlari","10":"pa_yazar-susie-linn","12":"first","13":"instock","14":"sale","15":"shipping-taxable","16":"purchasable","17":"product-type-simple"},"_links":{"self":[{"href":"https:\/\/roveyayinevi.com.tr\/index.php\/wp-json\/wp\/v2\/product\/737195","targetHints":{"allow":["GET"]}}],"collection":[{"href":"https:\/\/roveyayinevi.com.tr\/index.php\/wp-json\/wp\/v2\/product"}],"about":[{"href":"https:\/\/roveyayinevi.com.tr\/index.php\/wp-json\/wp\/v2\/types\/product"}],"wp:attachment":[{"href":"https:\/\/roveyayinevi.com.tr\/index.php\/wp-json\/wp\/v2\/media?parent=737195"}],"wp:term":[{"taxonomy":"product_brand","embeddable":true,"href":"https:\/\/roveyayinevi.com.tr\/index.php\/wp-json\/wp\/v2\/product_brand?post=737195"},{"taxonomy":"product_cat","embeddable":true,"href":"https:\/\/roveyayinevi.com.tr\/index.php\/wp-json\/wp\/v2\/product_cat?post=737195"},{"taxonomy":"product_tag","embeddable":true,"href":"https:\/\/roveyayinevi.com.tr\/index.php\/wp-json\/wp\/v2\/product_tag?post=737195"}],"curies":[{"name":"wp","href":"https:\/\/api.w.org\/{rel}","templated":true}]}}