{"id":737194,"date":"2025-08-27T23:22:50","date_gmt":"2025-08-27T20:22:50","guid":{"rendered":"https:\/\/roveyayinevi.com.tr\/index.php\/urun\/harikalar-diyari\/"},"modified":"2026-04-16T02:46:40","modified_gmt":"2026-04-15T23:46:40","slug":"harikalar-diyari","status":"publish","type":"product","link":"https:\/\/roveyayinevi.com.tr\/index.php\/urun\/harikalar-diyari\/","title":{"rendered":"Harikalar Diyar\u0131"},"content":{"rendered":"<p>D\u00fcnya g\u00fczelliklerle doludur, de\u011ferini bilirsen. Yapacak ne \u00e7ok harika \u015fey var, biraz d\u00fc\u015f\u00fcn\u00fcrsen. Hi\u00e7 \u00e7ekinme yeni \u015feyler denemekten. Ke\u015ffet d\u00fcnyay\u0131, \u00f6\u011fren, e\u011flen!<\/p>\n","protected":false},"excerpt":{"rendered":"<p>D\u00fcnya g\u00fczelliklerle doludur, de\u011ferini bilirsen. Yapacak ne \u00e7ok harika \u015fey var, biraz d\u00fc\u015f\u00fcn\u00fcrsen. Hi\u00e7 \u00e7ekinme yeni \u015feyler denemekten. Ke\u015ffet d\u00fcnyay\u0131, \u00f6\u011fren, e\u011flen!<\/p>\n","protected":false},"featured_media":0,"template":"","meta":{"_monsterinsights_skip_tracking":false,"_monsterinsights_sitenote_active":false,"_monsterinsights_sitenote_note":"","_monsterinsights_sitenote_category":0},"product_brand":[],"product_cat":[12274,12518],"product_tag":[],"class_list":{"0":"post-737194","1":"product","2":"type-product","3":"status-publish","5":"product_cat-cocuk-ve-genclik-kitaplari","6":"product_cat-okul-oncesi-kitaplar","7":"pa_cilt-ciltsiz","8":"pa_tur-kitap","9":"pa_yayinevi-is-bankasi-kultur-yayinlari","10":"pa_yazar-amber-lily","12":"first","13":"instock","14":"sale","15":"shipping-taxable","16":"purchasable","17":"product-type-simple"},"_links":{"self":[{"href":"https:\/\/roveyayinevi.com.tr\/index.php\/wp-json\/wp\/v2\/product\/737194","targetHints":{"allow":["GET"]}}],"collection":[{"href":"https:\/\/roveyayinevi.com.tr\/index.php\/wp-json\/wp\/v2\/product"}],"about":[{"href":"https:\/\/roveyayinevi.com.tr\/index.php\/wp-json\/wp\/v2\/types\/product"}],"wp:attachment":[{"href":"https:\/\/roveyayinevi.com.tr\/index.php\/wp-json\/wp\/v2\/media?parent=737194"}],"wp:term":[{"taxonomy":"product_brand","embeddable":true,"href":"https:\/\/roveyayinevi.com.tr\/index.php\/wp-json\/wp\/v2\/product_brand?post=737194"},{"taxonomy":"product_cat","embeddable":true,"href":"https:\/\/roveyayinevi.com.tr\/index.php\/wp-json\/wp\/v2\/product_cat?post=737194"},{"taxonomy":"product_tag","embeddable":true,"href":"https:\/\/roveyayinevi.com.tr\/index.php\/wp-json\/wp\/v2\/product_tag?post=737194"}],"curies":[{"name":"wp","href":"https:\/\/api.w.org\/{rel}","templated":true}]}}