{"id":737191,"date":"2025-08-27T23:22:46","date_gmt":"2025-08-27T20:22:46","guid":{"rendered":"https:\/\/roveyayinevi.com.tr\/index.php\/urun\/iletisim-eglenceli-etkinlikler\/"},"modified":"2026-04-16T02:46:40","modified_gmt":"2026-04-15T23:46:40","slug":"iletisim-eglenceli-etkinlikler","status":"publish","type":"product","link":"https:\/\/roveyayinevi.com.tr\/index.php\/urun\/iletisim-eglenceli-etkinlikler\/","title":{"rendered":"\u0130leti\u015fim &#8211; E\u011flenceli Etkinlikler"},"content":{"rendered":"<p>\u0130leti\u015fim yetenekleri STEM\u2019in vazge\u00e7ilmez bir par\u00e7as\u0131d\u0131r. Gelece\u011fin STEM y\u0131ld\u0131zlar\u0131, bu kitapta yer alan, harika resimlerin e\u015flik etti\u011fi e\u011flenceli etkinlikleri yaparak, ifade ara\u00e7lar\u0131n\u0131 geli\u015ftirecekler. B\u00f6ylece yapt\u0131klar\u0131 bulu\u015flar\u0131 daha iyi a\u00e7\u0131klayabilecek, yapt\u0131klar\u0131 ara\u015ft\u0131rmalar\u0131n sonu\u00e7lar\u0131n\u0131 daha sa\u011fl\u0131kl\u0131 \u00e7\u00f6z\u00fcmleyebilecek, yeni malzemeler bulup okurlar\u0131n\u0131 daha iyi ikna edebilecekler.<\/p>\n","protected":false},"excerpt":{"rendered":"<p>\u0130leti\u015fim yetenekleri STEM\u2019in vazge\u00e7ilmez bir par\u00e7as\u0131d\u0131r. Gelece\u011fin STEM y\u0131ld\u0131zlar\u0131, bu kitapta yer alan, harika resimlerin e\u015flik etti\u011fi e\u011flenceli etkinlikleri yaparak, ifade ara\u00e7lar\u0131n\u0131 geli\u015ftirecekler. B\u00f6ylece yapt\u0131klar\u0131 bulu\u015flar\u0131<span class=\"excerpt-hellip\"> [\u2026]<\/span><\/p>\n","protected":false},"featured_media":0,"template":"","meta":{"_monsterinsights_skip_tracking":false,"_monsterinsights_sitenote_active":false,"_monsterinsights_sitenote_note":"","_monsterinsights_sitenote_category":0},"product_brand":[],"product_cat":[13005,13006],"product_tag":[],"class_list":{"0":"post-737191","1":"product","2":"type-product","3":"status-publish","5":"product_cat-bilim-muhendislik","6":"product_cat-populer-bilim","7":"pa_cilt-ciltsiz","8":"pa_tur-kitap","9":"pa_yayinevi-is-bankasi-kultur-yayinlari","10":"pa_yazar-jenny-jacoby","12":"first","13":"instock","14":"sale","15":"shipping-taxable","16":"purchasable","17":"product-type-simple"},"_links":{"self":[{"href":"https:\/\/roveyayinevi.com.tr\/index.php\/wp-json\/wp\/v2\/product\/737191","targetHints":{"allow":["GET"]}}],"collection":[{"href":"https:\/\/roveyayinevi.com.tr\/index.php\/wp-json\/wp\/v2\/product"}],"about":[{"href":"https:\/\/roveyayinevi.com.tr\/index.php\/wp-json\/wp\/v2\/types\/product"}],"wp:attachment":[{"href":"https:\/\/roveyayinevi.com.tr\/index.php\/wp-json\/wp\/v2\/media?parent=737191"}],"wp:term":[{"taxonomy":"product_brand","embeddable":true,"href":"https:\/\/roveyayinevi.com.tr\/index.php\/wp-json\/wp\/v2\/product_brand?post=737191"},{"taxonomy":"product_cat","embeddable":true,"href":"https:\/\/roveyayinevi.com.tr\/index.php\/wp-json\/wp\/v2\/product_cat?post=737191"},{"taxonomy":"product_tag","embeddable":true,"href":"https:\/\/roveyayinevi.com.tr\/index.php\/wp-json\/wp\/v2\/product_tag?post=737191"}],"curies":[{"name":"wp","href":"https:\/\/api.w.org\/{rel}","templated":true}]}}