{"id":737188,"date":"2025-08-27T23:22:43","date_gmt":"2025-08-27T20:22:43","guid":{"rendered":"https:\/\/roveyayinevi.com.tr\/index.php\/urun\/atasozleri-sozlugu-ilkokul-ve-ortaokullar-icin\/"},"modified":"2026-04-16T02:46:40","modified_gmt":"2026-04-15T23:46:40","slug":"atasozleri-sozlugu-ilkokul-ve-ortaokullar-icin","status":"publish","type":"product","link":"https:\/\/roveyayinevi.com.tr\/index.php\/urun\/atasozleri-sozlugu-ilkokul-ve-ortaokullar-icin\/","title":{"rendered":"Atas\u00f6zleri S\u00f6zl\u00fc\u011f\u00fc \u2013 \u0130lkokul ve Ortaokullar \u0130\u00e7in"},"content":{"rendered":"<p>\u0130lkokul ve Ortaokullar i\u00e7in Atas\u00f6zleri S\u00f6zl\u00fc\u011f\u00fc, \u00f6zellikle ilkokul ve ortaokul \u00f6\u011frencileri i\u00e7in haz\u0131rlanm\u0131\u015ft\u0131r. Bu s\u00f6zl\u00fckte yer alan se\u00e7me atas\u00f6zleri yal\u0131n ve anla\u015f\u0131l\u0131r bir dille a\u00e7\u0131klanm\u0131\u015ft\u0131r.Atas\u00f6zleri S\u00f6zl\u00fc\u011f\u00fc haz\u0131rlan\u0131rken, T\u00fcrk Dil Kurumu Yaz\u0131m K\u0131lavuzu\u2019na uyulmu\u015ftur.<\/p>\n","protected":false},"excerpt":{"rendered":"<p>\u0130lkokul ve Ortaokullar i\u00e7in Atas\u00f6zleri S\u00f6zl\u00fc\u011f\u00fc, \u00f6zellikle ilkokul ve ortaokul \u00f6\u011frencileri i\u00e7in haz\u0131rlanm\u0131\u015ft\u0131r. Bu s\u00f6zl\u00fckte yer alan se\u00e7me atas\u00f6zleri yal\u0131n ve anla\u015f\u0131l\u0131r bir dille a\u00e7\u0131klanm\u0131\u015ft\u0131r.Atas\u00f6zleri S\u00f6zl\u00fc\u011f\u00fc<span class=\"excerpt-hellip\"> [\u2026]<\/span><\/p>\n","protected":false},"featured_media":0,"template":"","meta":{"_monsterinsights_skip_tracking":false,"_monsterinsights_sitenote_active":false,"_monsterinsights_sitenote_note":"","_monsterinsights_sitenote_category":0},"product_brand":[],"product_cat":[12566,13611],"product_tag":[],"class_list":{"0":"post-737188","1":"product","2":"type-product","3":"status-publish","5":"product_cat-egitim","6":"product_cat-sozlukler-ve-konusma-kilavuzlari","7":"pa_cilt-ciltsiz","8":"pa_tur-kitap","9":"pa_yayinevi-is-bankasi-kultur-yayinlari","10":"pa_yazar-kemal-bek","11":"pa_yazar-yusuf-cotuksoken","13":"first","14":"instock","15":"sale","16":"shipping-taxable","17":"purchasable","18":"product-type-simple"},"_links":{"self":[{"href":"https:\/\/roveyayinevi.com.tr\/index.php\/wp-json\/wp\/v2\/product\/737188","targetHints":{"allow":["GET"]}}],"collection":[{"href":"https:\/\/roveyayinevi.com.tr\/index.php\/wp-json\/wp\/v2\/product"}],"about":[{"href":"https:\/\/roveyayinevi.com.tr\/index.php\/wp-json\/wp\/v2\/types\/product"}],"wp:attachment":[{"href":"https:\/\/roveyayinevi.com.tr\/index.php\/wp-json\/wp\/v2\/media?parent=737188"}],"wp:term":[{"taxonomy":"product_brand","embeddable":true,"href":"https:\/\/roveyayinevi.com.tr\/index.php\/wp-json\/wp\/v2\/product_brand?post=737188"},{"taxonomy":"product_cat","embeddable":true,"href":"https:\/\/roveyayinevi.com.tr\/index.php\/wp-json\/wp\/v2\/product_cat?post=737188"},{"taxonomy":"product_tag","embeddable":true,"href":"https:\/\/roveyayinevi.com.tr\/index.php\/wp-json\/wp\/v2\/product_tag?post=737188"}],"curies":[{"name":"wp","href":"https:\/\/api.w.org\/{rel}","templated":true}]}}