{"id":737186,"date":"2025-08-27T23:22:41","date_gmt":"2025-08-27T20:22:41","guid":{"rendered":"https:\/\/roveyayinevi.com.tr\/index.php\/urun\/tibbin-oykusu\/"},"modified":"2026-04-16T02:46:40","modified_gmt":"2026-04-15T23:46:40","slug":"tibbin-oykusu","status":"publish","type":"product","link":"https:\/\/roveyayinevi.com.tr\/index.php\/urun\/tibbin-oykusu\/","title":{"rendered":"T\u0131bb\u0131n \u00d6yk\u00fcs\u00fc"},"content":{"rendered":"<p>\u201c\u0130nsanl\u0131\u011f\u0131n nispeten sahip oldu\u011fu bug\u00fcnk\u00fc refah d\u00fczeyine ve sa\u011fl\u0131k ko\u015fullar\u0131na kavu\u015fmak i\u00e7in binlerce y\u0131l ge\u00e7mesi gerekmi\u015ftir. Bize d\u00fc\u015fen bunu korumak ve daha ileriye g\u00f6t\u00fcrmek olmal\u0131d\u0131r. T\u00fcm d\u00fcnya vatanda\u015flar\u0131 olarak, sa\u011fl\u0131kl\u0131 ve mutlu bir ya\u015fam\u0131n ne kadar de\u011ferli oldu\u011funu \u00e7ocuklar\u0131m\u0131za ancak bu \u015fekilde anlatm\u0131\u015f oluruz.\u201dTarih boyunca insanl\u0131k t\u00fcrl\u00fc hastal\u0131klarla m\u00fccadele etmi\u015f, bu hastal\u0131klara \u00e7areler aram\u0131\u015ft\u0131r. \u0130lkel kom\u00fcnal toplumlardan bu yana s\u00fcrekli de\u011fi\u015fim g\u00f6steren uygulamalar, inan\u0131\u015flar ve bilgiler insanl\u0131\u011f\u0131n yan\u0131 s\u0131ra t\u0131p tarihini de \u015fekillendirmi\u015ftir. Farkl\u0131 co\u011frafyalarda kimi zaman benze\u015fen kimi zaman ayr\u0131 yollar takip eden bu tarih\u00e7eyi Cumhur Ertekin, Mezopotamya\u2019dan antik Akdeniz medeniyetlerine ve \u0130slam d\u00fcnyas\u0131na, orta\u00e7a\u011fdan R\u00f6nesans\u2019a ve modern d\u00f6neme uzanan bir perspektifle T\u0131bb\u0131n \u00d6yk\u00fcs\u00fc\u2019nde bir araya getiriyor. Kitab\u0131n sayfalar\u0131n\u0131 \u00e7evirdik\u00e7e t\u0131bb\u0131n zamanda ve mek\u00e2nda izledi\u011fi yolculu\u011fa \u015fahit olacaks\u0131n\u0131z.<\/p>\n","protected":false},"excerpt":{"rendered":"<p>\u201c\u0130nsanl\u0131\u011f\u0131n nispeten sahip oldu\u011fu bug\u00fcnk\u00fc refah d\u00fczeyine ve sa\u011fl\u0131k ko\u015fullar\u0131na kavu\u015fmak i\u00e7in binlerce y\u0131l ge\u00e7mesi gerekmi\u015ftir. Bize d\u00fc\u015fen bunu korumak ve daha ileriye g\u00f6t\u00fcrmek olmal\u0131d\u0131r. T\u00fcm<span class=\"excerpt-hellip\"> [\u2026]<\/span><\/p>\n","protected":false},"featured_media":0,"template":"","meta":{"_monsterinsights_skip_tracking":false,"_monsterinsights_sitenote_active":false,"_monsterinsights_sitenote_note":"","_monsterinsights_sitenote_category":0},"product_brand":[],"product_cat":[13005,37328],"product_tag":[],"class_list":{"0":"post-737186","1":"product","2":"type-product","3":"status-publish","5":"product_cat-bilim-muhendislik","6":"product_cat-diger-bilim-muhendislik","7":"pa_cilt-ciltsiz","8":"pa_tur-kitap","9":"pa_yayinevi-is-bankasi-kultur-yayinlari","10":"pa_yazar-cumhur-ertekin","12":"first","13":"instock","14":"sale","15":"shipping-taxable","16":"purchasable","17":"product-type-simple"},"_links":{"self":[{"href":"https:\/\/roveyayinevi.com.tr\/index.php\/wp-json\/wp\/v2\/product\/737186","targetHints":{"allow":["GET"]}}],"collection":[{"href":"https:\/\/roveyayinevi.com.tr\/index.php\/wp-json\/wp\/v2\/product"}],"about":[{"href":"https:\/\/roveyayinevi.com.tr\/index.php\/wp-json\/wp\/v2\/types\/product"}],"wp:attachment":[{"href":"https:\/\/roveyayinevi.com.tr\/index.php\/wp-json\/wp\/v2\/media?parent=737186"}],"wp:term":[{"taxonomy":"product_brand","embeddable":true,"href":"https:\/\/roveyayinevi.com.tr\/index.php\/wp-json\/wp\/v2\/product_brand?post=737186"},{"taxonomy":"product_cat","embeddable":true,"href":"https:\/\/roveyayinevi.com.tr\/index.php\/wp-json\/wp\/v2\/product_cat?post=737186"},{"taxonomy":"product_tag","embeddable":true,"href":"https:\/\/roveyayinevi.com.tr\/index.php\/wp-json\/wp\/v2\/product_tag?post=737186"}],"curies":[{"name":"wp","href":"https:\/\/api.w.org\/{rel}","templated":true}]}}