{"id":737183,"date":"2025-08-27T23:22:38","date_gmt":"2025-08-27T20:22:38","guid":{"rendered":"https:\/\/roveyayinevi.com.tr\/index.php\/urun\/ev-hanimlarina-mahsus-alafranga-pastacilik\/"},"modified":"2026-04-16T02:46:40","modified_gmt":"2026-04-15T23:46:40","slug":"ev-hanimlarina-mahsus-alafranga-pastacilik","status":"publish","type":"product","link":"https:\/\/roveyayinevi.com.tr\/index.php\/urun\/ev-hanimlarina-mahsus-alafranga-pastacilik\/","title":{"rendered":"Ev Han\u0131mlar\u0131na Mahsus Alafranga Pastac\u0131l\u0131k"},"content":{"rendered":"<p>Son do\u0308nem Osmanl\u0131 toplumunda \u201cBat\u0131 terbiyesiyle yetis\u0327mis\u0327 ayd\u0131n\u201d tiplemesinin en gu\u0308zel o\u0308rneklerinden olan Rabiha Rifat Han\u0131m taraf\u0131ndan kaleme al\u0131nm\u0131s\u0327 Ev Han\u0131mlar\u0131na Mahsus Alafranga Pastac\u0131l\u0131k pastalardan kurabiyelere, bisku\u0308vilerden simite kadar genis\u0327 bir yelpazede 41 tarif ic\u0327eriyor. Gerek kullan\u0131lan malzemeler gerek yap\u0131l\u0131s\u0327 s\u0327ekilleri dikkate al\u0131nd\u0131g\u0306\u0131nda Avrupa\u2019dan \u201cuyarlama\u201d diyebileceg\u0306imiz de bir kitap bu. Ancak her durumda hem ard\u0131nda yatan sosyal tarih, hem yazar\u0131n\u0131n kimlig\u0306i, hem de ic\u0327erdig\u0306i tarifler ac\u0327\u0131s\u0131ndan o\u0308nemli bir kitap. Sadece Rabiha Rifat Han\u0131m\u2019\u0131n tariflerinden de olus\u0327muyor u\u0308stelik: Gu\u0308zin Yal\u0131n, genel olarak pastac\u0131l\u0131k ve Osmanl\u0131 mutfag\u0306\u0131n\u0131n o\u0308zellikleri u\u0308zerine bir c\u0327erc\u0327eve c\u0327izerken; Sula Bozis, Osmanl\u0131\u2019da pastac\u0131l\u0131k ve pastaneler hakk\u0131nda bir deg\u0306erlendirme sunuyor. Emin Nedret I\u0307s\u0327li\u2019nin kaleme ald\u0131g\u0306\u0131 k\u0131sa Rabiha Rifat Han\u0131m biyografisiyse yazar\u0131 biraz daha yak\u0131ndan tan\u0131mam\u0131z\u0131 sag\u0306l\u0131yor. S\u0327ef O\u0308zgu\u0308n U\u0308nver de tarifler hakk\u0131ndaki yorumlar\u0131 ve ac\u0327\u0131klay\u0131c\u0131 notlar\u0131yla, ilginc\u0327 noktalara is\u0327aret ediyor. 1 Kas\u0131m 1928\u2019de \u201cTu\u0308rk Harflerinin Kabul ve Tatbiki Hakk\u0131nda Kanun\u201dun yay\u0131mlanmas\u0131n\u0131n ard\u0131ndan, 1 Ocak 1929 tarihi itibariyle bas\u0327lanan Latin harfli kitap nes\u0327riyat\u0131n\u0131n yemek konulu ilk kitab\u0131n\u0131 (Alafranga ve Alaturka Nefis Yemekler) kaleme alan Rabiha Rifat Han\u0131m\u2019\u0131n Ev Han\u0131mlar\u0131na Mahsus Alafranga Pastac\u0131l\u0131k kitab\u0131 do\u0308nemin mutfak ku\u0308ltu\u0308ru\u0308nu\u0308n bir boyutu ac\u0327\u0131s\u0131ndan zengin bir kaynak. \u201c(&#8230;) bugu\u0308n tu\u0308kettig\u0306imiz haliyle pastalar Osmanl\u0131 mutfag\u0306\u0131nda 19. yu\u0308zy\u0131l\u0131n ikinci yar\u0131s\u0131na kadar mevcut deg\u0306ildi; Osmanl\u0131 sofralar\u0131nda ne kremal\u0131 pastalar ne de c\u0327ikolatal\u0131 yiyecekler vard\u0131. Bu tatlar mutfag\u0306\u0131m\u0131za Bat\u0131 mutfag\u0306\u0131ndan ithal edilmis\u0327 olduklar\u0131 ic\u0327in Osmanl\u0131 Bat\u0131\u2019dan toplumsal olarak etkilenmeye bas\u0327lad\u0131ktan sonra sofralar\u0131m\u0131za ulas\u0327t\u0131lar.\u201d G\u00dcZ\u0130N YALIN<\/p>\n","protected":false},"excerpt":{"rendered":"<p>Son do\u0308nem Osmanl\u0131 toplumunda \u201cBat\u0131 terbiyesiyle yetis\u0327mis\u0327 ayd\u0131n\u201d tiplemesinin en gu\u0308zel o\u0308rneklerinden olan Rabiha Rifat Han\u0131m taraf\u0131ndan kaleme al\u0131nm\u0131s\u0327 Ev Han\u0131mlar\u0131na Mahsus Alafranga Pastac\u0131l\u0131k pastalardan kurabiyelere,<span class=\"excerpt-hellip\"> [\u2026]<\/span><\/p>\n","protected":false},"featured_media":0,"template":"","meta":{"_monsterinsights_skip_tracking":false,"_monsterinsights_sitenote_active":false,"_monsterinsights_sitenote_note":"","_monsterinsights_sitenote_category":0},"product_brand":[],"product_cat":[12457],"product_tag":[],"class_list":{"0":"post-737183","1":"product","2":"type-product","3":"status-publish","5":"product_cat-yemek-kitaplari","6":"pa_cilt-ciltsiz","7":"pa_tur-kitap","8":"pa_yayinevi-iletisim-yayinlari","9":"pa_yazar-rabiha-rifat","11":"first","12":"instock","13":"sale","14":"shipping-taxable","15":"purchasable","16":"product-type-simple"},"_links":{"self":[{"href":"https:\/\/roveyayinevi.com.tr\/index.php\/wp-json\/wp\/v2\/product\/737183","targetHints":{"allow":["GET"]}}],"collection":[{"href":"https:\/\/roveyayinevi.com.tr\/index.php\/wp-json\/wp\/v2\/product"}],"about":[{"href":"https:\/\/roveyayinevi.com.tr\/index.php\/wp-json\/wp\/v2\/types\/product"}],"wp:attachment":[{"href":"https:\/\/roveyayinevi.com.tr\/index.php\/wp-json\/wp\/v2\/media?parent=737183"}],"wp:term":[{"taxonomy":"product_brand","embeddable":true,"href":"https:\/\/roveyayinevi.com.tr\/index.php\/wp-json\/wp\/v2\/product_brand?post=737183"},{"taxonomy":"product_cat","embeddable":true,"href":"https:\/\/roveyayinevi.com.tr\/index.php\/wp-json\/wp\/v2\/product_cat?post=737183"},{"taxonomy":"product_tag","embeddable":true,"href":"https:\/\/roveyayinevi.com.tr\/index.php\/wp-json\/wp\/v2\/product_tag?post=737183"}],"curies":[{"name":"wp","href":"https:\/\/api.w.org\/{rel}","templated":true}]}}