{"id":737179,"date":"2025-08-27T23:22:33","date_gmt":"2025-08-27T20:22:33","guid":{"rendered":"https:\/\/roveyayinevi.com.tr\/index.php\/urun\/sanat-ve-ekoloji\/"},"modified":"2026-04-16T02:46:40","modified_gmt":"2026-04-15T23:46:40","slug":"sanat-ve-ekoloji","status":"publish","type":"product","link":"https:\/\/roveyayinevi.com.tr\/index.php\/urun\/sanat-ve-ekoloji\/","title":{"rendered":"Sanat ve Ekoloji"},"content":{"rendered":"<p>Gu\u0308nu\u0308mu\u0308zde dinamik bir toplumsal-politik hareket olarak ekolojinin sanatc\u0327\u0131lar, ku\u0308rato\u0308rler, kurumlar ve eles\u0327tirmenler ac\u0327\u0131s\u0131ndan bir cazibesi var; konunun acillig\u0306i ve vahameti, bu alandaki sanat u\u0308retimlerine de bir dokunulmazl\u0131k halesi kazand\u0131r\u0131yor. Oysa so\u0308z konusu sergilerin ve dig\u0306er sanat pratiklerinin kimi zaman tam da kendisi, ya yaklas\u0327\u0131m\u0131 ya da icras\u0131 gereg\u0306i ekoloji kars\u0327\u0131t\u0131 bir yerde konumlanabiliyor. Bu kitap, sanat ile ekoloji ilis\u0327kisinin gu\u0308ndeme getirdig\u0306i sorulara, ortaya c\u0327\u0131kard\u0131g\u0306\u0131 c\u0327elis\u0327ki ve ac\u0327mazlara politik ekoloji ekseninden bakmay\u0131 amac\u0327l\u0131yor. Ancak politik ekoloji alan\u0131nda, kimi zaman birbiriyle c\u0327elis\u0327en yaklas\u0327\u0131mlar\u0131 da bar\u0131nd\u0131ran farkl\u0131 perspektifleri go\u0308z ard\u0131 etmeden&#8230; <\/p>\n","protected":false},"excerpt":{"rendered":"<p>Gu\u0308nu\u0308mu\u0308zde dinamik bir toplumsal-politik hareket olarak ekolojinin sanatc\u0327\u0131lar, ku\u0308rato\u0308rler, kurumlar ve eles\u0327tirmenler ac\u0327\u0131s\u0131ndan bir cazibesi var; konunun acillig\u0306i ve vahameti, bu alandaki sanat u\u0308retimlerine de bir<span class=\"excerpt-hellip\"> [\u2026]<\/span><\/p>\n","protected":false},"featured_media":0,"template":"","meta":{"_monsterinsights_skip_tracking":false,"_monsterinsights_sitenote_active":false,"_monsterinsights_sitenote_note":"","_monsterinsights_sitenote_category":0},"product_brand":[],"product_cat":[44608,12408],"product_tag":[],"class_list":{"0":"post-737179","1":"product","2":"type-product","3":"status-publish","5":"product_cat-diger-sanat","6":"product_cat-sanat","7":"pa_cilt-ciltsiz","8":"pa_tur-kitap","9":"pa_yayinevi-iletisim-yayinlari","10":"pa_yazar-eda-sezgin","12":"first","13":"instock","14":"sale","15":"shipping-taxable","16":"purchasable","17":"product-type-simple"},"_links":{"self":[{"href":"https:\/\/roveyayinevi.com.tr\/index.php\/wp-json\/wp\/v2\/product\/737179","targetHints":{"allow":["GET"]}}],"collection":[{"href":"https:\/\/roveyayinevi.com.tr\/index.php\/wp-json\/wp\/v2\/product"}],"about":[{"href":"https:\/\/roveyayinevi.com.tr\/index.php\/wp-json\/wp\/v2\/types\/product"}],"wp:attachment":[{"href":"https:\/\/roveyayinevi.com.tr\/index.php\/wp-json\/wp\/v2\/media?parent=737179"}],"wp:term":[{"taxonomy":"product_brand","embeddable":true,"href":"https:\/\/roveyayinevi.com.tr\/index.php\/wp-json\/wp\/v2\/product_brand?post=737179"},{"taxonomy":"product_cat","embeddable":true,"href":"https:\/\/roveyayinevi.com.tr\/index.php\/wp-json\/wp\/v2\/product_cat?post=737179"},{"taxonomy":"product_tag","embeddable":true,"href":"https:\/\/roveyayinevi.com.tr\/index.php\/wp-json\/wp\/v2\/product_tag?post=737179"}],"curies":[{"name":"wp","href":"https:\/\/api.w.org\/{rel}","templated":true}]}}