{"id":737178,"date":"2025-08-27T23:22:32","date_gmt":"2025-08-27T20:22:32","guid":{"rendered":"https:\/\/roveyayinevi.com.tr\/index.php\/urun\/annelikten-pisman-olmak\/"},"modified":"2025-11-21T07:35:13","modified_gmt":"2025-11-21T04:35:13","slug":"annelikten-pisman-olmak","status":"publish","type":"product","link":"https:\/\/roveyayinevi.com.tr\/index.php\/urun\/annelikten-pisman-olmak\/","title":{"rendered":"Annelikten Pi\u015fman Olmak"},"content":{"rendered":"<p>\u201c\u0130nsanl\u0131k tarihi boyunca kad\u0131nlar\u0131n c\u0327ocuk dog\u0306urup onlara bakmas\u0131 o\u0308yle dog\u0306al ve s\u0131radan go\u0308ru\u0308lmu\u0308s\u0327 ki, bugu\u0308n anne olmamay\u0131 tercih eden kad\u0131nlar bir tu\u0308r tehdit unsuru gibi alg\u0131lan\u0131yor. Bu kis\u0327iler biteviye toplumun \u2018Bir gu\u0308n pis\u0327man olacaks\u0131n\u2019 silah\u0131yla tehdit ediliyorlar. Tersi ihtimal ak\u0131llara dahi getirilmiyor. Sahi, pis\u0327manl\u0131k anne olmayanlar\u0131n deg\u0306il de olanlar\u0131n pay\u0131na du\u0308s\u0327erse, o zaman ne olur?\u201d Annelig\u0306e atfedilen kutsall\u0131k ilgili tart\u0131s\u0327malar\u0131 tabu haline getirse de, konuyu irdeleyip yeni tan\u0131mlar gelis\u0327tirmeye yo\u0308nelik ihtiyac\u0327 bu\u0308yu\u0308k. O\u0308rneg\u0306in her kad\u0131n\u0131n zaman\u0131 gelince anne olmas\u0131 gerektig\u0306i varsay\u0131m\u0131n\u0131n ko\u0308keni nedir? Kad\u0131nlar\u0131n iddia edildig\u0306i gibi c\u0327ocuk bakma konusunda dog\u0306al bir yeteneg\u0306i var m\u0131d\u0131r? Kis\u0327inin tu\u0308m hayat seru\u0308venini belirleyen annelik, insan ilis\u0327kilerinin en o\u0308nemlisi ve en yu\u0308cesi midir? Toplumun beklentisine go\u0308re anneler nas\u0131l go\u0308ru\u0308nmeli, ne yapmal\u0131 ve nas\u0131l hissetmelidir? Annelig\u0306i sevmezken c\u0327ocug\u0306unu sevmek mu\u0308mku\u0308n mu\u0308du\u0308r? Pis\u0327manl\u0131k yas\u0327ayan anneler, bu gayrimes\u0327ru duyguyla nas\u0131l bas\u0327a c\u0327\u0131karlar? Annelig\u0306in avantajlar\u0131 ve dezavantajlar\u0131 nelerdir? Annelig\u0306i bir rol deg\u0306il de, bir ilis\u0327ki tu\u0308ru\u0308 olarak go\u0308rmek neyi deg\u0306is\u0327tirir? Babalar\u0131n varl\u0131g\u0306\u0131 ya da yoklug\u0306u, annelik deneyimini nas\u0131l etkiler? Sosyolog Orna Donath alan\u0131nda bir ilk olan Annelikten Pis\u0327man Olmak\u2019ta derinlemesine go\u0308ru\u0308s\u0327meler yapt\u0131g\u0306\u0131 kad\u0131nlar\u0131n deneyimleri arac\u0131l\u0131g\u0306\u0131yla, okurlar\u0131 toplumdaki anne olma dayatmas\u0131n\u0131 go\u0308zden gec\u0327irmeye davet ediyor. Farkl\u0131 hayat tercihlerine sahip c\u0327\u0131karak, yasakl\u0131 kabul edilen yollar\u0131 ac\u0327mak isteyen kad\u0131nlara ilham ve cesaret veren bir c\u0327al\u0131s\u0327ma.<\/p>\n","protected":false},"excerpt":{"rendered":"<p>\u201c\u0130nsanl\u0131k tarihi boyunca kad\u0131nlar\u0131n c\u0327ocuk dog\u0306urup onlara bakmas\u0131 o\u0308yle dog\u0306al ve s\u0131radan go\u0308ru\u0308lmu\u0308s\u0327 ki, bugu\u0308n anne olmamay\u0131 tercih eden kad\u0131nlar bir tu\u0308r tehdit unsuru gibi alg\u0131lan\u0131yor.<span class=\"excerpt-hellip\"> [\u2026]<\/span><\/p>\n","protected":false},"featured_media":0,"template":"","meta":{"_monsterinsights_skip_tracking":false,"_monsterinsights_sitenote_active":false,"_monsterinsights_sitenote_note":"","_monsterinsights_sitenote_category":0},"product_brand":[],"product_cat":[12755,12357],"product_tag":[],"class_list":{"0":"post-737178","1":"product","2":"type-product","3":"status-publish","5":"product_cat-gelisim-psikolojisi","6":"product_cat-psikoloji","7":"pa_cilt-ciltsiz","8":"pa_tur-kitap","9":"pa_yayinevi-iletisim-yayinlari","10":"pa_yazar-orna-donath","12":"first","13":"instock","14":"sale","15":"shipping-taxable","16":"purchasable","17":"product-type-simple"},"_links":{"self":[{"href":"https:\/\/roveyayinevi.com.tr\/index.php\/wp-json\/wp\/v2\/product\/737178","targetHints":{"allow":["GET"]}}],"collection":[{"href":"https:\/\/roveyayinevi.com.tr\/index.php\/wp-json\/wp\/v2\/product"}],"about":[{"href":"https:\/\/roveyayinevi.com.tr\/index.php\/wp-json\/wp\/v2\/types\/product"}],"wp:attachment":[{"href":"https:\/\/roveyayinevi.com.tr\/index.php\/wp-json\/wp\/v2\/media?parent=737178"}],"wp:term":[{"taxonomy":"product_brand","embeddable":true,"href":"https:\/\/roveyayinevi.com.tr\/index.php\/wp-json\/wp\/v2\/product_brand?post=737178"},{"taxonomy":"product_cat","embeddable":true,"href":"https:\/\/roveyayinevi.com.tr\/index.php\/wp-json\/wp\/v2\/product_cat?post=737178"},{"taxonomy":"product_tag","embeddable":true,"href":"https:\/\/roveyayinevi.com.tr\/index.php\/wp-json\/wp\/v2\/product_tag?post=737178"}],"curies":[{"name":"wp","href":"https:\/\/api.w.org\/{rel}","templated":true}]}}