{"id":737177,"date":"2025-08-27T23:22:31","date_gmt":"2025-08-27T20:22:31","guid":{"rendered":"https:\/\/roveyayinevi.com.tr\/index.php\/urun\/metis-cep-defteri-7\/"},"modified":"2025-11-21T07:35:13","modified_gmt":"2025-11-21T04:35:13","slug":"metis-cep-defteri-7","status":"publish","type":"product","link":"https:\/\/roveyayinevi.com.tr\/index.php\/urun\/metis-cep-defteri-7\/","title":{"rendered":"Metis Cep Defteri"},"content":{"rendered":"<p>Metis Yay\u0131nlar\u0131\u2019n\u0131n kitapseverler i\u00e7in haz\u0131rlad\u0131\u011f\u0131 cep defterlerinin dokuzuncusu. \u00c7izgili ve sayfa altlar\u0131nda \u00e7e\u015fitli kitaplardan k\u0131sa al\u0131nt\u0131lar\u0131n yer ald\u0131\u011f\u0131 bu kullan\u0131\u015fl\u0131 not defteri, farkl\u0131 renk ve i\u00e7eriklerle d\u00fczenli aral\u0131klarla yay\u0131mlan\u0131yor.<\/p>\n","protected":false},"excerpt":{"rendered":"<p>Metis Yay\u0131nlar\u0131\u2019n\u0131n kitapseverler i\u00e7in haz\u0131rlad\u0131\u011f\u0131 cep defterlerinin dokuzuncusu. \u00c7izgili ve sayfa altlar\u0131nda \u00e7e\u015fitli kitaplardan k\u0131sa al\u0131nt\u0131lar\u0131n yer ald\u0131\u011f\u0131 bu kullan\u0131\u015fl\u0131 not defteri, farkl\u0131 renk ve i\u00e7eriklerle<span class=\"excerpt-hellip\"> [\u2026]<\/span><\/p>\n","protected":false},"featured_media":0,"template":"","meta":{"_monsterinsights_skip_tracking":false,"_monsterinsights_sitenote_active":false,"_monsterinsights_sitenote_note":"","_monsterinsights_sitenote_category":0},"product_brand":[],"product_cat":[28265,15563],"product_tag":[],"class_list":{"0":"post-737177","1":"product","2":"type-product","3":"status-publish","5":"product_cat-diger-hobi","6":"product_cat-hobi","7":"pa_cilt-ciltsiz","8":"pa_tur-kitap","9":"pa_yayinevi-metis-yayinlari","10":"pa_yazar-metis-yayinlari-kolektif","12":"first","13":"instock","14":"sale","15":"shipping-taxable","16":"purchasable","17":"product-type-simple"},"_links":{"self":[{"href":"https:\/\/roveyayinevi.com.tr\/index.php\/wp-json\/wp\/v2\/product\/737177","targetHints":{"allow":["GET"]}}],"collection":[{"href":"https:\/\/roveyayinevi.com.tr\/index.php\/wp-json\/wp\/v2\/product"}],"about":[{"href":"https:\/\/roveyayinevi.com.tr\/index.php\/wp-json\/wp\/v2\/types\/product"}],"wp:attachment":[{"href":"https:\/\/roveyayinevi.com.tr\/index.php\/wp-json\/wp\/v2\/media?parent=737177"}],"wp:term":[{"taxonomy":"product_brand","embeddable":true,"href":"https:\/\/roveyayinevi.com.tr\/index.php\/wp-json\/wp\/v2\/product_brand?post=737177"},{"taxonomy":"product_cat","embeddable":true,"href":"https:\/\/roveyayinevi.com.tr\/index.php\/wp-json\/wp\/v2\/product_cat?post=737177"},{"taxonomy":"product_tag","embeddable":true,"href":"https:\/\/roveyayinevi.com.tr\/index.php\/wp-json\/wp\/v2\/product_tag?post=737177"}],"curies":[{"name":"wp","href":"https:\/\/api.w.org\/{rel}","templated":true}]}}