{"id":737176,"date":"2025-08-27T23:22:31","date_gmt":"2025-08-27T20:22:31","guid":{"rendered":"https:\/\/roveyayinevi.com.tr\/index.php\/urun\/kadinca-bilmeyislerin-sonu\/"},"modified":"2026-04-16T02:46:40","modified_gmt":"2026-04-15T23:46:40","slug":"kadinca-bilmeyislerin-sonu","status":"publish","type":"product","link":"https:\/\/roveyayinevi.com.tr\/index.php\/urun\/kadinca-bilmeyislerin-sonu\/","title":{"rendered":"Kad\u0131nca Bilmeyi\u015flerin Sonu"},"content":{"rendered":"<p>\u201cEdebiyata kulak vermeden, feminizmin sesinin tam duyulamayacag\u0306\u0131na, so\u0308zu\u0308nu\u0308n tam anlas\u0327\u0131lamayacag\u0306\u0131na ve feminizme ilis\u0327kin bir incelemenin eksik kalacag\u0306\u0131na inan\u0131yorum. Bu metinlerin her biri, 1960\u2019lar\u0131n ve 1970\u2019lerin sokag\u0306a tas\u0327amam\u0131s\u0327, ic\u0327te kalm\u0131s\u0327 sesidir. Hatta 1960\u2019lar\u0131n o\u0308ncesinin de birikimi, birikmis\u0327 isyan\u0131d\u0131r. Bu metinlerde yol alarak o do\u0308nemin siyasi atmosferini, toplumsal cinsiyet rolleri c\u0327erc\u0327evesinde yas\u0327anan c\u0327\u0131kmazlar\u0131\/t\u0131kanmalar\u0131 ve elbette bu ac\u0327mazlara kars\u0327\u0131 isyan\u0131 go\u0308rmek mu\u0308mku\u0308ndu\u0308r.\u201d Duygu C\u0327ay\u0131rc\u0131og\u0306lu, Tu\u0308rkiye\u2019de feminizmin henu\u0308z ad\u0131n\u0131n an\u0131lmad\u0131g\u0306\u0131, an\u0131lsa da olumsuz s\u0327ekilde an\u0131ld\u0131g\u0306\u0131 bir do\u0308nemde, feminist duyarl\u0131l\u0131g\u0306\u0131n edebiyatta yol alan gu\u0308c\u0327lu\u0308 dip dalgas\u0131na dikkat c\u0327ekiyor bu kitapla. Kad\u0131nlar\u0131n siyasal ve toplumsal hareketlilig\u0306inin, go\u0308ru\u0308nu\u0308rlu\u0308g\u0306u\u0308nu\u0308n artt\u0131g\u0306\u0131 fakat o\u0308zerk seslerinin henu\u0308z gu\u0308r c\u0327\u0131kmad\u0131g\u0306\u0131 1960-1980 do\u0308neminde, edebiyat evreninde bir o\u0308nfeminizmin gelis\u0327tig\u0306ini go\u0308steriyor. Nezihe Meric\u0327, Sevim Burak, Sevgi Soysal, Leyla\u0302 Erbil, Adalet Ag\u0306aog\u0306lu, Fu\u0308ruzan ve Tezer O\u0308zlu\u0308\u2019nu\u0308n eserlerinde, erkek egemenlig\u0306inin ve ataerkil aile kurumunun nas\u0131l sorguland\u0131g\u0306\u0131n\u0131 go\u0308ru\u0308yoruz. O\u0308zel olan\u0131n gerc\u0327ekten politik oldug\u0306unu ve kad\u0131nlar\u0131n hayat\u0131n\u0131n nas\u0131l daralt\u0131ld\u0131g\u0306\u0131n\u0131 \u201ccanh\u0131ras\u0327\u201d tasvir eden bu eserler, ayn\u0131 zamanda kad\u0131nlar\u0131n bu bask\u0131ya \u2013bazen de \u201cdelilikle\u201d- nas\u0131l direndiklerini hika\u0302ye ediyorlar. Sevgi Soysal, Tante Rosa\u2019y\u0131 \u201cbu\u0308tu\u0308n kad\u0131nca bilmeyis\u0327lerin tek ad\u0131\u201d diye tan\u0131mlam\u0131s\u0327t\u0131. Kad\u0131nca Bilmeyis\u0327lerin Sonu, ad\u0131 u\u0308stu\u0308nde, kad\u0131nca bilinc\u0327lenmenin hika\u0302yesini anlat\u0131yor. <\/p>\n","protected":false},"excerpt":{"rendered":"<p>\u201cEdebiyata kulak vermeden, feminizmin sesinin tam duyulamayacag\u0306\u0131na, so\u0308zu\u0308nu\u0308n tam anlas\u0327\u0131lamayacag\u0306\u0131na ve feminizme ilis\u0327kin bir incelemenin eksik kalacag\u0306\u0131na inan\u0131yorum. Bu metinlerin her biri, 1960\u2019lar\u0131n ve 1970\u2019lerin sokag\u0306a<span class=\"excerpt-hellip\"> [\u2026]<\/span><\/p>\n","protected":false},"featured_media":0,"template":"","meta":{"_monsterinsights_skip_tracking":false,"_monsterinsights_sitenote_active":false,"_monsterinsights_sitenote_note":"","_monsterinsights_sitenote_category":0},"product_brand":[],"product_cat":[14741,13488],"product_tag":[],"class_list":{"0":"post-737176","1":"product","2":"type-product","3":"status-publish","5":"product_cat-kadin-sorunlari-feminizm","6":"product_cat-toplum-ve-insan","7":"pa_cilt-ciltsiz","8":"pa_tur-kitap","9":"pa_yayinevi-iletisim-yayinlari","10":"pa_yazar-duygu-cayircioglu","12":"first","13":"instock","14":"sale","15":"shipping-taxable","16":"purchasable","17":"product-type-simple"},"_links":{"self":[{"href":"https:\/\/roveyayinevi.com.tr\/index.php\/wp-json\/wp\/v2\/product\/737176","targetHints":{"allow":["GET"]}}],"collection":[{"href":"https:\/\/roveyayinevi.com.tr\/index.php\/wp-json\/wp\/v2\/product"}],"about":[{"href":"https:\/\/roveyayinevi.com.tr\/index.php\/wp-json\/wp\/v2\/types\/product"}],"wp:attachment":[{"href":"https:\/\/roveyayinevi.com.tr\/index.php\/wp-json\/wp\/v2\/media?parent=737176"}],"wp:term":[{"taxonomy":"product_brand","embeddable":true,"href":"https:\/\/roveyayinevi.com.tr\/index.php\/wp-json\/wp\/v2\/product_brand?post=737176"},{"taxonomy":"product_cat","embeddable":true,"href":"https:\/\/roveyayinevi.com.tr\/index.php\/wp-json\/wp\/v2\/product_cat?post=737176"},{"taxonomy":"product_tag","embeddable":true,"href":"https:\/\/roveyayinevi.com.tr\/index.php\/wp-json\/wp\/v2\/product_tag?post=737176"}],"curies":[{"name":"wp","href":"https:\/\/api.w.org\/{rel}","templated":true}]}}