{"id":737172,"date":"2025-08-27T23:22:25","date_gmt":"2025-08-27T20:22:25","guid":{"rendered":"https:\/\/roveyayinevi.com.tr\/index.php\/urun\/lol-suprise-oyunlu-boyama-2-hizli-okyuyan-kazanir\/"},"modified":"2026-04-16T02:46:39","modified_gmt":"2026-04-15T23:46:39","slug":"lol-suprise-oyunlu-boyama-2-hizli-okyuyan-kazanir","status":"publish","type":"product","link":"https:\/\/roveyayinevi.com.tr\/index.php\/urun\/lol-suprise-oyunlu-boyama-2-hizli-okyuyan-kazanir\/","title":{"rendered":"Lol Suprise Oyunlu Boyama 2 &#8211; H\u0131zl\u0131 Okyuyan Kazan\u0131r"},"content":{"rendered":"<p>BU E\u011eLENCEL\u0130 OYUN: * daha h\u0131zl\u0131 okumana yard\u0131mc\u0131 oluyor * el-g\u00f6z koordinasyonunun geli\u015fimini destekliyor * k\u00fc\u00e7\u00fck motor becerilerinin h\u0131zlanmas\u0131na katk\u0131 sa\u011fl\u0131yor .<\/p>\n","protected":false},"excerpt":{"rendered":"<p>BU E\u011eLENCEL\u0130 OYUN: * daha h\u0131zl\u0131 okumana yard\u0131mc\u0131 oluyor * el-g\u00f6z koordinasyonunun geli\u015fimini destekliyor * k\u00fc\u00e7\u00fck motor becerilerinin h\u0131zlanmas\u0131na katk\u0131 sa\u011fl\u0131yor .<\/p>\n","protected":false},"featured_media":0,"template":"","meta":{"_monsterinsights_skip_tracking":false,"_monsterinsights_sitenote_active":false,"_monsterinsights_sitenote_note":"","_monsterinsights_sitenote_category":0},"product_brand":[],"product_cat":[12644,12274],"product_tag":[],"class_list":{"0":"post-737172","1":"product","2":"type-product","3":"status-publish","5":"product_cat-boyama-kitaplari","6":"product_cat-cocuk-ve-genclik-kitaplari","7":"pa_cilt-ciltsiz","8":"pa_tur-kitap","9":"pa_yayinevi-dogan-cocuk","10":"pa_yazar-dogan-kolektif","12":"first","13":"instock","14":"sale","15":"shipping-taxable","16":"purchasable","17":"product-type-simple"},"_links":{"self":[{"href":"https:\/\/roveyayinevi.com.tr\/index.php\/wp-json\/wp\/v2\/product\/737172","targetHints":{"allow":["GET"]}}],"collection":[{"href":"https:\/\/roveyayinevi.com.tr\/index.php\/wp-json\/wp\/v2\/product"}],"about":[{"href":"https:\/\/roveyayinevi.com.tr\/index.php\/wp-json\/wp\/v2\/types\/product"}],"wp:attachment":[{"href":"https:\/\/roveyayinevi.com.tr\/index.php\/wp-json\/wp\/v2\/media?parent=737172"}],"wp:term":[{"taxonomy":"product_brand","embeddable":true,"href":"https:\/\/roveyayinevi.com.tr\/index.php\/wp-json\/wp\/v2\/product_brand?post=737172"},{"taxonomy":"product_cat","embeddable":true,"href":"https:\/\/roveyayinevi.com.tr\/index.php\/wp-json\/wp\/v2\/product_cat?post=737172"},{"taxonomy":"product_tag","embeddable":true,"href":"https:\/\/roveyayinevi.com.tr\/index.php\/wp-json\/wp\/v2\/product_tag?post=737172"}],"curies":[{"name":"wp","href":"https:\/\/api.w.org\/{rel}","templated":true}]}}