{"id":737168,"date":"2025-08-27T23:22:20","date_gmt":"2025-08-27T20:22:20","guid":{"rendered":"https:\/\/roveyayinevi.com.tr\/index.php\/urun\/is-gorur-dusler\/"},"modified":"2026-04-16T02:46:39","modified_gmt":"2026-04-15T23:46:39","slug":"is-gorur-dusler","status":"publish","type":"product","link":"https:\/\/roveyayinevi.com.tr\/index.php\/urun\/is-gorur-dusler\/","title":{"rendered":"\u0130\u015f G\u00f6r\u00fcr D\u00fc\u015fler"},"content":{"rendered":"<p>Duyarl\u0131klara sars\u0131c\u0131 bir bak\u0131\u015f&#8230; Ya\u015fam\u0131n yavanl\u0131\u011f\u0131na ya da ac\u0131mas\u0131zl\u0131\u011f\u0131na kar\u015f\u0131 kendilerine \u00f6zg\u00fc bir d\u00fc\u015f d\u00fcnyas\u0131 kuran yaln\u0131z, yabanc\u0131la\u015fm\u0131\u015f insanlar\u0131n hik\u00e2yeleri var bu kitapta. Ger\u00e7ek d\u00fcnyan\u0131n pasl\u0131 g\u0131c\u0131rdamalar\u0131n\u0131n kar\u015f\u0131s\u0131na r\u00fcyalar\u0131n i\u015flek kurgusunu koyan insanlar\u0131n hik\u00e2yeleri\u2026<\/p>\n","protected":false},"excerpt":{"rendered":"<p>Duyarl\u0131klara sars\u0131c\u0131 bir bak\u0131\u015f&#8230; Ya\u015fam\u0131n yavanl\u0131\u011f\u0131na ya da ac\u0131mas\u0131zl\u0131\u011f\u0131na kar\u015f\u0131 kendilerine \u00f6zg\u00fc bir d\u00fc\u015f d\u00fcnyas\u0131 kuran yaln\u0131z, yabanc\u0131la\u015fm\u0131\u015f insanlar\u0131n hik\u00e2yeleri var bu kitapta. Ger\u00e7ek d\u00fcnyan\u0131n pasl\u0131<span class=\"excerpt-hellip\"> [\u2026]<\/span><\/p>\n","protected":false},"featured_media":0,"template":"","meta":{"_monsterinsights_skip_tracking":false,"_monsterinsights_sitenote_active":false,"_monsterinsights_sitenote_note":"","_monsterinsights_sitenote_category":0},"product_brand":[],"product_cat":[12291,12711],"product_tag":[],"class_list":{"0":"post-737168","1":"product","2":"type-product","3":"status-publish","5":"product_cat-edebiyat","6":"product_cat-roman-oyku","7":"pa_cilt-ciltsiz","8":"pa_tur-kitap","9":"pa_yayinevi-remzi-kitabevi","10":"pa_yazar-gulcin-akcay","12":"first","13":"instock","14":"sale","15":"shipping-taxable","16":"purchasable","17":"product-type-simple"},"_links":{"self":[{"href":"https:\/\/roveyayinevi.com.tr\/index.php\/wp-json\/wp\/v2\/product\/737168","targetHints":{"allow":["GET"]}}],"collection":[{"href":"https:\/\/roveyayinevi.com.tr\/index.php\/wp-json\/wp\/v2\/product"}],"about":[{"href":"https:\/\/roveyayinevi.com.tr\/index.php\/wp-json\/wp\/v2\/types\/product"}],"wp:attachment":[{"href":"https:\/\/roveyayinevi.com.tr\/index.php\/wp-json\/wp\/v2\/media?parent=737168"}],"wp:term":[{"taxonomy":"product_brand","embeddable":true,"href":"https:\/\/roveyayinevi.com.tr\/index.php\/wp-json\/wp\/v2\/product_brand?post=737168"},{"taxonomy":"product_cat","embeddable":true,"href":"https:\/\/roveyayinevi.com.tr\/index.php\/wp-json\/wp\/v2\/product_cat?post=737168"},{"taxonomy":"product_tag","embeddable":true,"href":"https:\/\/roveyayinevi.com.tr\/index.php\/wp-json\/wp\/v2\/product_tag?post=737168"}],"curies":[{"name":"wp","href":"https:\/\/api.w.org\/{rel}","templated":true}]}}