{"id":737164,"date":"2025-08-27T23:22:16","date_gmt":"2025-08-27T20:22:16","guid":{"rendered":"https:\/\/roveyayinevi.com.tr\/index.php\/urun\/almanya-cildirdi\/"},"modified":"2026-04-16T02:46:39","modified_gmt":"2026-04-15T23:46:39","slug":"almanya-cildirdi","status":"publish","type":"product","link":"https:\/\/roveyayinevi.com.tr\/index.php\/urun\/almanya-cildirdi\/","title":{"rendered":"Almanya \u00c7\u0131ld\u0131rd\u0131"},"content":{"rendered":"<p>1941 y\u0131l\u0131nda, II. D\u00fcnya Sava\u015f\u0131 s\u00fcrerken ve Hitler hen\u00fcz b\u00fcy\u00fck katliamlar\u0131n\u0131 yapmam\u0131\u015fken yay\u0131nlanan bu \u00e7al\u0131\u015fman\u0131n amac\u0131, mevcut \u00e7at\u0131\u015fman\u0131n psikolojik dinamiklerini belirlemek ve anlamakt\u0131r. Yazar, Alman zihniyetini incelemek i\u00e7in s\u0131ra d\u0131\u015f\u0131 f\u0131rsatlara sahip olmu\u015f t\u0131p doktoru bir psikologdur. Almanya\u2019n\u0131n durumunu \u015feytani bir delirme durumu olarak g\u00f6r\u00fcr; Hitler ise medyum rol\u00fc oynayarak Alman bilin\u00e7d\u0131\u015f\u0131na s\u0131zma becerisi g\u00f6steren ilkel bir b\u00fcy\u00fcc\u00fcd\u00fcr. Kolektif Alman psikolojisinin temel istikrars\u0131zl\u0131\u011f\u0131 analiz edilir ve bu \u015feytani patlamayla ili\u015fkilendirilir. Almanya \u00c7\u0131ld\u0131rd\u0131, Avrupa\u2019n\u0131n ba\u015f\u0131na gelen bu b\u00fcy\u00fck felaketin g\u00f6r\u00fcnmez sebeplerini tasvir etmeye y\u00f6nelik ilk ciddi giri\u015fimdir. Mevcut kaosun ak\u0131l ve mant\u0131k d\u0131\u015f\u0131 unsurlar\u0131n\u0131 ayd\u0131nlatma amac\u0131 ta\u015f\u0131r.<\/p>\n","protected":false},"excerpt":{"rendered":"<p>1941 y\u0131l\u0131nda, II. D\u00fcnya Sava\u015f\u0131 s\u00fcrerken ve Hitler hen\u00fcz b\u00fcy\u00fck katliamlar\u0131n\u0131 yapmam\u0131\u015fken yay\u0131nlanan bu \u00e7al\u0131\u015fman\u0131n amac\u0131, mevcut \u00e7at\u0131\u015fman\u0131n psikolojik dinamiklerini belirlemek ve anlamakt\u0131r. Yazar, Alman zihniyetini<span class=\"excerpt-hellip\"> [\u2026]<\/span><\/p>\n","protected":false},"featured_media":0,"template":"","meta":{"_monsterinsights_skip_tracking":false,"_monsterinsights_sitenote_active":false,"_monsterinsights_sitenote_note":"","_monsterinsights_sitenote_category":0},"product_brand":[],"product_cat":[12358,12357],"product_tag":[],"class_list":{"0":"post-737164","1":"product","2":"type-product","3":"status-publish","5":"product_cat-genel-psikoloji","6":"product_cat-psikoloji","7":"pa_cilt-ciltsiz","8":"pa_tur-kitap","9":"pa_yayinevi-pinhan-yayincilik","10":"pa_yazar-helton-godwin-baynes","12":"first","13":"instock","14":"sale","15":"shipping-taxable","16":"purchasable","17":"product-type-simple"},"_links":{"self":[{"href":"https:\/\/roveyayinevi.com.tr\/index.php\/wp-json\/wp\/v2\/product\/737164","targetHints":{"allow":["GET"]}}],"collection":[{"href":"https:\/\/roveyayinevi.com.tr\/index.php\/wp-json\/wp\/v2\/product"}],"about":[{"href":"https:\/\/roveyayinevi.com.tr\/index.php\/wp-json\/wp\/v2\/types\/product"}],"wp:attachment":[{"href":"https:\/\/roveyayinevi.com.tr\/index.php\/wp-json\/wp\/v2\/media?parent=737164"}],"wp:term":[{"taxonomy":"product_brand","embeddable":true,"href":"https:\/\/roveyayinevi.com.tr\/index.php\/wp-json\/wp\/v2\/product_brand?post=737164"},{"taxonomy":"product_cat","embeddable":true,"href":"https:\/\/roveyayinevi.com.tr\/index.php\/wp-json\/wp\/v2\/product_cat?post=737164"},{"taxonomy":"product_tag","embeddable":true,"href":"https:\/\/roveyayinevi.com.tr\/index.php\/wp-json\/wp\/v2\/product_tag?post=737164"}],"curies":[{"name":"wp","href":"https:\/\/api.w.org\/{rel}","templated":true}]}}