{"id":737162,"date":"2025-08-27T23:22:14","date_gmt":"2025-08-27T20:22:14","guid":{"rendered":"https:\/\/roveyayinevi.com.tr\/index.php\/urun\/erewhon\/"},"modified":"2025-08-31T17:56:30","modified_gmt":"2025-08-31T14:56:30","slug":"erewhon","status":"publish","type":"product","link":"https:\/\/roveyayinevi.com.tr\/index.php\/urun\/erewhon\/","title":{"rendered":"Erewhon"},"content":{"rendered":"<p>\u0130lk kez 1872\u2019de imzas\u0131z yay\u0131mlanan ve ad\u0131 \u201chi\u00e7bir yer\u201d (nowhere) s\u00f6zc\u00fc\u011f\u00fcn\u00fcn anagram\u0131 olan roman\u0131n ba\u015fki\u015fisi, zengin olma amac\u0131yla hayal\u00ee bir \u00fclkeye gider. Tuhafl\u0131klarla dolu \u00fclkede, sadece sosyal stat\u00fc sa\u011flayan paran\u0131n sat\u0131n alma de\u011feri yoktur; insan\u0131n ya\u015fam m\u00fccadelesinde tehlikeli bir rakip olarak g\u00f6r\u00fclen makineler yasaklanm\u0131\u015ft\u0131r; hastalanmak hapis cezas\u0131 getiren bir su\u00e7 say\u0131l\u0131r; profes\u00f6rler \u00fcniversite \u00f6\u011frencilerine hi\u00e7bir \u015fey s\u00f6ylemeden uzun uzun konu\u015fmay\u0131 \u00f6\u011fretirler.   Samuel Butler, bir ser\u00fcven \u00f6yk\u00fcs\u00fc gibi g\u00f6r\u00fcnen romanda, Britanya \u0130mparatorlu\u011fu\u2019nun global bir end\u00fcstriyel g\u00fc\u00e7 konumuna geldi\u011fi Victoria d\u00f6neminin teknik geli\u015fimini hicvediyor; d\u00f6nemin aile, kilise, hukuk kurumlar\u0131na k\u0131vrak bir zek\u00e2yla ele\u015ftirel yorum getiriyor. <\/p>\n","protected":false},"excerpt":{"rendered":"<p>\u0130lk kez 1872\u2019de imzas\u0131z yay\u0131mlanan ve ad\u0131 \u201chi\u00e7bir yer\u201d (nowhere) s\u00f6zc\u00fc\u011f\u00fcn\u00fcn anagram\u0131 olan roman\u0131n ba\u015fki\u015fisi, zengin olma amac\u0131yla hayal\u00ee bir \u00fclkeye gider. Tuhafl\u0131klarla dolu \u00fclkede, sadece<span class=\"excerpt-hellip\"> [\u2026]<\/span><\/p>\n","protected":false},"featured_media":0,"template":"","meta":{"_monsterinsights_skip_tracking":false,"_monsterinsights_sitenote_active":false,"_monsterinsights_sitenote_note":"","_monsterinsights_sitenote_category":0},"product_brand":[],"product_cat":[12291,12711],"product_tag":[],"class_list":{"0":"post-737162","1":"product","2":"type-product","3":"status-publish","5":"product_cat-edebiyat","6":"product_cat-roman-oyku","7":"pa_cilt-ciltsiz","8":"pa_tur-kitap","9":"pa_yayinevi-can-yayinlari","10":"pa_yazar-samuel-butler","12":"first","13":"instock","14":"sale","15":"shipping-taxable","16":"purchasable","17":"product-type-simple"},"_links":{"self":[{"href":"https:\/\/roveyayinevi.com.tr\/index.php\/wp-json\/wp\/v2\/product\/737162","targetHints":{"allow":["GET"]}}],"collection":[{"href":"https:\/\/roveyayinevi.com.tr\/index.php\/wp-json\/wp\/v2\/product"}],"about":[{"href":"https:\/\/roveyayinevi.com.tr\/index.php\/wp-json\/wp\/v2\/types\/product"}],"wp:attachment":[{"href":"https:\/\/roveyayinevi.com.tr\/index.php\/wp-json\/wp\/v2\/media?parent=737162"}],"wp:term":[{"taxonomy":"product_brand","embeddable":true,"href":"https:\/\/roveyayinevi.com.tr\/index.php\/wp-json\/wp\/v2\/product_brand?post=737162"},{"taxonomy":"product_cat","embeddable":true,"href":"https:\/\/roveyayinevi.com.tr\/index.php\/wp-json\/wp\/v2\/product_cat?post=737162"},{"taxonomy":"product_tag","embeddable":true,"href":"https:\/\/roveyayinevi.com.tr\/index.php\/wp-json\/wp\/v2\/product_tag?post=737162"}],"curies":[{"name":"wp","href":"https:\/\/api.w.org\/{rel}","templated":true}]}}