{"id":737157,"date":"2025-08-27T23:22:08","date_gmt":"2025-08-27T20:22:08","guid":{"rendered":"https:\/\/roveyayinevi.com.tr\/index.php\/urun\/beni-yarim-biraktin\/"},"modified":"2026-04-13T02:54:36","modified_gmt":"2026-04-12T23:54:36","slug":"beni-yarim-biraktin","status":"publish","type":"product","link":"https:\/\/roveyayinevi.com.tr\/index.php\/urun\/beni-yarim-biraktin\/","title":{"rendered":"Beni Yar\u0131m B\u0131rakt\u0131n"},"content":{"rendered":"<p>\u015eimdi yaln\u0131zl\u0131k en iyi arkada\u015f\u0131m\u2026\u0130\u00e7imde s\u00fcrekli bana seslenen bir ses var, en zor anlar\u0131mda bile konu\u015fmaktan vazge\u00e7miyor: \u201cBu hayatta \u00e7ok \u015fey g\u00f6rd\u00fck, ge\u00e7irdik; hi\u00e7bir \u015fey bizi yenip y\u0131kamad\u0131! Bunlar m\u0131 y\u0131kacak? Zor y\u0131karlar!\u201dBen vazge\u00e7miyorum g\u00fcl\u00fc\u015flerimden. Hayatta ya\u015fayaca\u011f\u0131m g\u00fczelliklere inanmaktan asla vazge\u00e7miyorum.\u00d6nemli olan sevmek, sevilmek, \u00e7abalamak.Gerisi bo\u015f bir balon.Ne kadar yukar\u0131 \u00e7\u0131karsa \u00e7\u0131ks\u0131n, elbet patlayacak, elbet s\u00f6necek&#8230;Ben ger\u00e7ek duygular\u0131 aramaktan ve onlar\u0131n bir g\u00fcn mutlaka ya\u015fanaca\u011f\u0131na inanmaktan asla vazge\u00e7meyece\u011fim.<\/p>\n","protected":false},"excerpt":{"rendered":"<p>\u015eimdi yaln\u0131zl\u0131k en iyi arkada\u015f\u0131m\u2026\u0130\u00e7imde s\u00fcrekli bana seslenen bir ses var, en zor anlar\u0131mda bile konu\u015fmaktan vazge\u00e7miyor: \u201cBu hayatta \u00e7ok \u015fey g\u00f6rd\u00fck, ge\u00e7irdik; hi\u00e7bir \u015fey bizi<span class=\"excerpt-hellip\"> [\u2026]<\/span><\/p>\n","protected":false},"featured_media":0,"template":"","meta":{"_monsterinsights_skip_tracking":false,"_monsterinsights_sitenote_active":false,"_monsterinsights_sitenote_note":"","_monsterinsights_sitenote_category":0},"product_brand":[],"product_cat":[12777,12291],"product_tag":[],"class_list":{"0":"post-737157","1":"product","2":"type-product","3":"status-publish","5":"product_cat-deneme","6":"product_cat-edebiyat","7":"pa_cilt-ciltsiz","8":"pa_tur-kitap","9":"pa_yayinevi-hayykitap","10":"pa_yazar-zeus-kabadayi","12":"first","13":"instock","14":"sale","15":"shipping-taxable","16":"purchasable","17":"product-type-simple"},"_links":{"self":[{"href":"https:\/\/roveyayinevi.com.tr\/index.php\/wp-json\/wp\/v2\/product\/737157","targetHints":{"allow":["GET"]}}],"collection":[{"href":"https:\/\/roveyayinevi.com.tr\/index.php\/wp-json\/wp\/v2\/product"}],"about":[{"href":"https:\/\/roveyayinevi.com.tr\/index.php\/wp-json\/wp\/v2\/types\/product"}],"wp:attachment":[{"href":"https:\/\/roveyayinevi.com.tr\/index.php\/wp-json\/wp\/v2\/media?parent=737157"}],"wp:term":[{"taxonomy":"product_brand","embeddable":true,"href":"https:\/\/roveyayinevi.com.tr\/index.php\/wp-json\/wp\/v2\/product_brand?post=737157"},{"taxonomy":"product_cat","embeddable":true,"href":"https:\/\/roveyayinevi.com.tr\/index.php\/wp-json\/wp\/v2\/product_cat?post=737157"},{"taxonomy":"product_tag","embeddable":true,"href":"https:\/\/roveyayinevi.com.tr\/index.php\/wp-json\/wp\/v2\/product_tag?post=737157"}],"curies":[{"name":"wp","href":"https:\/\/api.w.org\/{rel}","templated":true}]}}