{"id":737155,"date":"2025-08-27T23:22:05","date_gmt":"2025-08-27T20:22:05","guid":{"rendered":"https:\/\/roveyayinevi.com.tr\/index.php\/urun\/bilimkurgu-okuryazarligi\/"},"modified":"2026-04-16T02:46:39","modified_gmt":"2026-04-15T23:46:39","slug":"bilimkurgu-okuryazarligi","status":"publish","type":"product","link":"https:\/\/roveyayinevi.com.tr\/index.php\/urun\/bilimkurgu-okuryazarligi\/","title":{"rendered":"Bilimkurgu Okuryazarl\u0131\u011f\u0131"},"content":{"rendered":"<p>\u201cB\u0130L\u0130MKURGU, LAZER TABANCALI DEL\u0130KANLILARIN METAL SUTYENL\u0130 KIZLARIKURTARDIKLARI \u2018UCUZ\u2019 UZAY F\u0130LMLER\u0130NDEN \u0130BARET DE\u011e\u0130LD\u0130R.\u201d\u2013 PHILIP K. DICK.Bilimkurgu nedir?Bilimkurgunun temeli \u201cnovum\u201d nedir?Novuma g\u00f6re bilimkurgu altt\u00fcrleri nelerdir?Bilimd\u0131\u015f\u0131 kurgu nedir?Bilimkurguyu ger\u00e7ekten anl\u0131yor muyuz?Yap\u0131lan g\u00f6ndermelerin ve \u00fczerine kuruldu\u011fu teorilerin fark\u0131na vard\u0131\u011f\u0131m\u0131z bir okumager\u00e7ekle\u015ftirebiliyor muyuz?Bilimkurgu hik\u00e2yeleri nas\u0131l yaz\u0131l\u0131r?Bilimkurgu \u00fczerine daha y\u00fczlerce sorunun d\u00fcnyan\u0131n en \u00f6nemli eserlerinden \u00f6rneklemelerle eleal\u0131nd\u0131\u011f\u0131 bu kitap sadece bilimkurgu tarihini de\u011fil, felsefesini de a\u00e7\u0131kl\u0131yor.Bu t\u00fcre g\u00f6n\u00fcl vermi\u015f, okumaya ve seyretmeye merakl\u0131 herkese hitap eden bu kitab\u0131 okuduktan sonra bilimkurguya bak\u0131\u015f\u0131n\u0131z tamamen de\u011fi\u015fecek. Y\u0131llard\u0131r bilimkurguyla ilgilenen edit\u00f6r Z\u00fcmr\u00fct B\u0131y\u0131kl\u0131o\u011flu geek g\u00f6z\u00fcyle bilimkurguyu groklaman\u0131z amac\u0131yla yazd\u0131.<\/p>\n","protected":false},"excerpt":{"rendered":"<p>\u201cB\u0130L\u0130MKURGU, LAZER TABANCALI DEL\u0130KANLILARIN METAL SUTYENL\u0130 KIZLARIKURTARDIKLARI \u2018UCUZ\u2019 UZAY F\u0130LMLER\u0130NDEN \u0130BARET DE\u011e\u0130LD\u0130R.\u201d\u2013 PHILIP K. DICK.Bilimkurgu nedir?Bilimkurgunun temeli \u201cnovum\u201d nedir?Novuma g\u00f6re bilimkurgu altt\u00fcrleri nelerdir?Bilimd\u0131\u015f\u0131 kurgu nedir?Bilimkurguyu ger\u00e7ekten<span class=\"excerpt-hellip\"> [\u2026]<\/span><\/p>\n","protected":false},"featured_media":0,"template":"","meta":{"_monsterinsights_skip_tracking":false,"_monsterinsights_sitenote_active":false,"_monsterinsights_sitenote_note":"","_monsterinsights_sitenote_category":0},"product_brand":[],"product_cat":[13072,12291],"product_tag":[],"class_list":{"0":"post-737155","1":"product","2":"type-product","3":"status-publish","5":"product_cat-arastirma-inceleme-referans","6":"product_cat-edebiyat","7":"pa_cilt-ciltsiz","8":"pa_tur-kitap","9":"pa_yayinevi-destek-yayinlari","10":"pa_yazar-zumrut-biyiklioglu","12":"first","13":"instock","14":"sale","15":"shipping-taxable","16":"purchasable","17":"product-type-simple"},"_links":{"self":[{"href":"https:\/\/roveyayinevi.com.tr\/index.php\/wp-json\/wp\/v2\/product\/737155","targetHints":{"allow":["GET"]}}],"collection":[{"href":"https:\/\/roveyayinevi.com.tr\/index.php\/wp-json\/wp\/v2\/product"}],"about":[{"href":"https:\/\/roveyayinevi.com.tr\/index.php\/wp-json\/wp\/v2\/types\/product"}],"wp:attachment":[{"href":"https:\/\/roveyayinevi.com.tr\/index.php\/wp-json\/wp\/v2\/media?parent=737155"}],"wp:term":[{"taxonomy":"product_brand","embeddable":true,"href":"https:\/\/roveyayinevi.com.tr\/index.php\/wp-json\/wp\/v2\/product_brand?post=737155"},{"taxonomy":"product_cat","embeddable":true,"href":"https:\/\/roveyayinevi.com.tr\/index.php\/wp-json\/wp\/v2\/product_cat?post=737155"},{"taxonomy":"product_tag","embeddable":true,"href":"https:\/\/roveyayinevi.com.tr\/index.php\/wp-json\/wp\/v2\/product_tag?post=737155"}],"curies":[{"name":"wp","href":"https:\/\/api.w.org\/{rel}","templated":true}]}}