{"id":737154,"date":"2025-08-27T23:22:04","date_gmt":"2025-08-27T20:22:04","guid":{"rendered":"https:\/\/roveyayinevi.com.tr\/index.php\/urun\/jean-jacques-rousseau-insan-ozgur-dogmustur-ama-her-yerde-zincire-vurulmustur\/"},"modified":"2026-04-16T02:46:39","modified_gmt":"2026-04-15T23:46:39","slug":"jean-jacques-rousseau-insan-ozgur-dogmustur-ama-her-yerde-zincire-vurulmustur","status":"publish","type":"product","link":"https:\/\/roveyayinevi.com.tr\/index.php\/urun\/jean-jacques-rousseau-insan-ozgur-dogmustur-ama-her-yerde-zincire-vurulmustur\/","title":{"rendered":"Jean-Jacques Rousseau &#8211; \u0130nsan \u00d6zg\u00fcr Do\u011fmu\u015ftur Ama Her Yerde Zincire Vurulmu\u015ftur"},"content":{"rendered":"<p>\u201cDi\u011ferlerinin efendisi oldu\u011funu d\u00fc\u015f\u00fcnenler, asl\u0131nda onlardan daha b\u00fcy\u00fck bir esareti\u00e7indedir.\u201dJean-Jacques Rousseau ger\u00e7ek bir Ayd\u0131nlanmac\u0131 h\u00fcmanisttir. \u00d6mr\u00fcn\u00fc insan\u0131n\u00f6zg\u00fcrl\u00fc\u011f\u00fcne ve e\u015fitli\u011fine adam\u0131\u015f s\u0131ra d\u0131\u015f\u0131 bir ki\u015filiktir. \u0130nsan haklar\u0131ndan bahseden ilkAyd\u0131nlanmac\u0131 d\u00fc\u015f\u00fcn\u00fcrd\u00fcr. Onun d\u00fc\u015f\u00fcnceleri g\u00fcn\u00fcm\u00fcz\u00fcn sorunlar\u0131na, \u00f6zg\u00fcrl\u00fck, e\u015fitlik,insan haklar\u0131, ekoloji ve \u00e7ocuk merkezli e\u011fitim konular\u0131na y\u00fczlerce y\u0131l \u00f6tesinden \u0131\u015f\u0131ktutar.Frans\u0131z Devrimi\u2019nin ilkeleri onun d\u00fc\u015f\u00fcncelerinden esinlendi. D\u00fczeni, e\u015fitsizli\u011fi veadaletsizli\u011fi cesur bir \u015fekilde ele\u015ftirdi. Bununla da yetinmedi, yeni ve insanc\u0131l birtoplumsal d\u00fczenin in\u015fas\u0131 \u00fczerine yazd\u0131. Geleneklere kar\u015f\u0131 \u00e7\u0131kt\u0131. Monar\u015fiyi ve Kilise\u2019yikar\u015f\u0131s\u0131na ald\u0131. Rasyonel akl\u0131n g\u00f6zden ka\u00e7\u0131rd\u0131\u011f\u0131, hatta bilerek hesaba katmad\u0131\u011f\u0131 duygular\u0131\u00f6n\u00fcm\u00fcze serdi. Vicdan ve merhameti&#8230;<\/p>\n","protected":false},"excerpt":{"rendered":"<p>\u201cDi\u011ferlerinin efendisi oldu\u011funu d\u00fc\u015f\u00fcnenler, asl\u0131nda onlardan daha b\u00fcy\u00fck bir esareti\u00e7indedir.\u201dJean-Jacques Rousseau ger\u00e7ek bir Ayd\u0131nlanmac\u0131 h\u00fcmanisttir. \u00d6mr\u00fcn\u00fc insan\u0131n\u00f6zg\u00fcrl\u00fc\u011f\u00fcne ve e\u015fitli\u011fine adam\u0131\u015f s\u0131ra d\u0131\u015f\u0131 bir ki\u015filiktir. \u0130nsan haklar\u0131ndan<span class=\"excerpt-hellip\"> [\u2026]<\/span><\/p>\n","protected":false},"featured_media":0,"template":"","meta":{"_monsterinsights_skip_tracking":false,"_monsterinsights_sitenote_active":false,"_monsterinsights_sitenote_note":"","_monsterinsights_sitenote_category":0},"product_brand":[],"product_cat":[14009,12291],"product_tag":[],"class_list":{"0":"post-737154","1":"product","2":"type-product","3":"status-publish","5":"product_cat-biyografi-otobiyografi-edebiyat","6":"product_cat-edebiyat","7":"pa_cilt-ciltsiz","8":"pa_tur-kitap","9":"pa_yayinevi-destek-yayinlari","10":"pa_yazar-hicran-tuluce","12":"first","13":"instock","14":"sale","15":"shipping-taxable","16":"purchasable","17":"product-type-simple"},"_links":{"self":[{"href":"https:\/\/roveyayinevi.com.tr\/index.php\/wp-json\/wp\/v2\/product\/737154","targetHints":{"allow":["GET"]}}],"collection":[{"href":"https:\/\/roveyayinevi.com.tr\/index.php\/wp-json\/wp\/v2\/product"}],"about":[{"href":"https:\/\/roveyayinevi.com.tr\/index.php\/wp-json\/wp\/v2\/types\/product"}],"wp:attachment":[{"href":"https:\/\/roveyayinevi.com.tr\/index.php\/wp-json\/wp\/v2\/media?parent=737154"}],"wp:term":[{"taxonomy":"product_brand","embeddable":true,"href":"https:\/\/roveyayinevi.com.tr\/index.php\/wp-json\/wp\/v2\/product_brand?post=737154"},{"taxonomy":"product_cat","embeddable":true,"href":"https:\/\/roveyayinevi.com.tr\/index.php\/wp-json\/wp\/v2\/product_cat?post=737154"},{"taxonomy":"product_tag","embeddable":true,"href":"https:\/\/roveyayinevi.com.tr\/index.php\/wp-json\/wp\/v2\/product_tag?post=737154"}],"curies":[{"name":"wp","href":"https:\/\/api.w.org\/{rel}","templated":true}]}}