{"id":737153,"date":"2025-08-27T23:22:03","date_gmt":"2025-08-27T20:22:03","guid":{"rendered":"https:\/\/roveyayinevi.com.tr\/index.php\/urun\/korku-ve-titreme-4\/"},"modified":"2026-04-16T02:46:39","modified_gmt":"2026-04-15T23:46:39","slug":"korku-ve-titreme-4","status":"publish","type":"product","link":"https:\/\/roveyayinevi.com.tr\/index.php\/urun\/korku-ve-titreme-4\/","title":{"rendered":"Korku Ve Titreme"},"content":{"rendered":"<p>D\u00fcnyaca \u00fcnl\u00fc Danimarkal\u0131 filozof Soren Kierkegaard bu kitapta \u0130brahim Peygamber\u2019in o\u011flunu kurban etme giri\u015fimi \u00fczerinden iman\u0131 inceliyor. Kierkegaard\u2019a g\u00f6re iman akla s\u0131\u011fan bir \u015fey de\u011fil. Lirik bir dille yaz\u0131lan kitapta Kierkegaard felsefesinin me\u015fhur etik, estetik ve dini \u00ab varolu\u015f a\u015famalar\u0131 \u00bb da a\u00e7\u0131klan\u0131yor.   Arka kapak :   Kierkegaard yaz\u0131n hayat\u0131 boyunca pek \u00e7ok kez ba\u015fvurdu\u011fu \u00fczere bir takma ismin, bu kez Johannes de Silentio\u2019nun suskunlu\u011funun ard\u0131na saklan\u0131p iman kavram\u0131 \u00fczerinde bir d\u00fc\u015f\u00fcnme denemesinde bulunuyor. \u201cDiyalektik Lirik\u201d alt ba\u015fl\u0131\u011f\u0131n\u0131 verdi\u011fi Korku ve Titreme\u2019de Hegelci sistemin iman\u0131 rasyonel bir zemine ta\u015f\u0131ma giri\u015fiminin nafile oldu\u011funu, iman\u0131n \u0130brahim Peygamber\u2019in o\u011flunu kurban etmesindeki gibi \u00fczerinde konu\u015fulamayan, paradoksal bir yap\u0131 arz etti\u011fini lirik bir edayla okura sunuyor.   Korku ve Titreme, Kierkegaard\u2019\u0131n felsefi program\u0131n\u0131n da bir numunesidir ayn\u0131 zamanda. \u0130nsan\u0131n kendi hayat\u0131nda da diyalektik bir s\u00fcre\u00e7le etik, estetik ve din\u00ee varolu\u015f a\u015famalar\u0131ndan ge\u00e7mesini kurban k\u0131ssas\u0131n\u0131 \u00fc\u00e7 ayr\u0131 problem olarak ele alarak g\u00f6stermeye \u00e7al\u0131\u015f\u0131r.   \u201c\u015eimdi ben \u0130brahim\u2019in \u00f6yk\u00fcs\u00fcndeki diyalektik elementi problemler bi\u00e7iminde ay\u0131r\u0131p b\u00f6ylece iman\u0131n ne korkun\u00e7 bir paradoks oldu\u011funu g\u00f6stermek istiyorum: Bir cinayeti Tanr\u0131\u2019y\u0131 son derece memnun eden kutsal bir eyleme \u00e7evirme yetene\u011fine sahip bir paradoksu. Hi\u00e7bir ak\u0131l y\u00fcr\u00fctmenin kavrayamayaca\u011f\u0131 \u015fekilde \u0130brahim\u2019e o\u011flunu geri veren paradoksu\u2026 \u00c7\u00fcnk\u00fc iman akl\u0131n bitti\u011fi yerde ba\u015flar.\u201d<\/p>\n","protected":false},"excerpt":{"rendered":"<p>D\u00fcnyaca \u00fcnl\u00fc Danimarkal\u0131 filozof Soren Kierkegaard bu kitapta \u0130brahim Peygamber\u2019in o\u011flunu kurban etme giri\u015fimi \u00fczerinden iman\u0131 inceliyor. Kierkegaard\u2019a g\u00f6re iman akla s\u0131\u011fan bir \u015fey de\u011fil. Lirik<span class=\"excerpt-hellip\"> [\u2026]<\/span><\/p>\n","protected":false},"featured_media":0,"template":"","meta":{"_monsterinsights_skip_tracking":false,"_monsterinsights_sitenote_active":false,"_monsterinsights_sitenote_note":"","_monsterinsights_sitenote_category":0},"product_brand":[],"product_cat":[12388,14717],"product_tag":[],"class_list":{"0":"post-737153","1":"product","2":"type-product","3":"status-publish","5":"product_cat-felsefe","6":"product_cat-felsefe-tarihi","7":"pa_cilt-ciltsiz","8":"pa_tur-kitap","9":"pa_yayinevi-ketebe-yayinlari","10":"pa_yazar-soren-kierkegaard","12":"first","13":"instock","14":"sale","15":"shipping-taxable","16":"purchasable","17":"product-type-simple"},"_links":{"self":[{"href":"https:\/\/roveyayinevi.com.tr\/index.php\/wp-json\/wp\/v2\/product\/737153","targetHints":{"allow":["GET"]}}],"collection":[{"href":"https:\/\/roveyayinevi.com.tr\/index.php\/wp-json\/wp\/v2\/product"}],"about":[{"href":"https:\/\/roveyayinevi.com.tr\/index.php\/wp-json\/wp\/v2\/types\/product"}],"wp:attachment":[{"href":"https:\/\/roveyayinevi.com.tr\/index.php\/wp-json\/wp\/v2\/media?parent=737153"}],"wp:term":[{"taxonomy":"product_brand","embeddable":true,"href":"https:\/\/roveyayinevi.com.tr\/index.php\/wp-json\/wp\/v2\/product_brand?post=737153"},{"taxonomy":"product_cat","embeddable":true,"href":"https:\/\/roveyayinevi.com.tr\/index.php\/wp-json\/wp\/v2\/product_cat?post=737153"},{"taxonomy":"product_tag","embeddable":true,"href":"https:\/\/roveyayinevi.com.tr\/index.php\/wp-json\/wp\/v2\/product_tag?post=737153"}],"curies":[{"name":"wp","href":"https:\/\/api.w.org\/{rel}","templated":true}]}}