{"id":737152,"date":"2025-08-27T23:22:02","date_gmt":"2025-08-27T20:22:02","guid":{"rendered":"https:\/\/roveyayinevi.com.tr\/index.php\/urun\/ozlemini-duydugunuz-aski-yasamak\/"},"modified":"2026-04-16T02:46:39","modified_gmt":"2026-04-15T23:46:39","slug":"ozlemini-duydugunuz-aski-yasamak","status":"publish","type":"product","link":"https:\/\/roveyayinevi.com.tr\/index.php\/urun\/ozlemini-duydugunuz-aski-yasamak\/","title":{"rendered":"\u00d6zlemini Duydu\u011funuz A\u015fk\u0131 Ya\u015famak"},"content":{"rendered":"<p>\u00d6zlemini Duydu\u011funuz A\u015fk\u0131 Ya\u015famak milyonlarca insan\u0131n daha tatmin edici ili\u015fkiler ya\u015famas\u0131na yard\u0131mc\u0131 oldu ve her g\u00fcn d\u00fcnyan\u0131n d\u00f6rt bir taraf\u0131ndaki i\u015fin uzman\u0131 terapistler ve mutlu \u00e7iftler taraf\u0131ndan tavsiye ediliyor. Dr. Harville Hendrix ve Dr. Helen LaKelly Hunt, romantizmin nas\u0131l canland\u0131r\u0131laca\u011f\u0131n\u0131 ve g\u00fcnl\u00fck etkile\u015fimlerin olumsuzluktan nas\u0131l ar\u0131nd\u0131r\u0131laca\u011f\u0131n\u0131 a\u00e7\u0131klayarak size \u015fu konularda yard\u0131m ediyor: \u00b7        E\u015finizi se\u00e7me sebebinizi ke\u015ffetmeniz, \u00b7        Daha yak\u0131n olman\u0131z\u0131 engelleyen g\u00fc\u00e7 m\u00fccadelesini \u00e7\u00f6zmeniz, \u00b7        Partnerinizi dinlemeyi -ger\u00e7ekten dinlemeyi- \u00f6\u011frenmeniz, \u00b7        \u0130li\u015fkinizde e\u011flenceyi ve kahkahay\u0131 \u00e7o\u011faltman\u0131z, \u00b7        Yeni davran\u0131\u015flara yumu\u015fak bir ge\u00e7i\u015f yaparak erken \u00e7ocukluk deneyimlerinizi            iyile\u015ftirmeye ba\u015flaman\u0131z, \u00b7        Partnerinizle tutkulu hale gelmeniz, \u00b7        Hayallerinizdeki ili\u015fki konusunda ortak bir vizyona kavu\u015fman\u0131z  <\/p>\n","protected":false},"excerpt":{"rendered":"<p>\u00d6zlemini Duydu\u011funuz A\u015fk\u0131 Ya\u015famak milyonlarca insan\u0131n daha tatmin edici ili\u015fkiler ya\u015famas\u0131na yard\u0131mc\u0131 oldu ve her g\u00fcn d\u00fcnyan\u0131n d\u00f6rt bir taraf\u0131ndaki i\u015fin uzman\u0131 terapistler ve mutlu \u00e7iftler<span class=\"excerpt-hellip\"> [\u2026]<\/span><\/p>\n","protected":false},"featured_media":0,"template":"","meta":{"_monsterinsights_skip_tracking":false,"_monsterinsights_sitenote_active":false,"_monsterinsights_sitenote_note":"","_monsterinsights_sitenote_category":0},"product_brand":[],"product_cat":[12364,12376],"product_tag":[],"class_list":{"0":"post-737152","1":"product","2":"type-product","3":"status-publish","5":"product_cat-genel-konular","6":"product_cat-kisisel-gelisim","7":"pa_cilt-ciltsiz","8":"pa_tur-kitap","9":"pa_yayinevi-butik-yayinlari","10":"pa_yazar-harville-hendrix-helen-lakelly-hunt","12":"first","13":"instock","14":"sale","15":"shipping-taxable","16":"purchasable","17":"product-type-simple"},"_links":{"self":[{"href":"https:\/\/roveyayinevi.com.tr\/index.php\/wp-json\/wp\/v2\/product\/737152","targetHints":{"allow":["GET"]}}],"collection":[{"href":"https:\/\/roveyayinevi.com.tr\/index.php\/wp-json\/wp\/v2\/product"}],"about":[{"href":"https:\/\/roveyayinevi.com.tr\/index.php\/wp-json\/wp\/v2\/types\/product"}],"wp:attachment":[{"href":"https:\/\/roveyayinevi.com.tr\/index.php\/wp-json\/wp\/v2\/media?parent=737152"}],"wp:term":[{"taxonomy":"product_brand","embeddable":true,"href":"https:\/\/roveyayinevi.com.tr\/index.php\/wp-json\/wp\/v2\/product_brand?post=737152"},{"taxonomy":"product_cat","embeddable":true,"href":"https:\/\/roveyayinevi.com.tr\/index.php\/wp-json\/wp\/v2\/product_cat?post=737152"},{"taxonomy":"product_tag","embeddable":true,"href":"https:\/\/roveyayinevi.com.tr\/index.php\/wp-json\/wp\/v2\/product_tag?post=737152"}],"curies":[{"name":"wp","href":"https:\/\/api.w.org\/{rel}","templated":true}]}}