{"id":737150,"date":"2025-08-27T23:22:00","date_gmt":"2025-08-27T20:22:00","guid":{"rendered":"https:\/\/roveyayinevi.com.tr\/index.php\/urun\/iyi-seker-kotu-seker\/"},"modified":"2026-04-16T02:46:39","modified_gmt":"2026-04-15T23:46:39","slug":"iyi-seker-kotu-seker","status":"publish","type":"product","link":"https:\/\/roveyayinevi.com.tr\/index.php\/urun\/iyi-seker-kotu-seker\/","title":{"rendered":"\u0130yi \u015eeker, K\u00f6t\u00fc \u015eeker"},"content":{"rendered":"<p>Allen Carr\u2019\u0131n Easyway (Kolay Yol) y\u00f6ntemi, t\u00fcm zamanlar\u0131n en ba\u015far\u0131l\u0131 sigaray\u0131 b\u0131rakma y\u00f6ntemi olmu\u015ftur. D\u00fcnyan\u0131n d\u00f6rt bir yan\u0131ndaki milyonlarca sigara tiryakisi, sigaradan bu y\u00f6ntemle kurtulmu\u015ftur. Allen Carr\u2019\u0131n Kolay Yol y\u00f6ntemi, tam da bize zarar veren \u015feyi arzu etmemize neden olan beyin y\u0131kamalar\u0131 \u00e7\u00f6zerek \u00e7al\u0131\u015f\u0131r. Bu kitap (\u0130yi \u015eeker K\u00f6t\u00fc \u015eeker), modern d\u00fcnyan\u0131n beslenmeye y\u00f6nelik en b\u00fcy\u00fck tehdidini ele al\u0131yor: t\u00fcm d\u00fcnyada obezite ve Tip 2 diyabet salg\u0131nlara neden olan rafine \u015feker ve i\u015flenmi\u015f karbonhidrat ba\u011f\u0131ml\u0131l\u0131\u011f\u0131. \u015eeker ve karbonhidrat t\u00fcketimi do\u011fumla ba\u015flayan bir ba\u011f\u0131ml\u0131l\u0131kt\u0131r, ancak Kolay Yol y\u00f6ntemini kullanarak kendinizi \u00f6zg\u00fcrle\u015ftirdi\u011finizde daha iyi bir sa\u011fl\u0131\u011f\u0131n, daha y\u00fcksek enerji seviyelerinin, \u00f6nemli \u00f6l\u00e7\u00fcde d\u00fczelmi\u015f bir v\u00fccut \u015feklinin ve daha mutlu\/sa\u011fl\u0131kl\u0131 bir ya\u015fam tarz\u0131n\u0131n keyfini \u00e7\u0131karacaks\u0131n\u0131z.<\/p>\n","protected":false},"excerpt":{"rendered":"<p>Allen Carr\u2019\u0131n Easyway (Kolay Yol) y\u00f6ntemi, t\u00fcm zamanlar\u0131n en ba\u015far\u0131l\u0131 sigaray\u0131 b\u0131rakma y\u00f6ntemi olmu\u015ftur. D\u00fcnyan\u0131n d\u00f6rt bir yan\u0131ndaki milyonlarca sigara tiryakisi, sigaradan bu y\u00f6ntemle kurtulmu\u015ftur. Allen<span class=\"excerpt-hellip\"> [\u2026]<\/span><\/p>\n","protected":false},"featured_media":0,"template":"","meta":{"_monsterinsights_skip_tracking":false,"_monsterinsights_sitenote_active":false,"_monsterinsights_sitenote_note":"","_monsterinsights_sitenote_category":0},"product_brand":[],"product_cat":[20313,13365],"product_tag":[],"class_list":{"0":"post-737150","1":"product","2":"type-product","3":"status-publish","5":"product_cat-basvuru-kitaplari-saglik","6":"product_cat-saglik","7":"pa_cilt-ciltsiz","8":"pa_tur-kitap","9":"pa_yayinevi-butik-yayinlari","10":"pa_yazar-allen-carr","12":"first","13":"instock","14":"sale","15":"shipping-taxable","16":"purchasable","17":"product-type-simple"},"_links":{"self":[{"href":"https:\/\/roveyayinevi.com.tr\/index.php\/wp-json\/wp\/v2\/product\/737150","targetHints":{"allow":["GET"]}}],"collection":[{"href":"https:\/\/roveyayinevi.com.tr\/index.php\/wp-json\/wp\/v2\/product"}],"about":[{"href":"https:\/\/roveyayinevi.com.tr\/index.php\/wp-json\/wp\/v2\/types\/product"}],"wp:attachment":[{"href":"https:\/\/roveyayinevi.com.tr\/index.php\/wp-json\/wp\/v2\/media?parent=737150"}],"wp:term":[{"taxonomy":"product_brand","embeddable":true,"href":"https:\/\/roveyayinevi.com.tr\/index.php\/wp-json\/wp\/v2\/product_brand?post=737150"},{"taxonomy":"product_cat","embeddable":true,"href":"https:\/\/roveyayinevi.com.tr\/index.php\/wp-json\/wp\/v2\/product_cat?post=737150"},{"taxonomy":"product_tag","embeddable":true,"href":"https:\/\/roveyayinevi.com.tr\/index.php\/wp-json\/wp\/v2\/product_tag?post=737150"}],"curies":[{"name":"wp","href":"https:\/\/api.w.org\/{rel}","templated":true}]}}