{"id":737149,"date":"2025-08-27T23:21:59","date_gmt":"2025-08-27T20:21:59","guid":{"rendered":"https:\/\/roveyayinevi.com.tr\/index.php\/urun\/alkolu-simdi-birakin\/"},"modified":"2026-04-16T02:46:39","modified_gmt":"2026-04-15T23:46:39","slug":"alkolu-simdi-birakin","status":"publish","type":"product","link":"https:\/\/roveyayinevi.com.tr\/index.php\/urun\/alkolu-simdi-birakin\/","title":{"rendered":"Alkol\u00fc \u015eimdi B\u0131rak\u0131n"},"content":{"rendered":"<p>Allen Carr\u2019\u0131n Easy Way (Kolay Yol) y\u00f6ntemi, t\u00fcm zamanlar\u0131n en ba\u015far\u0131l\u0131 sigaray\u0131 b\u0131rakma y\u00f6ntemi olmu\u015ftur. D\u00fcnyan\u0131n d\u00f6rt bir yan\u0131ndaki milyonlarca sigara i\u00e7icisi, bu y\u00f6ntemle sigaradan tamamen kurtulmu\u015ftur. Allen Carr\u2019\u0131n Easy Way y\u00f6ntemi, tam da bize zarar veren \u015feyi arzu etmemize neden olan beyin y\u0131kamay\u0131 \u00e7\u00f6zerek i\u015fe yar\u0131yor. Bu kitapta (Alkol\u00fc \u015eimdi B\u0131rak\u0131n), Allen Carr\u2019\u0131n Kolay Yol y\u00f6ntemi, i\u00e7me problemine uygulan\u0131yor. Allen, neden i\u00e7me ihtiyac\u0131 hissetti\u011finizi a\u00e7\u0131klayarak ve sizi \u00f6zg\u00fcrle\u015ftirecek basit talimatlar\u0131 ad\u0131m ad\u0131m a\u00e7\u0131klayarak alkol tuza\u011f\u0131ndan nas\u0131l kurtulaca\u011f\u0131n\u0131z\u0131 g\u00f6steriyor. <\/p>\n","protected":false},"excerpt":{"rendered":"<p>Allen Carr\u2019\u0131n Easy Way (Kolay Yol) y\u00f6ntemi, t\u00fcm zamanlar\u0131n en ba\u015far\u0131l\u0131 sigaray\u0131 b\u0131rakma y\u00f6ntemi olmu\u015ftur. D\u00fcnyan\u0131n d\u00f6rt bir yan\u0131ndaki milyonlarca sigara i\u00e7icisi, bu y\u00f6ntemle sigaradan tamamen<span class=\"excerpt-hellip\"> [\u2026]<\/span><\/p>\n","protected":false},"featured_media":0,"template":"","meta":{"_monsterinsights_skip_tracking":false,"_monsterinsights_sitenote_active":false,"_monsterinsights_sitenote_note":"","_monsterinsights_sitenote_category":0},"product_brand":[],"product_cat":[20313,13365],"product_tag":[],"class_list":{"0":"post-737149","1":"product","2":"type-product","3":"status-publish","5":"product_cat-basvuru-kitaplari-saglik","6":"product_cat-saglik","7":"pa_cilt-ciltsiz","8":"pa_tur-kitap","9":"pa_yayinevi-butik-yayinlari","10":"pa_yazar-allen-carr","12":"first","13":"instock","14":"sale","15":"shipping-taxable","16":"purchasable","17":"product-type-simple"},"_links":{"self":[{"href":"https:\/\/roveyayinevi.com.tr\/index.php\/wp-json\/wp\/v2\/product\/737149","targetHints":{"allow":["GET"]}}],"collection":[{"href":"https:\/\/roveyayinevi.com.tr\/index.php\/wp-json\/wp\/v2\/product"}],"about":[{"href":"https:\/\/roveyayinevi.com.tr\/index.php\/wp-json\/wp\/v2\/types\/product"}],"wp:attachment":[{"href":"https:\/\/roveyayinevi.com.tr\/index.php\/wp-json\/wp\/v2\/media?parent=737149"}],"wp:term":[{"taxonomy":"product_brand","embeddable":true,"href":"https:\/\/roveyayinevi.com.tr\/index.php\/wp-json\/wp\/v2\/product_brand?post=737149"},{"taxonomy":"product_cat","embeddable":true,"href":"https:\/\/roveyayinevi.com.tr\/index.php\/wp-json\/wp\/v2\/product_cat?post=737149"},{"taxonomy":"product_tag","embeddable":true,"href":"https:\/\/roveyayinevi.com.tr\/index.php\/wp-json\/wp\/v2\/product_tag?post=737149"}],"curies":[{"name":"wp","href":"https:\/\/api.w.org\/{rel}","templated":true}]}}