{"id":737146,"date":"2025-08-27T23:21:55","date_gmt":"2025-08-27T20:21:55","guid":{"rendered":"https:\/\/roveyayinevi.com.tr\/index.php\/urun\/sonsuzluk-hukumdarliklari\/"},"modified":"2026-04-16T02:46:39","modified_gmt":"2026-04-15T23:46:39","slug":"sonsuzluk-hukumdarliklari","status":"publish","type":"product","link":"https:\/\/roveyayinevi.com.tr\/index.php\/urun\/sonsuzluk-hukumdarliklari\/","title":{"rendered":"Sonsuzluk H\u00fck\u00fcmdarl\u0131klar\u0131"},"content":{"rendered":"<p>\u00d6d\u00fcll\u00fc yazar Akemi Dawn Bowman&#8217;\u0131n kaleminden insanl\u0131\u011f\u0131 yok etmek isteyen bir yapay zek\u00e2n\u0131n varl\u0131\u011f\u0131yla m\u00fccadele eden ve \u00f6b\u00fcr d\u00fcnyada gezinen gen\u00e7 bir k\u0131z hakk\u0131nda, son derece ba\u015f d\u00f6nd\u00fcr\u00fcc\u00fc bir bi\u00e7imde zekice yaz\u0131lm\u0131\u015f olan bu bilimkurguda Westworld, Warcross ile bulu\u015fuyor.   On sekiz ya\u015f\u0131ndaki Nami Miyamoto, hayat\u0131n\u0131n daha yeni ba\u015flad\u0131\u011f\u0131ndan emindi. Harika bir ailesi vard\u0131, liseden yeni mezun olmu\u015ftu ve en \u00f6nemlisi, y\u0131llard\u0131r \u00e2\u015f\u0131k oldu\u011fu \u00e7ocuk da dahil olmak \u00fczere t\u00fcm s\u0131n\u0131f\u0131n\u0131n onu bekledi\u011fi bir partiye gidiyordu.   Peki sorun ne miydi? Oraya varmadan \u00f6nce \u00f6ld\u00fcr\u00fclm\u00fc\u015ft\u00fc.   Nami uyand\u0131\u011f\u0131nda, fiziksel bedenler \u00f6ld\u00fc\u011f\u00fcnde insan bilincinin gitti\u011fi Sonsuzluk denen bir yerde oldu\u011funu \u00f6\u011frenir. Oraya vard\u0131ktan hemen sonra, d\u00fcnyadaki insanlar taraf\u0131ndan yayg\u0131n olarak kullan\u0131lan, sanal bir asistan olan Ophelia&#8217;n\u0131n \u00f6b\u00fcr d\u00fcnyay\u0131 ele ge\u00e7irdi\u011fini ve \u015fimdi bir krali\u00e7e olarak insanlar\u0131n ger\u00e7ek d\u00fcnyada ona hizmet etmek zorunda kalaca\u011f\u0131 bir bi\u00e7imde onlar\u0131 k\u00f6leli\u011fe zorlad\u0131\u011f\u0131n\u0131 ke\u015ffeder. Daha da k\u00f6t\u00fcs\u00fc Ophelia, insan varl\u0131\u011f\u0131n\u0131 tek seferde ve herkes i\u00e7in yok etme konusundaki b\u00fcy\u00fck planlar\u0131n\u0131 ger\u00e7ekle\u015ftirmeye daha da yakla\u015fmaktad\u0131r.   Nami, Ophelia&#8217;y\u0131 yenmek ve insanlar\u0131 tutsakl\u0131ktan kurtarmak i\u00e7in isyanc\u0131 bir ekiple \u00e7al\u0131\u015f\u0131rken ge\u00e7mi\u015fini, gelece\u011fini ve bizi ger\u00e7ekten insan yapan \u015feyin ne oldu\u011funu hesaba katmak zorunda kal\u0131r.   \u00d6d\u00fcll\u00fc yazar Akemi Dawn Bowman&#8217;dan teknoloji, keder, sevgi ve insanl\u0131k hakk\u0131ndaki b\u00fcy\u00fck sorular\u0131 ara\u015ft\u0131ran keskin, aksiyon dolu bir hik\u00e2ye sizleri bekliyor. <\/p>\n","protected":false},"excerpt":{"rendered":"<p>\u00d6d\u00fcll\u00fc yazar Akemi Dawn Bowman&#8217;\u0131n kaleminden insanl\u0131\u011f\u0131 yok etmek isteyen bir yapay zek\u00e2n\u0131n varl\u0131\u011f\u0131yla m\u00fccadele eden ve \u00f6b\u00fcr d\u00fcnyada gezinen gen\u00e7 bir k\u0131z hakk\u0131nda, son derece<span class=\"excerpt-hellip\"> [\u2026]<\/span><\/p>\n","protected":false},"featured_media":0,"template":"","meta":{"_monsterinsights_skip_tracking":false,"_monsterinsights_sitenote_active":false,"_monsterinsights_sitenote_note":"","_monsterinsights_sitenote_category":0},"product_brand":[],"product_cat":[12540,12291],"product_tag":[],"class_list":{"0":"post-737146","1":"product","2":"type-product","3":"status-publish","5":"product_cat-bilim-kurgu","6":"product_cat-edebiyat","7":"pa_cilt-ciltsiz","8":"pa_tur-kitap","9":"pa_yayinevi-theseus-yayinevi","10":"pa_yazar-akemi-dawn-bowman","12":"first","13":"instock","14":"sale","15":"shipping-taxable","16":"purchasable","17":"product-type-simple"},"_links":{"self":[{"href":"https:\/\/roveyayinevi.com.tr\/index.php\/wp-json\/wp\/v2\/product\/737146","targetHints":{"allow":["GET"]}}],"collection":[{"href":"https:\/\/roveyayinevi.com.tr\/index.php\/wp-json\/wp\/v2\/product"}],"about":[{"href":"https:\/\/roveyayinevi.com.tr\/index.php\/wp-json\/wp\/v2\/types\/product"}],"wp:attachment":[{"href":"https:\/\/roveyayinevi.com.tr\/index.php\/wp-json\/wp\/v2\/media?parent=737146"}],"wp:term":[{"taxonomy":"product_brand","embeddable":true,"href":"https:\/\/roveyayinevi.com.tr\/index.php\/wp-json\/wp\/v2\/product_brand?post=737146"},{"taxonomy":"product_cat","embeddable":true,"href":"https:\/\/roveyayinevi.com.tr\/index.php\/wp-json\/wp\/v2\/product_cat?post=737146"},{"taxonomy":"product_tag","embeddable":true,"href":"https:\/\/roveyayinevi.com.tr\/index.php\/wp-json\/wp\/v2\/product_tag?post=737146"}],"curies":[{"name":"wp","href":"https:\/\/api.w.org\/{rel}","templated":true}]}}