{"id":737143,"date":"2025-08-27T23:21:52","date_gmt":"2025-08-27T20:21:52","guid":{"rendered":"https:\/\/roveyayinevi.com.tr\/index.php\/urun\/dikkatli-zeka-egitim-seti-1-kitap-4-yas\/"},"modified":"2026-04-16T02:46:38","modified_gmt":"2026-04-15T23:46:38","slug":"dikkatli-zeka-egitim-seti-1-kitap-4-yas","status":"publish","type":"product","link":"https:\/\/roveyayinevi.com.tr\/index.php\/urun\/dikkatli-zeka-egitim-seti-1-kitap-4-yas\/","title":{"rendered":"Dikkatli Zeka E\u011fitim Seti 1. Kitap (4 Ya\u015f)"},"content":{"rendered":"<p>D\u0130KKATL\u0130 ZEK\u00c2 E\u011e\u0130T\u0130M SET\u0130- 1. K\u0130TAP (4 YA\u015e) G\u00f6rsel Alg\u0131, Eksik Tamamlama, \u00d6r\u00fcnt\u00fc, Duygular, E\u015fle\u015ftirme, Mevsimler, Yar\u0131m-Tam, Kirli-Temiz, Ba\u015f\u0131nda-Sonunda, Az-\u00c7ok, Gen\u00e7-Ya\u015fl\u0131, Renk Kavram\u0131, Farkl\u0131-Ayn\u0131, El G\u00f6z Koordinasyonu, D\u00fcz-E\u011fri, Taze-Bayat Dikkatli Zek\u00e2 E\u011fitim Seti, erken d\u00f6nemde \u00e7ocuklar\u0131n dikkat s\u00fcrelerini uzatmak ve \u00e7evreleri ile olan etkile\u015fimi art\u0131rmak amac\u0131yla haz\u0131rlanm\u0131\u015ft\u0131r. Anaokulu \u00d6\u011fretmeni Ne\u015fe Duran taraf\u0131ndan, 4 ya\u015fa uygun olarak haz\u0131rlanan, Klinik Psikolog ve Oyun Terapisti Nurhan \u00dcnder taraf\u0131ndan de\u011ferlendirilen bu set, \u00fc\u00e7 kitap ve \u00fc\u00e7 seviye h\u00e2linde d\u00fczenlenmi\u015ftir. \u0130lk kitapta dikkat s\u00fcresinin art\u0131r\u0131lmas\u0131na y\u00f6nelik \u00e7al\u0131\u015fmalar vard\u0131r. \u0130kinci kitapta bunlar\u0131n yan\u0131 s\u0131ra \u00f6\u011frenme ve dikkat alan\u0131 ile ilgili \u00e7al\u0131\u015fmalara yer verilmi\u015ftir. \u00dc\u00e7\u00fcnc\u00fc kitapta ise ayn\u0131 anda bir\u00e7ok alan yer almaktad\u0131r. Bu kitaplardaki \u00e7al\u0131\u015fmalar\u0131 tamamlayan \u00e7ocu\u011fun dikkat s\u00fcresi art\u0131r\u0131lm\u0131\u015f ve alg\u0131 seviyesi y\u00fckseltilmi\u015f olacakt\u0131r. <\/p>\n","protected":false},"excerpt":{"rendered":"<p>D\u0130KKATL\u0130 ZEK\u00c2 E\u011e\u0130T\u0130M SET\u0130- 1. K\u0130TAP (4 YA\u015e) G\u00f6rsel Alg\u0131, Eksik Tamamlama, \u00d6r\u00fcnt\u00fc, Duygular, E\u015fle\u015ftirme, Mevsimler, Yar\u0131m-Tam, Kirli-Temiz, Ba\u015f\u0131nda-Sonunda, Az-\u00c7ok, Gen\u00e7-Ya\u015fl\u0131, Renk Kavram\u0131, Farkl\u0131-Ayn\u0131, El G\u00f6z<span class=\"excerpt-hellip\"> [\u2026]<\/span><\/p>\n","protected":false},"featured_media":0,"template":"","meta":{"_monsterinsights_skip_tracking":false,"_monsterinsights_sitenote_active":false,"_monsterinsights_sitenote_note":"","_monsterinsights_sitenote_category":0},"product_brand":[],"product_cat":[12274,12518],"product_tag":[],"class_list":{"0":"post-737143","1":"product","2":"type-product","3":"status-publish","5":"product_cat-cocuk-ve-genclik-kitaplari","6":"product_cat-okul-oncesi-kitaplar","7":"pa_cilt-ciltsiz","8":"pa_tur-kitap","9":"pa_yayinevi-beyaz-balina-yayinlari","10":"pa_yazar-nese-duran","12":"first","13":"instock","14":"sale","15":"shipping-taxable","16":"purchasable","17":"product-type-simple"},"_links":{"self":[{"href":"https:\/\/roveyayinevi.com.tr\/index.php\/wp-json\/wp\/v2\/product\/737143","targetHints":{"allow":["GET"]}}],"collection":[{"href":"https:\/\/roveyayinevi.com.tr\/index.php\/wp-json\/wp\/v2\/product"}],"about":[{"href":"https:\/\/roveyayinevi.com.tr\/index.php\/wp-json\/wp\/v2\/types\/product"}],"wp:attachment":[{"href":"https:\/\/roveyayinevi.com.tr\/index.php\/wp-json\/wp\/v2\/media?parent=737143"}],"wp:term":[{"taxonomy":"product_brand","embeddable":true,"href":"https:\/\/roveyayinevi.com.tr\/index.php\/wp-json\/wp\/v2\/product_brand?post=737143"},{"taxonomy":"product_cat","embeddable":true,"href":"https:\/\/roveyayinevi.com.tr\/index.php\/wp-json\/wp\/v2\/product_cat?post=737143"},{"taxonomy":"product_tag","embeddable":true,"href":"https:\/\/roveyayinevi.com.tr\/index.php\/wp-json\/wp\/v2\/product_tag?post=737143"}],"curies":[{"name":"wp","href":"https:\/\/api.w.org\/{rel}","templated":true}]}}