{"id":737142,"date":"2025-08-27T23:21:51","date_gmt":"2025-08-27T20:21:51","guid":{"rendered":"https:\/\/roveyayinevi.com.tr\/index.php\/urun\/deli-kadinlar\/"},"modified":"2026-04-16T02:46:38","modified_gmt":"2026-04-15T23:46:38","slug":"deli-kadinlar","status":"publish","type":"product","link":"https:\/\/roveyayinevi.com.tr\/index.php\/urun\/deli-kadinlar\/","title":{"rendered":"Deli Kad\u0131nlar"},"content":{"rendered":"<p>M\u00fclkiyeli \u00f6\u011fretmen Selahattin Keser, Deli Kad\u0131nlar&#8217;\u0131n deyi\u015fiyle Selocan, ikinci kitab\u0131nda gen\u00e7 kad\u0131nlar\u0131n hikayesini anlat\u0131yor.KitapKurdu Kafe&#8217;yi okul belleyen Deli Kad\u0131nlar&#8217;\u0131n y\u0131llara yay\u0131lan de\u011fi\u015fimini, hayat maceralar\u0131n\u0131 ve Selocan&#8217;la kurduklar\u0131 ili\u015fkiyi \u00f6zel bir anlat\u0131mla \u00f6yk\u00fcle\u015ftiren Keser, herkesin birbirine benzemeye ba\u015flad\u0131\u011f\u0131 bir d\u00f6nemde, 500 y\u0131l \u00f6ncesinde &#8220;Ger\u00e7ek bilgelik, deliliktir&#8221; diyerek &#8220;Delili\u011fe \u00d6vg\u00fc&#8221; adl\u0131 eserini ayzan Erasmus&#8217;u, 21.Y\u00fczy\u0131lda bir kez daha canland\u0131r\u0131yor.Selocan&#8217;\u0131n Deli Kad\u0131nlar\u0131&#8217;\u0131, belki de hepimizin ya\u015fad\u0131\u011f\u0131 ortamda, hepimiz gibi do\u011fup b\u00fcy\u00fcyen insanlar. Ama inat\u00e7\u0131lar ama hedefleri var ama g\u00f6z\u00fc karalar ama yapmak istediklerini \u00f6nlerine \u00e7\u0131kan t\u00fcrl\u00fc engellere ra\u011fmen yap\u0131yorlar.Deli Kad\u0131nlar, s\u0131radanl\u0131\u011fa, boyun e\u011fmi\u015fli\u011fe, &#8220;uslu&#8221; olmaya bir yan\u0131t ayn\u0131 zamanda.<\/p>\n","protected":false},"excerpt":{"rendered":"<p>M\u00fclkiyeli \u00f6\u011fretmen Selahattin Keser, Deli Kad\u0131nlar&#8217;\u0131n deyi\u015fiyle Selocan, ikinci kitab\u0131nda gen\u00e7 kad\u0131nlar\u0131n hikayesini anlat\u0131yor.KitapKurdu Kafe&#8217;yi okul belleyen Deli Kad\u0131nlar&#8217;\u0131n y\u0131llara yay\u0131lan de\u011fi\u015fimini, hayat maceralar\u0131n\u0131 ve Selocan&#8217;la<span class=\"excerpt-hellip\"> [\u2026]<\/span><\/p>\n","protected":false},"featured_media":0,"template":"","meta":{"_monsterinsights_skip_tracking":false,"_monsterinsights_sitenote_active":false,"_monsterinsights_sitenote_note":"","_monsterinsights_sitenote_category":0},"product_brand":[],"product_cat":[18545,12291],"product_tag":[],"class_list":{"0":"post-737142","1":"product","2":"type-product","3":"status-publish","5":"product_cat-anlati","6":"product_cat-edebiyat","7":"pa_cilt-ciltsiz","8":"pa_tur-kitap","9":"pa_yayinevi-sinirsiz-kitap","10":"pa_yazar-selahattin-keser","12":"first","13":"instock","14":"sale","15":"shipping-taxable","16":"purchasable","17":"product-type-simple"},"_links":{"self":[{"href":"https:\/\/roveyayinevi.com.tr\/index.php\/wp-json\/wp\/v2\/product\/737142","targetHints":{"allow":["GET"]}}],"collection":[{"href":"https:\/\/roveyayinevi.com.tr\/index.php\/wp-json\/wp\/v2\/product"}],"about":[{"href":"https:\/\/roveyayinevi.com.tr\/index.php\/wp-json\/wp\/v2\/types\/product"}],"wp:attachment":[{"href":"https:\/\/roveyayinevi.com.tr\/index.php\/wp-json\/wp\/v2\/media?parent=737142"}],"wp:term":[{"taxonomy":"product_brand","embeddable":true,"href":"https:\/\/roveyayinevi.com.tr\/index.php\/wp-json\/wp\/v2\/product_brand?post=737142"},{"taxonomy":"product_cat","embeddable":true,"href":"https:\/\/roveyayinevi.com.tr\/index.php\/wp-json\/wp\/v2\/product_cat?post=737142"},{"taxonomy":"product_tag","embeddable":true,"href":"https:\/\/roveyayinevi.com.tr\/index.php\/wp-json\/wp\/v2\/product_tag?post=737142"}],"curies":[{"name":"wp","href":"https:\/\/api.w.org\/{rel}","templated":true}]}}