{"id":737139,"date":"2025-08-27T23:21:48","date_gmt":"2025-08-27T20:21:48","guid":{"rendered":"https:\/\/roveyayinevi.com.tr\/index.php\/urun\/nazim-hikmet-ve-pablo-nerudanin-ispanya-ic-savasina-deginmeleri\/"},"modified":"2026-04-16T02:46:38","modified_gmt":"2026-04-15T23:46:38","slug":"nazim-hikmet-ve-pablo-nerudanin-ispanya-ic-savasina-deginmeleri","status":"publish","type":"product","link":"https:\/\/roveyayinevi.com.tr\/index.php\/urun\/nazim-hikmet-ve-pablo-nerudanin-ispanya-ic-savasina-deginmeleri\/","title":{"rendered":"Naz\u0131m Hikmet ve Pablo Neruda&#8217;n\u0131n \u0130spanya \u0130\u00e7 Sava\u015f\u0131na De\u011finmeleri"},"content":{"rendered":"<p>&#8220;Naz\u0131m Hikmet ve Pablo Neruda\u00b4n\u0131n \u0130spanya \u0130\u00e7 Sava\u015f\u0131na De\u011finmeleri&#8221; adl\u0131 bu \u00e7al\u0131\u015fmaya, esas olarak d\u00fcnyada T\u00fcrk \u015eair olarak an\u0131lan Naz\u0131m Hikmet\u00b4in de en az yak\u0131n dostu olan \u015eilili b\u00fcy\u00fck \u015fair Pablo Neruda kadar, \u0130spanya\u00b4da ya\u015fanan modern d\u00fcnya tarihini tan\u0131k oldu\u011fu en kanl\u0131 i\u00e7 sava\u015fa, \u0130spanya \u0130\u00e7 Sava\u015f\u0131na ili\u015fkin eserler kaleme ald\u0131\u011f\u0131n\u0131 ortaya koymak amac\u0131yla karar verdik.\u0130spanya \u0130\u00e7 Sava\u015f\u0131 hakk\u0131nda say\u0131s\u0131z ara\u015ft\u0131rma yap\u0131lm\u0131\u015f, bir\u00e7ok kitap yaz\u0131lm\u0131\u015ft\u0131r. Bu ara\u015ft\u0131rmalara Pablo Neruda\u00b4n\u0131n &#8220;Espana en el corazon&#8221; adl\u0131 eseri ve Neruda\u00b4n\u0131n \u0130\u00e7 Sava\u015f esnas\u0131nda yapt\u0131klar\u0131 da konu edilmi\u015ftir. Ancak Naz\u0131m Hikmet\u00b4in \u0130spanya \u0130\u00e7 Sava\u015f\u0131\u00b4n\u0131 konu olan yarat\u0131lar\u0131na ili\u015fkin herhangi bir \u00e7al\u0131\u015fma yap\u0131lmam\u0131\u015ft\u0131r. Bu \u00e7al\u0131\u015fmada amac\u0131m\u0131z bu eksikli\u011fi gidermek ve Naz\u0131m Hikmet\u00b4in de yak\u0131n dostu Pablo Neruda kadar \u0130\u00e7 Sava\u015fa ili\u015fkin yarat\u0131lar ortaya koydu\u011funu belgelendirmektir.  <\/p>\n","protected":false},"excerpt":{"rendered":"<p>&#8220;Naz\u0131m Hikmet ve Pablo Neruda\u00b4n\u0131n \u0130spanya \u0130\u00e7 Sava\u015f\u0131na De\u011finmeleri&#8221; adl\u0131 bu \u00e7al\u0131\u015fmaya, esas olarak d\u00fcnyada T\u00fcrk \u015eair olarak an\u0131lan Naz\u0131m Hikmet\u00b4in de en az yak\u0131n dostu<span class=\"excerpt-hellip\"> [\u2026]<\/span><\/p>\n","protected":false},"featured_media":0,"template":"","meta":{"_monsterinsights_skip_tracking":false,"_monsterinsights_sitenote_active":false,"_monsterinsights_sitenote_note":"","_monsterinsights_sitenote_category":0},"product_brand":[],"product_cat":[12370,12304],"product_tag":[],"class_list":{"0":"post-737139","1":"product","2":"type-product","3":"status-publish","5":"product_cat-arastirma-inceleme","6":"product_cat-tarih","7":"pa_cilt-ciltsiz","8":"pa_tur-kitap","9":"pa_yayinevi-sinirsiz-kitap","10":"pa_yazar-tahsin-aydogdu","12":"first","13":"instock","14":"sale","15":"shipping-taxable","16":"purchasable","17":"product-type-simple"},"_links":{"self":[{"href":"https:\/\/roveyayinevi.com.tr\/index.php\/wp-json\/wp\/v2\/product\/737139","targetHints":{"allow":["GET"]}}],"collection":[{"href":"https:\/\/roveyayinevi.com.tr\/index.php\/wp-json\/wp\/v2\/product"}],"about":[{"href":"https:\/\/roveyayinevi.com.tr\/index.php\/wp-json\/wp\/v2\/types\/product"}],"wp:attachment":[{"href":"https:\/\/roveyayinevi.com.tr\/index.php\/wp-json\/wp\/v2\/media?parent=737139"}],"wp:term":[{"taxonomy":"product_brand","embeddable":true,"href":"https:\/\/roveyayinevi.com.tr\/index.php\/wp-json\/wp\/v2\/product_brand?post=737139"},{"taxonomy":"product_cat","embeddable":true,"href":"https:\/\/roveyayinevi.com.tr\/index.php\/wp-json\/wp\/v2\/product_cat?post=737139"},{"taxonomy":"product_tag","embeddable":true,"href":"https:\/\/roveyayinevi.com.tr\/index.php\/wp-json\/wp\/v2\/product_tag?post=737139"}],"curies":[{"name":"wp","href":"https:\/\/api.w.org\/{rel}","templated":true}]}}