{"id":737138,"date":"2025-08-27T23:21:47","date_gmt":"2025-08-27T20:21:47","guid":{"rendered":"https:\/\/roveyayinevi.com.tr\/index.php\/urun\/aile-ici-iliskiler\/"},"modified":"2026-04-16T02:46:38","modified_gmt":"2026-04-15T23:46:38","slug":"aile-ici-iliskiler","status":"publish","type":"product","link":"https:\/\/roveyayinevi.com.tr\/index.php\/urun\/aile-ici-iliskiler\/","title":{"rendered":"Aile \u0130\u00e7i \u0130li\u015fkiler"},"content":{"rendered":"<p>\u00c7ocuklar daha do\u011far do\u011fmaz, geli\u015fimleri i\u00e7in \u00e7ok \u00f6nemli olan ili\u015fki a\u011flar\u0131n\u0131 olu\u015ftururlar. B\u00fcy\u00fck oranda, ilk y\u0131llar\u0131nda, korunma ve beslenme i\u00e7in bir ya da daha fazla bak\u0131c\u0131ya ba\u011f\u0131ml\u0131 kal\u0131rlar. Daha da \u00f6nemlisi, \u00e7ocuklar\u0131n duygusal ve bili\u015fsel geli\u015fim s\u00fcreci, i\u00e7inde bulunduklar\u0131 ili\u015fki a\u011flar\u0131ndan olduk\u00e7a etkilenir. \u00b4\u00b4A\u011f\u00b4\u00b4 kelimesi ile de vurgulanmak istendi\u011fi \u00fczere, bu ili\u015fkiler ayn\u0131 zamanda kar\u015f\u0131l\u0131kl\u0131 olarak birbirlerini de etkiler. Bu tip etkiler, \u00e7ocu\u011fun ili\u015fkilerine ve dolay\u0131s\u0131yla \u00e7ocu\u011fun geli\u015fen ki\u015fili\u011fine de yans\u0131yabilir. Ki\u015filik \u00fczerindeki etkiler, yeti\u015fkinli\u011fe kadar devam edebilece\u011fi i\u00e7in, ya\u015fanan ilk ili\u015fkiler, anne ve babalar\u0131n ebeveynlik tarzlar\u0131n\u0131 da etkileyebilir. B\u00f6ylesi bir durum, dolay\u0131s\u0131yla gelecek nesillerin ki\u015filik geli\u015fimlerini de etkileyebilir.Kitab\u0131n genel temas\u0131, bu konu \u00fczerinedir. G\u00fcn\u00fcm\u00fczde, kendi k\u00fclt\u00fcr\u00fcm\u00fczdeki \u00e7o\u011fu \u00e7ocu\u011fun aile tipi bir yap\u0131lanma i\u00e7erisinde b\u00fcy\u00fcmekte olduklar\u0131n\u0131 kabul edersek, ya\u015fanan ili\u015fkilerin, aile i\u00e7erisindeki ili\u015fkileri nas\u0131l etkiledi\u011fi ve \u00e7ocuklar ad\u0131na nas\u0131l sonu\u00e7lar ortaya \u00e7\u0131kt\u0131\u011f\u0131n\u0131 sorgulamak istiyoruz. <\/p>\n","protected":false},"excerpt":{"rendered":"<p>\u00c7ocuklar daha do\u011far do\u011fmaz, geli\u015fimleri i\u00e7in \u00e7ok \u00f6nemli olan ili\u015fki a\u011flar\u0131n\u0131 olu\u015ftururlar. B\u00fcy\u00fck oranda, ilk y\u0131llar\u0131nda, korunma ve beslenme i\u00e7in bir ya da daha fazla bak\u0131c\u0131ya<span class=\"excerpt-hellip\"> [\u2026]<\/span><\/p>\n","protected":false},"featured_media":0,"template":"","meta":{"_monsterinsights_skip_tracking":false,"_monsterinsights_sitenote_active":false,"_monsterinsights_sitenote_note":"","_monsterinsights_sitenote_category":0},"product_brand":[],"product_cat":[26396,13488],"product_tag":[],"class_list":{"0":"post-737138","1":"product","2":"type-product","3":"status-publish","5":"product_cat-kadin-erkek-iliskileri","6":"product_cat-toplum-ve-insan","7":"pa_cilt-ciltsiz","8":"pa_tur-kitap","9":"pa_yayinevi-sinirsiz-kitap","10":"pa_yazar-robert-a-hinde-joan-stevenson-hinde","12":"first","13":"instock","14":"sale","15":"shipping-taxable","16":"purchasable","17":"product-type-simple"},"_links":{"self":[{"href":"https:\/\/roveyayinevi.com.tr\/index.php\/wp-json\/wp\/v2\/product\/737138","targetHints":{"allow":["GET"]}}],"collection":[{"href":"https:\/\/roveyayinevi.com.tr\/index.php\/wp-json\/wp\/v2\/product"}],"about":[{"href":"https:\/\/roveyayinevi.com.tr\/index.php\/wp-json\/wp\/v2\/types\/product"}],"wp:attachment":[{"href":"https:\/\/roveyayinevi.com.tr\/index.php\/wp-json\/wp\/v2\/media?parent=737138"}],"wp:term":[{"taxonomy":"product_brand","embeddable":true,"href":"https:\/\/roveyayinevi.com.tr\/index.php\/wp-json\/wp\/v2\/product_brand?post=737138"},{"taxonomy":"product_cat","embeddable":true,"href":"https:\/\/roveyayinevi.com.tr\/index.php\/wp-json\/wp\/v2\/product_cat?post=737138"},{"taxonomy":"product_tag","embeddable":true,"href":"https:\/\/roveyayinevi.com.tr\/index.php\/wp-json\/wp\/v2\/product_tag?post=737138"}],"curies":[{"name":"wp","href":"https:\/\/api.w.org\/{rel}","templated":true}]}}