{"id":737136,"date":"2025-08-27T23:21:44","date_gmt":"2025-08-27T20:21:44","guid":{"rendered":"https:\/\/roveyayinevi.com.tr\/index.php\/urun\/gumus-kapisinda-asma-kilit-dersim\/"},"modified":"2026-04-16T02:46:38","modified_gmt":"2026-04-15T23:46:38","slug":"gumus-kapisinda-asma-kilit-dersim","status":"publish","type":"product","link":"https:\/\/roveyayinevi.com.tr\/index.php\/urun\/gumus-kapisinda-asma-kilit-dersim\/","title":{"rendered":"G\u00fcm\u00fc\u015f Kap\u0131s\u0131nda Asma Kilit Dersim"},"content":{"rendered":"<p>Her a\u011fac\u0131n bir ad\u0131 bir \u00f6yk\u00fcs\u00fc vard\u0131. Her kaya, her y\u00fckselen da\u011f, akan nehir hik\u00e2yesinden ald\u0131. Ad\u0131 olmayan bir ku\u015f, hik\u00e2yesi olmayan bir y\u0131lan, \u00e7\u0131yan yok. Her \u00e7ocu\u011fa konan ad\u0131n bir hik\u00e2yesi, her ergen k\u0131z\u0131n yaz\u0131lmam\u0131\u015f, yaz\u0131lmay\u0131 bekleyen bir sevdas\u0131 var. \u015eifal\u0131 otlar\u0131n bir hik\u00e2yesi var, rengin renk a\u00e7an \u00e7i\u00e7eklere yaz\u0131lm\u0131\u015f t\u00fcrk\u00fcleri var. \u00c7ocuk ya\u015fta gelinlerin ya\u015fad\u0131\u011f\u0131n\u0131n bir ad\u0131 var. Yollara d\u00fc\u015fm\u00fc\u015f gidenlere yaz\u0131lm\u0131\u015f, yol \u00f6yk\u00fcleri; o \u00f6yk\u00fclerde hasretin ve h\u00fczn\u00fcn bir ad\u0131 var. Da\u011flar\u0131n ye\u015filine, mor yaln\u0131zl\u0131\u011f\u0131na yaz\u0131lm\u0131\u015f masallar&#8230; Dilden dile dola\u015fan a\u015fk ve sevda t\u00fcrk\u00fcleri susarsa, susar hayat. Hayat ya\u015fanm\u0131\u015f hik\u00e2yelerimizle anlaml\u0131, hik\u00e2yelerimizle s\u0131cak.     <\/p>\n","protected":false},"excerpt":{"rendered":"<p>Her a\u011fac\u0131n bir ad\u0131 bir \u00f6yk\u00fcs\u00fc vard\u0131. Her kaya, her y\u00fckselen da\u011f, akan nehir hik\u00e2yesinden ald\u0131. Ad\u0131 olmayan bir ku\u015f, hik\u00e2yesi olmayan bir y\u0131lan, \u00e7\u0131yan yok.<span class=\"excerpt-hellip\"> [\u2026]<\/span><\/p>\n","protected":false},"featured_media":0,"template":"","meta":{"_monsterinsights_skip_tracking":false,"_monsterinsights_sitenote_active":false,"_monsterinsights_sitenote_note":"","_monsterinsights_sitenote_category":0},"product_brand":[],"product_cat":[12291,12711],"product_tag":[],"class_list":{"0":"post-737136","1":"product","2":"type-product","3":"status-publish","5":"product_cat-edebiyat","6":"product_cat-roman-oyku","7":"pa_cilt-ciltsiz","8":"pa_tur-kitap","9":"pa_yayinevi-sinirsiz-kitap","10":"pa_yazar-hasan-kaya","12":"first","13":"instock","14":"sale","15":"shipping-taxable","16":"purchasable","17":"product-type-simple"},"_links":{"self":[{"href":"https:\/\/roveyayinevi.com.tr\/index.php\/wp-json\/wp\/v2\/product\/737136","targetHints":{"allow":["GET"]}}],"collection":[{"href":"https:\/\/roveyayinevi.com.tr\/index.php\/wp-json\/wp\/v2\/product"}],"about":[{"href":"https:\/\/roveyayinevi.com.tr\/index.php\/wp-json\/wp\/v2\/types\/product"}],"wp:attachment":[{"href":"https:\/\/roveyayinevi.com.tr\/index.php\/wp-json\/wp\/v2\/media?parent=737136"}],"wp:term":[{"taxonomy":"product_brand","embeddable":true,"href":"https:\/\/roveyayinevi.com.tr\/index.php\/wp-json\/wp\/v2\/product_brand?post=737136"},{"taxonomy":"product_cat","embeddable":true,"href":"https:\/\/roveyayinevi.com.tr\/index.php\/wp-json\/wp\/v2\/product_cat?post=737136"},{"taxonomy":"product_tag","embeddable":true,"href":"https:\/\/roveyayinevi.com.tr\/index.php\/wp-json\/wp\/v2\/product_tag?post=737136"}],"curies":[{"name":"wp","href":"https:\/\/api.w.org\/{rel}","templated":true}]}}