{"id":737135,"date":"2025-08-27T23:21:43","date_gmt":"2025-08-27T20:21:43","guid":{"rendered":"https:\/\/roveyayinevi.com.tr\/index.php\/urun\/bir-avuc-cennet-maxmur\/"},"modified":"2026-04-16T02:46:38","modified_gmt":"2026-04-15T23:46:38","slug":"bir-avuc-cennet-maxmur","status":"publish","type":"product","link":"https:\/\/roveyayinevi.com.tr\/index.php\/urun\/bir-avuc-cennet-maxmur\/","title":{"rendered":"Bir Avu\u00e7 Cennet &#8211; Maxmur"},"content":{"rendered":"<p>Bu dram\u0131 ya\u015famak ve yazmak gerekiyordu. Onlar\u0131n durumunu daha iyi anlamak, hissetmek, onlar\u0131n ac\u0131s\u0131n\u0131 payla\u015fmak, ac\u0131lar\u0131n\u0131 bir nebze de olsa azaltacakt\u0131. Ya\u015famak kolay olmad\u0131\u011f\u0131 gibi yazmak da kolay de\u011fildi. Sevin\u00e7ler belki payla\u015f\u0131l\u0131r ve yaz\u0131l\u0131rd\u0131 ama kederi, dram\u0131, \u00f6l\u00fcm\u00fc, k\u0131y\u0131m\u0131 yazmak kolay de\u011fildi. Yani ac\u0131lara ancak ya\u015farsa anlam verebilirdi insan. Ger\u00e7e\u011fe o an yak\u0131ns\u0131n, sen de o ac\u0131y\u0131 hissediyorsun, senin de ba\u015f\u0131na gelebilir demekti. Ve ger\u00e7ek ya\u015fad\u0131\u011f\u0131n anda sana kendini g\u00f6sterir ve hissettirirdi. Sava\u015fla ba\u015flayan Maxmur\u2019un \u00e7ilesi bug\u00fcn halen devam ediyor. 21. y\u00fczy\u0131lda insanlar\u0131 uzaya ta\u015f\u0131yan uygarl\u0131k, Maxmur ve onun gibi d\u00fcnyada var olan binlerce m\u00fclteci kamp\u0131n\u0131 a\u00e7l\u0131k, yoksulluk ve kimliksizlikle ba\u015f ba\u015fa b\u0131rak\u0131yordu. <\/p>\n","protected":false},"excerpt":{"rendered":"<p>Bu dram\u0131 ya\u015famak ve yazmak gerekiyordu. Onlar\u0131n durumunu daha iyi anlamak, hissetmek, onlar\u0131n ac\u0131s\u0131n\u0131 payla\u015fmak, ac\u0131lar\u0131n\u0131 bir nebze de olsa azaltacakt\u0131. Ya\u015famak kolay olmad\u0131\u011f\u0131 gibi yazmak<span class=\"excerpt-hellip\"> [\u2026]<\/span><\/p>\n","protected":false},"featured_media":0,"template":"","meta":{"_monsterinsights_skip_tracking":false,"_monsterinsights_sitenote_active":false,"_monsterinsights_sitenote_note":"","_monsterinsights_sitenote_category":0},"product_brand":[],"product_cat":[13701,12291],"product_tag":[],"class_list":{"0":"post-737135","1":"product","2":"type-product","3":"status-publish","5":"product_cat-ani-mektup-gunluk","6":"product_cat-edebiyat","7":"pa_cilt-ciltsiz","8":"pa_tur-kitap","9":"pa_yayinevi-sinirsiz-kitap","10":"pa_yazar-dilsah-serzad","12":"first","13":"instock","14":"sale","15":"shipping-taxable","16":"purchasable","17":"product-type-simple"},"_links":{"self":[{"href":"https:\/\/roveyayinevi.com.tr\/index.php\/wp-json\/wp\/v2\/product\/737135","targetHints":{"allow":["GET"]}}],"collection":[{"href":"https:\/\/roveyayinevi.com.tr\/index.php\/wp-json\/wp\/v2\/product"}],"about":[{"href":"https:\/\/roveyayinevi.com.tr\/index.php\/wp-json\/wp\/v2\/types\/product"}],"wp:attachment":[{"href":"https:\/\/roveyayinevi.com.tr\/index.php\/wp-json\/wp\/v2\/media?parent=737135"}],"wp:term":[{"taxonomy":"product_brand","embeddable":true,"href":"https:\/\/roveyayinevi.com.tr\/index.php\/wp-json\/wp\/v2\/product_brand?post=737135"},{"taxonomy":"product_cat","embeddable":true,"href":"https:\/\/roveyayinevi.com.tr\/index.php\/wp-json\/wp\/v2\/product_cat?post=737135"},{"taxonomy":"product_tag","embeddable":true,"href":"https:\/\/roveyayinevi.com.tr\/index.php\/wp-json\/wp\/v2\/product_tag?post=737135"}],"curies":[{"name":"wp","href":"https:\/\/api.w.org\/{rel}","templated":true}]}}