{"id":737133,"date":"2025-08-27T23:21:41","date_gmt":"2025-08-27T20:21:41","guid":{"rendered":"https:\/\/roveyayinevi.com.tr\/index.php\/urun\/kurtlere-dair-notlar\/"},"modified":"2026-04-16T02:46:38","modified_gmt":"2026-04-15T23:46:38","slug":"kurtlere-dair-notlar","status":"publish","type":"product","link":"https:\/\/roveyayinevi.com.tr\/index.php\/urun\/kurtlere-dair-notlar\/","title":{"rendered":"K\u00fcrtlere Dair Notlar"},"content":{"rendered":"<p>Tarihsel bilincin olu\u015fmas\u0131; tarihsel haf\u0131za, ruhsal yap\u0131 ve sosyolojik bi\u00e7imlenmenin \u00fcr\u00fcn\u00fc olsa da olup bitenleri aktaranlar\u0131n da bu bilincin olu\u015fmas\u0131nda katk\u0131lar\u0131 yok say\u0131lamaz.Onun i\u00e7in, tarih yaz\u0131c\u0131lar\u0131 ve ayd\u0131nlar \u00f6ncelikle \u00fczerine konu\u015ftu\u011fu ve nesne edindi\u011fi k\u00fclt\u00fcrlerin yap\u0131s\u0131n\u0131, \u00b4\u00b4anlamak\u00b4\u00b4 zorundad\u0131r. \u00c7\u00fcnk\u00fc tarih\u00e7i nesnesini tan\u0131madan onu t\u00fcketemez. Tarih yaz\u0131c\u0131s\u0131 nesnesini t\u00fcketirken de de\u011fer yarg\u0131lar\u0131na ba\u015fvurmadan ve kar\u015f\u0131la\u015ft\u0131rmalar yaparak k\u00fclt\u00fcrleri anlamaya \u00e7al\u0131\u015fmal\u0131d\u0131r.Say\u0131n Mustafa G\u00fcne\u015f de kendi \u00e7a\u011f\u0131n\u0131n ayd\u0131n\u0131 olarak \u00fczerine d\u00fc\u015fenleri, i\u00e7inde ya\u015fad\u0131\u011f\u0131 topraklar\u0131 ve k\u00fclt\u00fcrleri anlay\u0131p yaz\u0131ya d\u00f6kmeye \u00e7al\u0131\u015fm\u0131\u015ft\u0131r. <\/p>\n","protected":false},"excerpt":{"rendered":"<p>Tarihsel bilincin olu\u015fmas\u0131; tarihsel haf\u0131za, ruhsal yap\u0131 ve sosyolojik bi\u00e7imlenmenin \u00fcr\u00fcn\u00fc olsa da olup bitenleri aktaranlar\u0131n da bu bilincin olu\u015fmas\u0131nda katk\u0131lar\u0131 yok say\u0131lamaz.Onun i\u00e7in, tarih yaz\u0131c\u0131lar\u0131<span class=\"excerpt-hellip\"> [\u2026]<\/span><\/p>\n","protected":false},"featured_media":0,"template":"","meta":{"_monsterinsights_skip_tracking":false,"_monsterinsights_sitenote_active":false,"_monsterinsights_sitenote_note":"","_monsterinsights_sitenote_category":0},"product_brand":[],"product_cat":[13656,12337],"product_tag":[],"class_list":{"0":"post-737133","1":"product","2":"type-product","3":"status-publish","5":"product_cat-azinliklar-etnik-sorunlar","6":"product_cat-politika-siyaset","7":"pa_cilt-ciltsiz","8":"pa_tur-kitap","9":"pa_yayinevi-sinirsiz-kitap","10":"pa_yazar-mustafa-gunes","12":"first","13":"instock","14":"sale","15":"shipping-taxable","16":"purchasable","17":"product-type-simple"},"_links":{"self":[{"href":"https:\/\/roveyayinevi.com.tr\/index.php\/wp-json\/wp\/v2\/product\/737133","targetHints":{"allow":["GET"]}}],"collection":[{"href":"https:\/\/roveyayinevi.com.tr\/index.php\/wp-json\/wp\/v2\/product"}],"about":[{"href":"https:\/\/roveyayinevi.com.tr\/index.php\/wp-json\/wp\/v2\/types\/product"}],"wp:attachment":[{"href":"https:\/\/roveyayinevi.com.tr\/index.php\/wp-json\/wp\/v2\/media?parent=737133"}],"wp:term":[{"taxonomy":"product_brand","embeddable":true,"href":"https:\/\/roveyayinevi.com.tr\/index.php\/wp-json\/wp\/v2\/product_brand?post=737133"},{"taxonomy":"product_cat","embeddable":true,"href":"https:\/\/roveyayinevi.com.tr\/index.php\/wp-json\/wp\/v2\/product_cat?post=737133"},{"taxonomy":"product_tag","embeddable":true,"href":"https:\/\/roveyayinevi.com.tr\/index.php\/wp-json\/wp\/v2\/product_tag?post=737133"}],"curies":[{"name":"wp","href":"https:\/\/api.w.org\/{rel}","templated":true}]}}