{"id":737132,"date":"2025-08-27T23:21:40","date_gmt":"2025-08-27T20:21:40","guid":{"rendered":"https:\/\/roveyayinevi.com.tr\/index.php\/urun\/tarihten-gunumuze-alevilik-ve-kizilbaslik\/"},"modified":"2026-04-16T02:46:38","modified_gmt":"2026-04-15T23:46:38","slug":"tarihten-gunumuze-alevilik-ve-kizilbaslik","status":"publish","type":"product","link":"https:\/\/roveyayinevi.com.tr\/index.php\/urun\/tarihten-gunumuze-alevilik-ve-kizilbaslik\/","title":{"rendered":"Tarihten G\u00fcn\u00fcm\u00fcze Alevilik ve K\u0131z\u0131lba\u015fl\u0131k"},"content":{"rendered":"<p>Alevili\u011fi anlamak ve tan\u0131mlamak, Alevi tarihini do\u011fru kavramaktan ve bug\u00fcne kadar yap\u0131lan yanl\u0131\u015flardan ar\u0131nd\u0131rmakla m\u00fcmk\u00fcnd\u00fcr. Alevilik \u00fczerine yap\u0131lan bu \u00e7al\u0131\u015fma, klasik \u00e7al\u0131\u015fmalardan \u00e7ok uzak ve farkl\u0131 bir tarzda Alevili\u011fi ele alarak tarih i\u00e7inde yerli yerine koymu\u015f, Alevili\u011fin ger\u00e7eklerinin g\u00f6r\u00fclmesine olanak sa\u011flam\u0131\u015ft\u0131r. Yazar, i\u00e7inden geldi\u011fi toplumun inan\u00e7lar\u0131n\u0131, ger\u00e7eklerini sorgulamakla kalm\u0131yor; kimi yanl\u0131\u015f kan\u0131lara, bilinmeyenlere de do\u011fru ve sa\u011fl\u0131kl\u0131 yan\u0131tlar ar\u0131yor. Zerd\u00fc\u015ft inanc\u0131ndan g\u00fcn\u00fcm\u00fcze, Alevilerin muhalifli\u011fine, ilericili\u011fine, laikli\u011fine, k\u00f6yl\u00fc isyanlar\u0131ndan, Baba \u0130shak`a; dedelik kurumundan, Bekta\u015filik, K\u0131z\u0131lba\u015fl\u0131k, Alevilik ve Kad\u0131n konusuna; Alevilikle ilgili yaz\u0131lmayanlar, konu\u015fulmayanlar t\u00fcm y\u00f6nleri ile tarihi i\u00e7inde yerli yerine konarak anlat\u0131l\u0131yor.<\/p>\n","protected":false},"excerpt":{"rendered":"<p>Alevili\u011fi anlamak ve tan\u0131mlamak, Alevi tarihini do\u011fru kavramaktan ve bug\u00fcne kadar yap\u0131lan yanl\u0131\u015flardan ar\u0131nd\u0131rmakla m\u00fcmk\u00fcnd\u00fcr. Alevilik \u00fczerine yap\u0131lan bu \u00e7al\u0131\u015fma, klasik \u00e7al\u0131\u015fmalardan \u00e7ok uzak ve farkl\u0131<span class=\"excerpt-hellip\"> [\u2026]<\/span><\/p>\n","protected":false},"featured_media":0,"template":"","meta":{"_monsterinsights_skip_tracking":false,"_monsterinsights_sitenote_active":false,"_monsterinsights_sitenote_note":"","_monsterinsights_sitenote_category":0},"product_brand":[],"product_cat":[16382,12718],"product_tag":[],"class_list":{"0":"post-737132","1":"product","2":"type-product","3":"status-publish","5":"product_cat-diger-inanclar","6":"product_cat-din","7":"pa_cilt-ciltsiz","8":"pa_tur-kitap","9":"pa_yayinevi-sinirsiz-kitap","10":"pa_yazar-hasan-kaya","12":"first","13":"instock","14":"sale","15":"shipping-taxable","16":"purchasable","17":"product-type-simple"},"_links":{"self":[{"href":"https:\/\/roveyayinevi.com.tr\/index.php\/wp-json\/wp\/v2\/product\/737132","targetHints":{"allow":["GET"]}}],"collection":[{"href":"https:\/\/roveyayinevi.com.tr\/index.php\/wp-json\/wp\/v2\/product"}],"about":[{"href":"https:\/\/roveyayinevi.com.tr\/index.php\/wp-json\/wp\/v2\/types\/product"}],"wp:attachment":[{"href":"https:\/\/roveyayinevi.com.tr\/index.php\/wp-json\/wp\/v2\/media?parent=737132"}],"wp:term":[{"taxonomy":"product_brand","embeddable":true,"href":"https:\/\/roveyayinevi.com.tr\/index.php\/wp-json\/wp\/v2\/product_brand?post=737132"},{"taxonomy":"product_cat","embeddable":true,"href":"https:\/\/roveyayinevi.com.tr\/index.php\/wp-json\/wp\/v2\/product_cat?post=737132"},{"taxonomy":"product_tag","embeddable":true,"href":"https:\/\/roveyayinevi.com.tr\/index.php\/wp-json\/wp\/v2\/product_tag?post=737132"}],"curies":[{"name":"wp","href":"https:\/\/api.w.org\/{rel}","templated":true}]}}