{"id":737131,"date":"2025-08-27T23:21:39","date_gmt":"2025-08-27T20:21:39","guid":{"rendered":"https:\/\/roveyayinevi.com.tr\/index.php\/urun\/balonla-bes-hafta-10\/"},"modified":"2026-04-16T02:46:38","modified_gmt":"2026-04-15T23:46:38","slug":"balonla-bes-hafta-10","status":"publish","type":"product","link":"https:\/\/roveyayinevi.com.tr\/index.php\/urun\/balonla-bes-hafta-10\/","title":{"rendered":"Balonla Be\u015f Hafta"},"content":{"rendered":"<p>Cesur ka\u015fif Doktor Samuel Fergusson, Afrika\u00b4y\u0131 balonla ge\u00e7ebilece\u011fini d\u00fc\u015f\u00fcn\u00fcyordu. Bu inan\u0131lmas\u0131 g\u00fc\u00e7 bir olayd\u0131 ama Fergusson\u00b4a g\u00f6re imkans\u0131z da de\u011fildi.Jules Verne\u00b4in ilk roman\u0131 olan bu eser, ilk kez 1863 y\u0131l\u0131nda yay\u0131nlanm\u0131\u015ft\u0131r.<\/p>\n","protected":false},"excerpt":{"rendered":"<p>Cesur ka\u015fif Doktor Samuel Fergusson, Afrika\u00b4y\u0131 balonla ge\u00e7ebilece\u011fini d\u00fc\u015f\u00fcn\u00fcyordu. Bu inan\u0131lmas\u0131 g\u00fc\u00e7 bir olayd\u0131 ama Fergusson\u00b4a g\u00f6re imkans\u0131z da de\u011fildi.Jules Verne\u00b4in ilk roman\u0131 olan bu eser,<span class=\"excerpt-hellip\"> [\u2026]<\/span><\/p>\n","protected":false},"featured_media":0,"template":"","meta":{"_monsterinsights_skip_tracking":false,"_monsterinsights_sitenote_active":false,"_monsterinsights_sitenote_note":"","_monsterinsights_sitenote_category":0},"product_brand":[],"product_cat":[12291,13872],"product_tag":[],"class_list":{"0":"post-737131","1":"product","2":"type-product","3":"status-publish","5":"product_cat-edebiyat","6":"product_cat-klasikler","7":"pa_cilt-ciltsiz","8":"pa_tur-kitap","9":"pa_yayinevi-sinirsiz-kitap","10":"pa_yazar-jules-verne","12":"first","13":"instock","14":"sale","15":"shipping-taxable","16":"purchasable","17":"product-type-simple"},"_links":{"self":[{"href":"https:\/\/roveyayinevi.com.tr\/index.php\/wp-json\/wp\/v2\/product\/737131","targetHints":{"allow":["GET"]}}],"collection":[{"href":"https:\/\/roveyayinevi.com.tr\/index.php\/wp-json\/wp\/v2\/product"}],"about":[{"href":"https:\/\/roveyayinevi.com.tr\/index.php\/wp-json\/wp\/v2\/types\/product"}],"wp:attachment":[{"href":"https:\/\/roveyayinevi.com.tr\/index.php\/wp-json\/wp\/v2\/media?parent=737131"}],"wp:term":[{"taxonomy":"product_brand","embeddable":true,"href":"https:\/\/roveyayinevi.com.tr\/index.php\/wp-json\/wp\/v2\/product_brand?post=737131"},{"taxonomy":"product_cat","embeddable":true,"href":"https:\/\/roveyayinevi.com.tr\/index.php\/wp-json\/wp\/v2\/product_cat?post=737131"},{"taxonomy":"product_tag","embeddable":true,"href":"https:\/\/roveyayinevi.com.tr\/index.php\/wp-json\/wp\/v2\/product_tag?post=737131"}],"curies":[{"name":"wp","href":"https:\/\/api.w.org\/{rel}","templated":true}]}}