{"id":737130,"date":"2025-08-27T23:21:37","date_gmt":"2025-08-27T20:21:37","guid":{"rendered":"https:\/\/roveyayinevi.com.tr\/index.php\/urun\/karpatlar-satosu-3\/"},"modified":"2026-04-16T02:46:38","modified_gmt":"2026-04-15T23:46:38","slug":"karpatlar-satosu-3","status":"publish","type":"product","link":"https:\/\/roveyayinevi.com.tr\/index.php\/urun\/karpatlar-satosu-3\/","title":{"rendered":"Karpatlar \u015eatosu"},"content":{"rendered":"<p>Transilvanya b\u00f6lgesinde ya\u015fayan baz\u0131 k\u00f6yl\u00fcler, do\u011fa\u00fcst\u00fc varl\u0131klar taraf\u0131ndan ku\u015fat\u0131ld\u0131\u011f\u0131 d\u00fc\u015f\u00fcn\u00fclen ve bu sebepten uzak durulan \u015fatonun gizemini \u00e7\u00f6zmeye g\u00f6n\u00fcll\u00fc olur.<\/p>\n","protected":false},"excerpt":{"rendered":"<p>Transilvanya b\u00f6lgesinde ya\u015fayan baz\u0131 k\u00f6yl\u00fcler, do\u011fa\u00fcst\u00fc varl\u0131klar taraf\u0131ndan ku\u015fat\u0131ld\u0131\u011f\u0131 d\u00fc\u015f\u00fcn\u00fclen ve bu sebepten uzak durulan \u015fatonun gizemini \u00e7\u00f6zmeye g\u00f6n\u00fcll\u00fc olur.<\/p>\n","protected":false},"featured_media":0,"template":"","meta":{"_monsterinsights_skip_tracking":false,"_monsterinsights_sitenote_active":false,"_monsterinsights_sitenote_note":"","_monsterinsights_sitenote_category":0},"product_brand":[],"product_cat":[12291,12711],"product_tag":[],"class_list":{"0":"post-737130","1":"product","2":"type-product","3":"status-publish","5":"product_cat-edebiyat","6":"product_cat-roman-oyku","7":"pa_cilt-ciltsiz","8":"pa_tur-kitap","9":"pa_yayinevi-sinirsiz-kitap","10":"pa_yazar-jules-verne","12":"first","13":"instock","14":"sale","15":"shipping-taxable","16":"purchasable","17":"product-type-simple"},"_links":{"self":[{"href":"https:\/\/roveyayinevi.com.tr\/index.php\/wp-json\/wp\/v2\/product\/737130","targetHints":{"allow":["GET"]}}],"collection":[{"href":"https:\/\/roveyayinevi.com.tr\/index.php\/wp-json\/wp\/v2\/product"}],"about":[{"href":"https:\/\/roveyayinevi.com.tr\/index.php\/wp-json\/wp\/v2\/types\/product"}],"wp:attachment":[{"href":"https:\/\/roveyayinevi.com.tr\/index.php\/wp-json\/wp\/v2\/media?parent=737130"}],"wp:term":[{"taxonomy":"product_brand","embeddable":true,"href":"https:\/\/roveyayinevi.com.tr\/index.php\/wp-json\/wp\/v2\/product_brand?post=737130"},{"taxonomy":"product_cat","embeddable":true,"href":"https:\/\/roveyayinevi.com.tr\/index.php\/wp-json\/wp\/v2\/product_cat?post=737130"},{"taxonomy":"product_tag","embeddable":true,"href":"https:\/\/roveyayinevi.com.tr\/index.php\/wp-json\/wp\/v2\/product_tag?post=737130"}],"curies":[{"name":"wp","href":"https:\/\/api.w.org\/{rel}","templated":true}]}}