{"id":737129,"date":"2025-08-27T23:21:36","date_gmt":"2025-08-27T20:21:36","guid":{"rendered":"https:\/\/roveyayinevi.com.tr\/index.php\/urun\/kisiler-arasi-iletisim-2\/"},"modified":"2026-04-16T02:46:38","modified_gmt":"2026-04-15T23:46:38","slug":"kisiler-arasi-iletisim-2","status":"publish","type":"product","link":"https:\/\/roveyayinevi.com.tr\/index.php\/urun\/kisiler-arasi-iletisim-2\/","title":{"rendered":"Ki\u015filer Aras\u0131 \u0130leti\u015fim"},"content":{"rendered":"<p>Bu kitab\u0131 okuyacak olan sizlerin \u00e7o\u011fu ileti\u015fimle ilgili herhangi bir ders g\u00f6rmemi\u015f olabilir. Ancak hepiniz, ya\u015f\u0131n\u0131n kadar ileti\u015fim deneyimine sahipsiniz. Usta ve etik birer ileti\u015fimci olmak i\u00e7in, bu deneyimler iyi bir temel olabilir. Bu temel \u00fczerine kurulacak ileti\u015fim yeterli\u011fi, kesinlikle ili\u015fkilerinizi daha sa\u011fl\u0131kl\u0131, ya\u015fam\u0131n\u0131z\u0131 daha zengin ve anlaml\u0131 k\u0131lacakt\u0131r. \u00c7\u00fcnk\u00fc ya\u015famak ileti\u015fimde bulunmakt\u0131r. \u0130leti\u015fim alan\u0131nda yaz\u0131lm\u0131\u015f kitaplar\u0131n bir benzerini yazmak; gereksiz olmasa da alana fazlaca katk\u0131s\u0131n\u0131n olmayaca\u011f\u0131 a\u00e7\u0131kt\u0131r. Buna kar\u015f\u0131l\u0131k ki\u015fileraras\u0131 ileti\u015fim s\u00fcrecinin psikolojik boyutunu \u00f6ne \u00e7\u0131karacak bir kitab\u0131n daha yararl\u0131 olaca\u011f\u0131 ku\u015fkusuzdur. \u00c7\u00fcnk\u00fc bu kitap, etkile\u015fimde bulunan bireylerin neden \u00f6yle d\u00fc\u015f\u00fcnd\u00fc\u011f\u00fc, hissetti\u011fi ya da davrand\u0131\u011f\u0131; o davran\u0131\u015flar\u0131 bi\u00e7imlendiren i\u00e7sel fakt\u00f6rlerle ili\u015fkilendirerek a\u00e7\u0131klamaya \u00e7al\u0131\u015fmaktad\u0131r. <\/p>\n","protected":false},"excerpt":{"rendered":"<p>Bu kitab\u0131 okuyacak olan sizlerin \u00e7o\u011fu ileti\u015fimle ilgili herhangi bir ders g\u00f6rmemi\u015f olabilir. Ancak hepiniz, ya\u015f\u0131n\u0131n kadar ileti\u015fim deneyimine sahipsiniz. Usta ve etik birer ileti\u015fimci olmak<span class=\"excerpt-hellip\"> [\u2026]<\/span><\/p>\n","protected":false},"featured_media":0,"template":"","meta":{"_monsterinsights_skip_tracking":false,"_monsterinsights_sitenote_active":false,"_monsterinsights_sitenote_note":"","_monsterinsights_sitenote_category":0},"product_brand":[],"product_cat":[22061,13488],"product_tag":[],"class_list":{"0":"post-737129","1":"product","2":"type-product","3":"status-publish","5":"product_cat-sosyal-medya-ve-iletisim","6":"product_cat-toplum-ve-insan","7":"pa_cilt-ciltsiz","8":"pa_tur-kitap","9":"pa_yayinevi-sinirsiz-kitap","10":"pa_yazar-ruchan-gokdag","12":"first","13":"instock","14":"sale","15":"shipping-taxable","16":"purchasable","17":"product-type-simple"},"_links":{"self":[{"href":"https:\/\/roveyayinevi.com.tr\/index.php\/wp-json\/wp\/v2\/product\/737129","targetHints":{"allow":["GET"]}}],"collection":[{"href":"https:\/\/roveyayinevi.com.tr\/index.php\/wp-json\/wp\/v2\/product"}],"about":[{"href":"https:\/\/roveyayinevi.com.tr\/index.php\/wp-json\/wp\/v2\/types\/product"}],"wp:attachment":[{"href":"https:\/\/roveyayinevi.com.tr\/index.php\/wp-json\/wp\/v2\/media?parent=737129"}],"wp:term":[{"taxonomy":"product_brand","embeddable":true,"href":"https:\/\/roveyayinevi.com.tr\/index.php\/wp-json\/wp\/v2\/product_brand?post=737129"},{"taxonomy":"product_cat","embeddable":true,"href":"https:\/\/roveyayinevi.com.tr\/index.php\/wp-json\/wp\/v2\/product_cat?post=737129"},{"taxonomy":"product_tag","embeddable":true,"href":"https:\/\/roveyayinevi.com.tr\/index.php\/wp-json\/wp\/v2\/product_tag?post=737129"}],"curies":[{"name":"wp","href":"https:\/\/api.w.org\/{rel}","templated":true}]}}